{"id":826,"date":"2022-05-06T15:28:48","date_gmt":"2022-05-06T15:28:48","guid":{"rendered":"https:\/\/demo.gutenify.com\/creative-shade\/?page_id=826"},"modified":"2024-01-21T01:08:17","modified_gmt":"2024-01-20T22:08:17","slug":"faq","status":"publish","type":"page","link":"https:\/\/www.polatco.com\/tr\/sss\/","title":{"rendered":"SSS"},"content":{"rendered":"<div class=\"wp-block-group alignfull gutenify-section-8bd8d490-b7de-11ee-bb55-27e970ae1ad9 is-layout-constrained wp-container-core-group-is-layout-111b2e00 wp-block-group-is-layout-constrained\">\n<div class=\"wp-block-cover alignfull is-light gutenify-section-8bd15a80-b7de-11ee-bb55-27e970ae1ad9\" style=\"min-height:448px;aspect-ratio:unset;\"><span aria-hidden=\"true\" class=\"wp-block-cover__background has-background-dim wp-block-cover__gradient-background has-background-gradient\" style=\"background:linear-gradient(90deg,rgb(0,0,0) 52%,rgba(150,149,240,0) 96%)\"><\/span><img decoding=\"async\" class=\"wp-block-cover__image-background wp-image-4284\" alt=\"\" src=\"https:\/\/demo.gutenify.com\/gutenify-capital\/wp-content\/uploads\/sites\/97\/2022\/08\/ssw.jpg\" style=\"object-position:48% 43%\" data-object-fit=\"cover\" data-object-position=\"48% 43%\"\/><div class=\"wp-block-cover__inner-container is-layout-flow wp-block-cover-is-layout-flow\">\n<div class=\"wp-block-group alignwide gutenify-section-8bd07020-b7de-11ee-bb55-27e970ae1ad9 is-layout-constrained wp-container-core-group-is-layout-111b2e00 wp-block-group-is-layout-constrained\"><h1 class=\"has-text-align-center alignwide wp-block-post-title has-text-color has-background-color has-extra-large-font-size\">SSS<\/h1><\/div>\n<\/div><\/div>\n\n\n\n<div class=\"wp-block-group alignwide gutenify-section-8bd81140-b7de-11ee-bb55-27e970ae1ad9 is-layout-flow wp-block-group-is-layout-flow\">\n<div class=\"wp-block-gutenify-container alignwide gutenify-block-container-wrapper gutenify-container-version-2 gutenify-section-830ff96c-b1d1-45fb-a6d9-897018c0af49\"><div class=\"gutenify-container\"><div class=\"wp-block-gutenify-section-title gutenify-section-b75ef413-f4af-44e4-84f3-4bbc6d4bc8fc gutenify-section-title-version-2  has-text-align-center\"><div id=\"gutenify-section-b75ef413-f4af-44e4-84f3-4bbc6d4bc8fc\" class=\"gutenify-section-title-section\"><p style=\"color:#ce4318\"class=\"gutenify-section-title-prefix\">SSS<\/p><h2 style=\"color:#000\"class=\"gutenify-section-title-main\">S\u0131k\u00e7a Sorulan Sorular<\/h2><p style=\"color:#777\"class=\"gutenify-section-title-suffix\">Nas\u0131l \u00e7al\u0131\u015ft\u0131\u011f\u0131m\u0131z\u0131 veya bizi farkl\u0131 k\u0131lan\u0131n ne oldu\u011funu mu merak ediyorsunuz? Do\u011fru yerdesiniz! S\u0131k sorulan sorulara h\u0131zl\u0131 yan\u0131tlar bulmak i\u00e7in S\u0131k Sorulan Sorular\u0131m\u0131z\u0131 ke\u015ffedin. Daha fazla bilgiye ihtiyac\u0131n\u0131z varsa veya akl\u0131n\u0131zda belirli bir soru varsa, ekibimiz sadece bir mesaj uza\u011f\u0131n\u0131zda. \u0130\u015f ba\u015far\u0131s\u0131na giden yolculu\u011funuza ba\u015flayal\u0131m.<\/p><\/div><\/div>\n\n\n<div class=\"wp-block-gutenify-faqs gutenify-block-faq-wrapper gutenify-block-faq-accordion gutenify-faqs-version-2 gutenify-section-da1cf3bf-9707-4599-b6a0-a1eccd8e67fd\">\n<div class=\"wp-block-gutenify-content-toggle-item gutenify-block-content-toggle-item-wrapper gutenify-content-toggle-item-version-2 gutenify-section-8bd35650-b7de-11ee-bb55-27e970ae1ad9\"><div class=\"gutenify-content-toggle-item-wrapper gutenify-content-toggle-item-closed\"><div class=\"gutenify-content-toggle-item-header\"><h4>\u0130\u015f dan\u0131\u015fmanl\u0131\u011f\u0131 \u015firketiniz hangi hizmetleri sa\u011fl\u0131yor?<\/h4><button class=\"gutenify-content-toggle-item-handle\"><i class=\"fa fa-angle-up gutenify-angle-up\" aria-hidden=\"true\"><\/i><i class=\"fa fa-angle-down gutenify-angle-down\" aria-hidden=\"true\"><\/i><\/button><\/div><div class=\"gutenify-content-toggle-item-content\"> \n<p class=\"gutenify-section-8bd29300-b7de-11ee-bb55-27e970ae1ad9\">Stratejik planlama, s\u00fcre\u00e7 optimizasyonu, finansal analiz ve pazar ara\u015ft\u0131rmas\u0131 dahil olmak \u00fczere bir dizi i\u015f dan\u0131\u015fmanl\u0131\u011f\u0131 hizmeti sunuyoruz. Amac\u0131m\u0131z, \u00f6zel \u00e7\u00f6z\u00fcmler arac\u0131l\u0131\u011f\u0131yla i\u015fletmelerin hedeflerine ula\u015fmalar\u0131na yard\u0131mc\u0131 olmakt\u0131r.<\/p>\n<\/div><\/div><\/div>\n\n\n\n<div class=\"wp-block-gutenify-content-toggle-item gutenify-block-content-toggle-item-wrapper gutenify-content-toggle-item-version-2 gutenify-section-8bd4dcf0-b7de-11ee-bb55-27e970ae1ad9\"><div class=\"gutenify-content-toggle-item-wrapper gutenify-content-toggle-item-closed\"><div class=\"gutenify-content-toggle-item-header\"><h4>Dan\u0131\u015fmanl\u0131\u011f\u0131n\u0131zla \u00e7al\u0131\u015f\u0131rken tipik s\u00fcre\u00e7 nedir?<\/h4><button class=\"gutenify-content-toggle-item-handle\"><i class=\"fa fa-angle-up gutenify-angle-up\" aria-hidden=\"true\"><\/i><i class=\"fa fa-angle-down gutenify-angle-down\" aria-hidden=\"true\"><\/i><\/button><\/div><div class=\"gutenify-content-toggle-item-content\"> \n<p class=\"gutenify-section-8bd419a0-b7de-11ee-bb55-27e970ae1ad9\">S\u00fcrecimiz tipik olarak bir ilk dan\u0131\u015fmanl\u0131k, i\u015f ihtiya\u00e7lar\u0131n\u0131z\u0131n kapsaml\u0131 analizi, \u00f6zelle\u015ftirilmi\u015f bir plan\u0131n geli\u015ftirilmesi ve s\u00fcrekli deste\u011fi i\u00e7erir. Etkili uygulama ve s\u00fcrd\u00fcr\u00fclebilir sonu\u00e7lar sa\u011flamak i\u00e7in kan\u0131tlanm\u0131\u015f metodolojiler kullan\u0131yoruz.<\/p>\n<\/div><\/div><\/div>\n\n\n\n<div class=\"wp-block-gutenify-content-toggle-item gutenify-block-content-toggle-item-wrapper gutenify-content-toggle-item-version-2 gutenify-section-8bd63c80-b7de-11ee-bb55-27e970ae1ad9\"><div class=\"gutenify-content-toggle-item-wrapper gutenify-content-toggle-item-closed\"><div class=\"gutenify-content-toggle-item-header\"><h4>Birlikte \u00e7al\u0131\u015ft\u0131\u011f\u0131n\u0131z ba\u015far\u0131l\u0131 projelerden veya m\u00fc\u015fterilerden \u00f6rnekler verebilir misiniz?<\/h4><button class=\"gutenify-content-toggle-item-handle\"><i class=\"fa fa-angle-up gutenify-angle-up\" aria-hidden=\"true\"><\/i><i class=\"fa fa-angle-down gutenify-angle-down\" aria-hidden=\"true\"><\/i><\/button><\/div><div class=\"gutenify-content-toggle-item-content\"> \n<p class=\"gutenify-section-8bd5a040-b7de-11ee-bb55-27e970ae1ad9\">Ekibimiz, \u00e7e\u015fitli sekt\u00f6rlerde ba\u015far\u0131l\u0131 bir ge\u00e7mi\u015fe sahip olarak i\u015f dan\u0131\u015fmanl\u0131\u011f\u0131 alan\u0131nda geni\u015f deneyime sahiptir. \u00c7al\u0131\u015fmalar\u0131m\u0131zdan \u00f6rnekler ve m\u00fc\u015fteri referanslar\u0131 i\u00e7in vaka \u00e7al\u0131\u015fmalar\u0131m\u0131za g\u00f6z at\u0131n.<\/p>\n<\/div><\/div><\/div>\n\n\n\n<div class=\"wp-block-gutenify-content-toggle-item gutenify-block-content-toggle-item-wrapper gutenify-content-toggle-item-version-2 gutenify-section-18e9c6f6-a4a9-4a05-80c9-a657f4755fcc\"><div class=\"gutenify-content-toggle-item-wrapper gutenify-content-toggle-item-closed\"><div class=\"gutenify-content-toggle-item-header\"><h4>Hizmetlerinizin maliyetini nas\u0131l belirliyorsunuz?<\/h4><button class=\"gutenify-content-toggle-item-handle\"><i class=\"fa fa-angle-up gutenify-angle-up\" aria-hidden=\"true\"><\/i><i class=\"fa fa-angle-down gutenify-angle-down\" aria-hidden=\"true\"><\/i><\/button><\/div><div class=\"gutenify-content-toggle-item-content\"> \n<p class=\"gutenify-section-8bd6ffd0-b7de-11ee-bb55-27e970ae1ad9\">Fiyatland\u0131rmam\u0131z projenin karma\u015f\u0131kl\u0131\u011f\u0131na ve kapsam\u0131na g\u00f6re belirlenir. \u015eeffaf fiyatland\u0131rma modelleri sunuyoruz ve ekibimiz \u00f6zel gereksinimlerinizi anlad\u0131ktan sonra ayr\u0131nt\u0131l\u0131 teklifler sunabilir.<\/p>\n<\/div><\/div><\/div>\n\n\n\n<div class=\"wp-block-gutenify-content-toggle-item gutenify-block-content-toggle-item-wrapper gutenify-content-toggle-item-version-2 gutenify-section-2185f040-b7df-11ee-bb55-27e970ae1ad9\"><div class=\"gutenify-content-toggle-item-wrapper gutenify-content-toggle-item-closed\"><div class=\"gutenify-content-toggle-item-header\"><h4>Dan\u0131\u015fmanl\u0131k hizmetlerinizin sonu\u00e7lar\u0131n\u0131 g\u00f6rmek genellikle ne kadar zaman al\u0131yor?<\/h4><button class=\"gutenify-content-toggle-item-handle\"><i class=\"fa fa-angle-up gutenify-angle-up\" aria-hidden=\"true\"><\/i><i class=\"fa fa-angle-down gutenify-angle-down\" aria-hidden=\"true\"><\/i><\/button><\/div><div class=\"gutenify-content-toggle-item-content\"> \n<p class=\"gutenify-section-2181d190-b7df-11ee-bb55-27e970ae1ad9\">Sonu\u00e7lar i\u00e7in zaman \u00e7izelgesi projenin niteli\u011fine ba\u011fl\u0131 olarak de\u011fi\u015fir. Kaliteden \u00f6d\u00fcn vermeden verimlilik i\u00e7in \u00e7abal\u0131yoruz ve m\u00fc\u015fterilerimiz genellikle ilk birka\u00e7 ay i\u00e7inde olumlu sonu\u00e7lar g\u00f6r\u00fcyorlar.<\/p>\n<\/div><\/div><\/div>\n\n\n\n<div class=\"wp-block-gutenify-content-toggle-item gutenify-block-content-toggle-item-wrapper gutenify-content-toggle-item-version-2 gutenify-section-47678260-b7df-11ee-bb55-27e970ae1ad9\"><div class=\"gutenify-content-toggle-item-wrapper gutenify-content-toggle-item-closed\"><div class=\"gutenify-content-toggle-item-header\"><h4>Dan\u0131\u015fmanl\u0131k s\u00fcreci boyunca m\u00fc\u015fterilerle nas\u0131l i\u015fbirli\u011fi yap\u0131yorsunuz?<\/h4><button class=\"gutenify-content-toggle-item-handle\"><i class=\"fa fa-angle-up gutenify-angle-up\" aria-hidden=\"true\"><\/i><i class=\"fa fa-angle-down gutenify-angle-down\" aria-hidden=\"true\"><\/i><\/button><\/div><div class=\"gutenify-content-toggle-item-content\"> \n<p class=\"gutenify-section-47644e10-b7df-11ee-bb55-27e970ae1ad9\">A\u00e7\u0131k ileti\u015fime ve i\u015fbirli\u011fine de\u011fer veriyoruz. Dan\u0131\u015fmanl\u0131k s\u00fcreci boyunca m\u00fc\u015fterilerimizle d\u00fczenli ileti\u015fim kuruyor, g\u00fcncellemeler sa\u011fl\u0131yor, endi\u015feleri ele al\u0131yor ve kar\u015f\u0131l\u0131kl\u0131 ba\u015far\u0131y\u0131 sa\u011flamak i\u00e7in geri bildirimleri dahil ediyoruz.<\/p>\n<\/div><\/div><\/div>\n\n\n\n<div class=\"wp-block-gutenify-content-toggle-item gutenify-block-content-toggle-item-wrapper gutenify-content-toggle-item-version-2 gutenify-section-6851b7c0-b7df-11ee-bb55-27e970ae1ad9\"><div class=\"gutenify-content-toggle-item-wrapper gutenify-content-toggle-item-closed\"><div class=\"gutenify-content-toggle-item-header\"><h4>Belirli sekt\u00f6rlerde mi uzmanla\u015f\u0131yorsunuz yoksa \u00e7e\u015fitli sekt\u00f6rlerden i\u015fletmelerle mi \u00e7al\u0131\u015f\u0131yorsunuz? Hizmetlerinizi farkl\u0131 sekt\u00f6rlerin benzersiz ihtiya\u00e7lar\u0131n\u0131 kar\u015f\u0131layacak \u015fekilde nas\u0131l uyarl\u0131yorsunuz?<\/h4><button class=\"gutenify-content-toggle-item-handle\"><i class=\"fa fa-angle-up gutenify-angle-up\" aria-hidden=\"true\"><\/i><i class=\"fa fa-angle-down gutenify-angle-down\" aria-hidden=\"true\"><\/i><\/button><\/div><div class=\"gutenify-content-toggle-item-content\"> \n<p class=\"gutenify-section-684eaa80-b7df-11ee-bb55-27e970ae1ad9\">\u00c7e\u015fitli sekt\u00f6rlerde deneyime sahip olmakla birlikte, yakla\u015f\u0131m\u0131m\u0131z farkl\u0131 sekt\u00f6rlere uyarlanabilir. Her sekt\u00f6r\u00fcn kendine \u00f6zg\u00fc zorluklar\u0131n\u0131 ve f\u0131rsatlar\u0131n\u0131 anlamak i\u00e7in zaman ay\u0131r\u0131yor ve hizmetlerimizi buna g\u00f6re uyarl\u0131yoruz.<\/p>\n<\/div><\/div><\/div>\n\n\n\n<div class=\"wp-block-gutenify-content-toggle-item gutenify-block-content-toggle-item-wrapper gutenify-content-toggle-item-version-2 gutenify-section-9c936740-b7df-11ee-bb55-27e970ae1ad9\"><div class=\"gutenify-content-toggle-item-wrapper gutenify-content-toggle-item-closed\"><div class=\"gutenify-content-toggle-item-header\"><h4>Gizlilik ve hassas i\u015f bilgilerini nas\u0131l ele al\u0131yorsunuz?<\/h4><button class=\"gutenify-content-toggle-item-handle\"><i class=\"fa fa-angle-up gutenify-angle-up\" aria-hidden=\"true\"><\/i><i class=\"fa fa-angle-down gutenify-angle-down\" aria-hidden=\"true\"><\/i><\/button><\/div><div class=\"gutenify-content-toggle-item-content\"> \n<p class=\"gutenify-section-9c908110-b7df-11ee-bb55-27e970ae1ad9\">M\u00fc\u015fteri gizlili\u011fini ciddiye al\u0131yoruz ve hassas bilgileri korumak i\u00e7in sa\u011flam \u00f6nlemler al\u0131yoruz. Dan\u0131\u015fmanl\u0131k hizmetlerimiz ilgili t\u00fcm yasal ve etik standartlara uygundur.<\/p>\n<\/div><\/div><\/div>\n\n\n\n<div class=\"wp-block-gutenify-content-toggle-item gutenify-block-content-toggle-item-wrapper gutenify-content-toggle-item-version-2 gutenify-section-ba878e20-b7df-11ee-bb55-27e970ae1ad9\"><div class=\"gutenify-content-toggle-item-wrapper gutenify-content-toggle-item-closed\"><div class=\"gutenify-content-toggle-item-header\"><h4>Dan\u0131\u015fmanl\u0131k hizmetleriniz i\u00e7in herhangi bir garanti veya geri \u00f6deme sunuyor musunuz?<\/h4><button class=\"gutenify-content-toggle-item-handle\"><i class=\"fa fa-angle-up gutenify-angle-up\" aria-hidden=\"true\"><\/i><i class=\"fa fa-angle-down gutenify-angle-down\" aria-hidden=\"true\"><\/i><\/button><\/div><div class=\"gutenify-content-toggle-item-content\"> \n<p class=\"gutenify-section-ba8480e0-b7df-11ee-bb55-27e970ae1ad9\">Sonu\u00e7lar de\u011fi\u015fkenlik g\u00f6sterse de, m\u00fc\u015fteri memnuniyetine ba\u011fl\u0131y\u0131z. Hizmetlerimizden memnun kalmazsan\u0131z, l\u00fctfen endi\u015felerinizi tart\u0131\u015fmak i\u00e7in bize ula\u015f\u0131n ve bir \u00e7\u00f6z\u00fcm i\u00e7in \u00e7al\u0131\u015fal\u0131m.<\/p>\n<\/div><\/div><\/div>\n\n\n\n<div class=\"wp-block-gutenify-content-toggle-item gutenify-block-content-toggle-item-wrapper gutenify-content-toggle-item-version-2 gutenify-section-fe0a1e10-b7df-11ee-bb55-27e970ae1ad9\"><div class=\"gutenify-content-toggle-item-wrapper gutenify-content-toggle-item-closed\"><div class=\"gutenify-content-toggle-item-header\"><h4>Potansiyel m\u00fc\u015fteriler dan\u0131\u015fmanl\u0131\u011f\u0131n\u0131zla nas\u0131l ileti\u015fime ge\u00e7ebilir?<\/h4><button class=\"gutenify-content-toggle-item-handle\"><i class=\"fa fa-angle-up gutenify-angle-up\" aria-hidden=\"true\"><\/i><i class=\"fa fa-angle-down gutenify-angle-down\" aria-hidden=\"true\"><\/i><\/button><\/div><div class=\"gutenify-content-toggle-item-content\"> \n<p class=\"gutenify-section-fe06e9c0-b7df-11ee-bb55-27e970ae1ad9\">Sorular\u0131n\u0131z i\u00e7in hello@polatco.com adresinden bizimle ileti\u015fime ge\u00e7ebilirsiniz. \u00d6zel ekibimiz size yard\u0131mc\u0131 olmaya ve sorular\u0131n\u0131z\u0131 yan\u0131tlamaya haz\u0131rd\u0131r.<\/p>\n<\/div><\/div><\/div>\n<\/div>\n<\/div><\/div>\n<\/div>\n<\/div>","protected":false},"excerpt":{"rendered":"","protected":false},"author":1,"featured_media":0,"parent":0,"menu_order":0,"comment_status":"closed","ping_status":"closed","template":"page-no-title","meta":{"gutenify_custom_css":"","gutenify_custom_css_data":"","footnotes":""},"class_list":["post-826","page","type-page","status-publish","hentry"],"yoast_head":"<!-- This site is optimized with the Yoast SEO Premium plugin v21.7 (Yoast SEO v23.6) - https:\/\/yoast.com\/wordpress\/plugins\/seo\/ -->\n<title>Faq - PolatCo Business Consulting<\/title>\n<meta name=\"robots\" content=\"index, follow, max-snippet:-1, max-image-preview:large, max-video-preview:-1\" \/>\n<link rel=\"canonical\" href=\"https:\/\/www.polatco.com\/tr\/sss\/\" \/>\n<meta property=\"og:locale\" content=\"tr_TR\" \/>\n<meta property=\"og:type\" content=\"article\" \/>\n<meta property=\"og:title\" content=\"Faq\" \/>\n<meta property=\"og:url\" content=\"https:\/\/www.polatco.com\/tr\/sss\/\" \/>\n<meta property=\"og:site_name\" content=\"PolatCo Business Consulting\" \/>\n<meta property=\"article:publisher\" content=\"https:\/\/www.facebook.com\/polatcosocial\" \/>\n<meta property=\"article:modified_time\" content=\"2024-01-20T22:08:17+00:00\" \/>\n<meta property=\"og:image\" content=\"https:\/\/demo.gutenify.com\/gutenify-capital\/wp-content\/uploads\/sites\/97\/2022\/08\/ssw.jpg\" \/>\n<meta name=\"twitter:card\" content=\"summary_large_image\" \/>\n<meta name=\"twitter:site\" content=\"@polatcoofficial\" \/>\n<meta name=\"twitter:label1\" content=\"Tahmini okuma s\u00fcresi\" \/>\n\t<meta name=\"twitter:data1\" content=\"3 dakika\" \/>\n<script type=\"application\/ld+json\" class=\"yoast-schema-graph\">{\"@context\":\"https:\/\/schema.org\",\"@graph\":[{\"@type\":\"WebPage\",\"@id\":\"https:\/\/www.polatco.com\/faq\/\",\"url\":\"https:\/\/www.polatco.com\/faq\/\",\"name\":\"Faq - PolatCo Business Consulting\",\"isPartOf\":{\"@id\":\"https:\/\/www.polatco.com\/#website\"},\"primaryImageOfPage\":{\"@id\":\"https:\/\/www.polatco.com\/faq\/#primaryimage\"},\"image\":{\"@id\":\"https:\/\/www.polatco.com\/faq\/#primaryimage\"},\"thumbnailUrl\":\"https:\/\/demo.gutenify.com\/gutenify-capital\/wp-content\/uploads\/sites\/97\/2022\/08\/ssw.jpg\",\"datePublished\":\"2022-05-06T15:28:48+00:00\",\"dateModified\":\"2024-01-20T22:08:17+00:00\",\"breadcrumb\":{\"@id\":\"https:\/\/www.polatco.com\/faq\/#breadcrumb\"},\"inLanguage\":\"tr\",\"potentialAction\":[{\"@type\":\"ReadAction\",\"target\":[\"https:\/\/www.polatco.com\/faq\/\"]}]},{\"@type\":\"ImageObject\",\"inLanguage\":\"tr\",\"@id\":\"https:\/\/www.polatco.com\/faq\/#primaryimage\",\"url\":\"https:\/\/demo.gutenify.com\/gutenify-capital\/wp-content\/uploads\/sites\/97\/2022\/08\/ssw.jpg\",\"contentUrl\":\"https:\/\/demo.gutenify.com\/gutenify-capital\/wp-content\/uploads\/sites\/97\/2022\/08\/ssw.jpg\"},{\"@type\":\"BreadcrumbList\",\"@id\":\"https:\/\/www.polatco.com\/faq\/#breadcrumb\",\"itemListElement\":[{\"@type\":\"ListItem\",\"position\":1,\"name\":\"Home\",\"item\":\"https:\/\/www.polatco.com\/\"},{\"@type\":\"ListItem\",\"position\":2,\"name\":\"Faq\"}]},{\"@type\":\"WebSite\",\"@id\":\"https:\/\/www.polatco.com\/#website\",\"url\":\"https:\/\/www.polatco.com\/\",\"name\":\"PolatCo Business Consulting\",\"description\":\"Specializing in business consulting, we offer comprehensive solutions in strategic management, financial analysis, and operational excellence. Join us to improve your business and gain a competitive edge\",\"publisher\":{\"@id\":\"https:\/\/www.polatco.com\/#organization\"},\"potentialAction\":[{\"@type\":\"SearchAction\",\"target\":{\"@type\":\"EntryPoint\",\"urlTemplate\":\"https:\/\/www.polatco.com\/?s={search_term_string}\"},\"query-input\":{\"@type\":\"PropertyValueSpecification\",\"valueRequired\":true,\"valueName\":\"search_term_string\"}}],\"inLanguage\":\"tr\"},{\"@type\":\"Organization\",\"@id\":\"https:\/\/www.polatco.com\/#organization\",\"name\":\"PolatCo Business Consulting\",\"url\":\"https:\/\/www.polatco.com\/\",\"logo\":{\"@type\":\"ImageObject\",\"inLanguage\":\"tr\",\"@id\":\"https:\/\/www.polatco.com\/#\/schema\/logo\/image\/\",\"url\":\"https:\/\/www.polatco.com\/wp-content\/uploads\/2024\/01\/polatco-logo-hd.png\",\"contentUrl\":\"https:\/\/www.polatco.com\/wp-content\/uploads\/2024\/01\/polatco-logo-hd.png\",\"width\":500,\"height\":500,\"caption\":\"PolatCo Business Consulting\"},\"image\":{\"@id\":\"https:\/\/www.polatco.com\/#\/schema\/logo\/image\/\"},\"sameAs\":[\"https:\/\/www.facebook.com\/polatcosocial\",\"https:\/\/x.com\/polatcoofficial\"]}]}<\/script>\n<!-- \/ Yoast SEO Premium plugin. -->","yoast_head_json":{"title":"Faq - PolatCo Business Consulting","robots":{"index":"index","follow":"follow","max-snippet":"max-snippet:-1","max-image-preview":"max-image-preview:large","max-video-preview":"max-video-preview:-1"},"canonical":"https:\/\/www.polatco.com\/tr\/sss\/","og_locale":"tr_TR","og_type":"article","og_title":"Faq","og_url":"https:\/\/www.polatco.com\/tr\/sss\/","og_site_name":"PolatCo Business Consulting","article_publisher":"https:\/\/www.facebook.com\/polatcosocial","article_modified_time":"2024-01-20T22:08:17+00:00","og_image":[{"url":"https:\/\/demo.gutenify.com\/gutenify-capital\/wp-content\/uploads\/sites\/97\/2022\/08\/ssw.jpg"}],"twitter_card":"summary_large_image","twitter_site":"@polatcoofficial","twitter_misc":{"Tahmini okuma s\u00fcresi":"3 dakika"},"schema":{"@context":"https:\/\/schema.org","@graph":[{"@type":"WebPage","@id":"https:\/\/www.polatco.com\/faq\/","url":"https:\/\/www.polatco.com\/faq\/","name":"Faq - PolatCo Business Consulting","isPartOf":{"@id":"https:\/\/www.polatco.com\/#website"},"primaryImageOfPage":{"@id":"https:\/\/www.polatco.com\/faq\/#primaryimage"},"image":{"@id":"https:\/\/www.polatco.com\/faq\/#primaryimage"},"thumbnailUrl":"https:\/\/demo.gutenify.com\/gutenify-capital\/wp-content\/uploads\/sites\/97\/2022\/08\/ssw.jpg","datePublished":"2022-05-06T15:28:48+00:00","dateModified":"2024-01-20T22:08:17+00:00","breadcrumb":{"@id":"https:\/\/www.polatco.com\/faq\/#breadcrumb"},"inLanguage":"tr","potentialAction":[{"@type":"ReadAction","target":["https:\/\/www.polatco.com\/faq\/"]}]},{"@type":"ImageObject","inLanguage":"tr","@id":"https:\/\/www.polatco.com\/faq\/#primaryimage","url":"https:\/\/demo.gutenify.com\/gutenify-capital\/wp-content\/uploads\/sites\/97\/2022\/08\/ssw.jpg","contentUrl":"https:\/\/demo.gutenify.com\/gutenify-capital\/wp-content\/uploads\/sites\/97\/2022\/08\/ssw.jpg"},{"@type":"BreadcrumbList","@id":"https:\/\/www.polatco.com\/faq\/#breadcrumb","itemListElement":[{"@type":"ListItem","position":1,"name":"Home","item":"https:\/\/www.polatco.com\/"},{"@type":"ListItem","position":2,"name":"Faq"}]},{"@type":"WebSite","@id":"https:\/\/www.polatco.com\/#website","url":"https:\/\/www.polatco.com\/","name":"PolatCo Business Consulting","description":"Specializing in business consulting, we offer comprehensive solutions in strategic management, financial analysis, and operational excellence. Join us to improve your business and gain a competitive edge","publisher":{"@id":"https:\/\/www.polatco.com\/#organization"},"potentialAction":[{"@type":"SearchAction","target":{"@type":"EntryPoint","urlTemplate":"https:\/\/www.polatco.com\/?s={search_term_string}"},"query-input":{"@type":"PropertyValueSpecification","valueRequired":true,"valueName":"search_term_string"}}],"inLanguage":"tr"},{"@type":"Organization","@id":"https:\/\/www.polatco.com\/#organization","name":"PolatCo Business Consulting","url":"https:\/\/www.polatco.com\/","logo":{"@type":"ImageObject","inLanguage":"tr","@id":"https:\/\/www.polatco.com\/#\/schema\/logo\/image\/","url":"https:\/\/www.polatco.com\/wp-content\/uploads\/2024\/01\/polatco-logo-hd.png","contentUrl":"https:\/\/www.polatco.com\/wp-content\/uploads\/2024\/01\/polatco-logo-hd.png","width":500,"height":500,"caption":"PolatCo Business Consulting"},"image":{"@id":"https:\/\/www.polatco.com\/#\/schema\/logo\/image\/"},"sameAs":["https:\/\/www.facebook.com\/polatcosocial","https:\/\/x.com\/polatcoofficial"]}]}},"jetpack_sharing_enabled":true,"_links":{"self":[{"href":"https:\/\/www.polatco.com\/tr\/wp-json\/wp\/v2\/pages\/826","targetHints":{"allow":["GET"]}}],"collection":[{"href":"https:\/\/www.polatco.com\/tr\/wp-json\/wp\/v2\/pages"}],"about":[{"href":"https:\/\/www.polatco.com\/tr\/wp-json\/wp\/v2\/types\/page"}],"author":[{"embeddable":true,"href":"https:\/\/www.polatco.com\/tr\/wp-json\/wp\/v2\/users\/1"}],"replies":[{"embeddable":true,"href":"https:\/\/www.polatco.com\/tr\/wp-json\/wp\/v2\/comments?post=826"}],"version-history":[{"count":2,"href":"https:\/\/www.polatco.com\/tr\/wp-json\/wp\/v2\/pages\/826\/revisions"}],"predecessor-version":[{"id":4444,"href":"https:\/\/www.polatco.com\/tr\/wp-json\/wp\/v2\/pages\/826\/revisions\/4444"}],"wp:attachment":[{"href":"https:\/\/www.polatco.com\/tr\/wp-json\/wp\/v2\/media?parent=826"}],"curies":[{"name":"wp","href":"https:\/\/api.w.org\/{rel}","templated":true}]}}