{"id":4153,"date":"2023-12-12T15:48:04","date_gmt":"2023-12-12T12:48:04","guid":{"rendered":"https:\/\/www.polatco.com\/?page_id=4153"},"modified":"2023-12-28T23:03:50","modified_gmt":"2023-12-28T20:03:50","slug":"your-blueprint-for-success-establishing-your-business-in-turkey","status":"publish","type":"page","link":"https:\/\/www.polatco.com\/tr\/turki\u0307yede-i\u0307s-kurmak-i\u0307ci\u0307n-basari-planiniz\/","title":{"rendered":"Ba\u015far\u0131 Plan\u0131n\u0131z: T\u00fcrkiye'de \u0130\u015finizi Kurmak"},"content":{"rendered":"<p class=\"gutenify-section-eaec5bd0-a5bb-11ee-9471-03baa1bf802d\">T\u00fcrkiye'deki i\u015f f\u0131rsatlar\u0131n\u0131n heyecan verici d\u00fcnyas\u0131na ho\u015f geldiniz! Giri\u015fimcilik hayalinizi ger\u00e7e\u011fe d\u00f6n\u00fc\u015ft\u00fcrmek i\u00e7in ilk ad\u0131m\u0131 att\u0131\u011f\u0131n\u0131z i\u00e7in tebrikler. Size \u00f6zel hizmetlerimiz, i\u015f yolculu\u011funuzun her a\u015famas\u0131nda size rehberlik etmek ve destek olmak i\u00e7in haz\u0131rlanm\u0131\u015ft\u0131r. T\u00fcrkiye'deki i\u015f d\u00fcnyas\u0131nda gezinirken nas\u0131l g\u00fcvenilir orta\u011f\u0131n\u0131z olabilece\u011fimizi ke\u015ffetmek i\u00e7in a\u015fa\u011f\u0131daki ayr\u0131nt\u0131lara dal\u0131n.<\/p>\n\n\n\n<figure class=\"wp-block-image size-full gutenify-section-f57b9b10-a5bb-11ee-9471-03baa1bf802d\"><img fetchpriority=\"high\" decoding=\"async\" width=\"1024\" height=\"1024\" src=\"https:\/\/www.polatco.com\/wp-content\/uploads\/2023\/12\/286cb1c4-1737-4dab-9885-b425b99c4072.jpg\" alt=\"\" class=\"wp-image-4170\" srcset=\"https:\/\/www.polatco.com\/wp-content\/uploads\/2023\/12\/286cb1c4-1737-4dab-9885-b425b99c4072.jpg 1024w, https:\/\/www.polatco.com\/wp-content\/uploads\/2023\/12\/286cb1c4-1737-4dab-9885-b425b99c4072-300x300.jpg 300w, https:\/\/www.polatco.com\/wp-content\/uploads\/2023\/12\/286cb1c4-1737-4dab-9885-b425b99c4072-150x150.jpg 150w, https:\/\/www.polatco.com\/wp-content\/uploads\/2023\/12\/286cb1c4-1737-4dab-9885-b425b99c4072-768x768.jpg 768w, https:\/\/www.polatco.com\/wp-content\/uploads\/2023\/12\/286cb1c4-1737-4dab-9885-b425b99c4072-12x12.jpg 12w\" sizes=\"(max-width: 1024px) 100vw, 1024px\" \/><\/figure>\n\n\n\n<p class=\"gutenify-section-04ee12d0-a5bc-11ee-9471-03baa1bf802d\"><\/p>\n\n\n\n<ol class=\"gutenify-section-eaed9450-a5bb-11ee-9471-03baa1bf802d wp-block-list\">\n<li class=\"gutenify-section-eaecd100-a5bb-11ee-9471-03baa1bf802d\"><strong>T\u00fcrkiye Pazar\u0131 \u0130\u00e7g\u00f6r\u00fcleri:<\/strong> Dinamik T\u00fcrkiye pazar\u0131nda gezinmek derinlemesine bilgi gerektirir. Pazar ara\u015ft\u0131rmas\u0131 uzmanlar\u0131m\u0131z, i\u015f hedeflerinizle m\u00fckemmel bir \u015fekilde \u00f6rt\u00fc\u015fen f\u0131rsatlar\u0131 ortaya \u00e7\u0131karmak i\u00e7in de\u011ferli i\u00e7g\u00f6r\u00fcler sunar.<\/li>\n\n\n\n<li class=\"gutenify-section-eaed1f20-a5bb-11ee-9471-03baa1bf802d\"><strong>Yasal Uyum:<\/strong> Yasal \u00e7er\u00e7eve i\u00e7inde faaliyet g\u00f6stermek tart\u0131\u015fmaya a\u00e7\u0131k de\u011fildir. Hukuk ekibimiz, i\u015fletmenizin sorunsuz ve yasalara uygun bir \u015fekilde \u00e7al\u0131\u015fmas\u0131 i\u00e7in T\u00fcrk ticari yasalar\u0131na uymas\u0131n\u0131 sa\u011flayarak karma\u015f\u0131kl\u0131klar\u0131 ayd\u0131nlatmak i\u00e7in burada.<\/li>\n\n\n\n<li class=\"gutenify-section-eaed4630-a5bb-11ee-9471-03baa1bf802d\"><strong>Stratejik Yol Haritas\u0131:<\/strong> Ba\u015far\u0131, iyi haz\u0131rlanm\u0131\u015f bir plan gerektirir. \u0130\u015finizi etkili bir \u015fekilde kurmak ve b\u00fcy\u00fctmek i\u00e7in net bir yol sa\u011flayarak vizyonunuzla sorunsuz bir \u015fekilde uyumlu ki\u015fiselle\u015ftirilmi\u015f stratejik planlardan yararlan\u0131n.<\/li>\n<\/ol>\n\n\n\n<p class=\"gutenify-section-eaede270-a5bb-11ee-9471-03baa1bf802d\"><strong>Neden Bizi Se\u00e7melisiniz:<\/strong><\/p>\n\n\n\n<p class=\"gutenify-section-eaee0980-a5bb-11ee-9471-03baa1bf802d\">\u2728 <strong>Size \u00d6zel Rehberlik:<\/strong> Benzersiz i\u015f ihtiya\u00e7lar\u0131n\u0131za g\u00f6re ki\u015fiselle\u015ftirilmi\u015f uygulamal\u0131 deste\u011fi deneyimleyin. Giri\u015fimcilik yolculu\u011funuzun her ad\u0131m\u0131nda iyi desteklendi\u011finizi hissetmenizi sa\u011flamak i\u00e7in buraday\u0131z.<\/p>\n\n\n\n<p class=\"gutenify-section-eaee57a0-a5bb-11ee-9471-03baa1bf802d\">\ud83d\ude80 <strong>Rekabet \u00dcst\u00fcnl\u00fc\u011f\u00fc Kazan\u0131n:<\/strong> Canl\u0131 T\u00fcrkiye pazar\u0131nda rekabet avantaj\u0131 elde etmek i\u00e7in \u00f6zel olarak tasarlanm\u0131\u015f \u00e7\u00f6z\u00fcmlerimizin g\u00fcc\u00fcnden yararlan\u0131n ve i\u015fletmenizi kal\u0131c\u0131 ba\u015far\u0131 i\u00e7in konumland\u0131r\u0131n.<\/p>\n\n\n\n<p class=\"gutenify-section-eaeeccd0-a5bb-11ee-9471-03baa1bf802d\">\ud83c\udfaf <strong>Ba\u015far\u0131 Odakl\u0131 Planlama:<\/strong> Stratejik planlamam\u0131z sadece ba\u015flang\u0131\u00e7la ilgili de\u011fildir; ba\u015far\u0131y\u0131 s\u00fcrd\u00fcrmekle ilgilidir. \u0130\u015finizi ileriye ta\u015f\u0131mak, uzun \u00f6m\u00fcrl\u00fcl\u00fck ve refah sa\u011flamak i\u00e7in tasarlanm\u0131\u015f ayr\u0131nt\u0131l\u0131 planlardan yararlan\u0131n.<\/p>\n\n\n\n<p class=\"gutenify-section-14715370-a5bc-11ee-9471-03baa1bf802d\"><\/p>\n\n\n\n<figure class=\"wp-block-image size-full gutenify-section-188d9270-a5bc-11ee-9471-03baa1bf802d\"><img decoding=\"async\" width=\"1024\" height=\"1024\" src=\"https:\/\/www.polatco.com\/wp-content\/uploads\/2023\/12\/0361bfaf-ff0d-4eae-833b-e1d757d6a7e2.jpg\" alt=\"\" class=\"wp-image-4172\" srcset=\"https:\/\/www.polatco.com\/wp-content\/uploads\/2023\/12\/0361bfaf-ff0d-4eae-833b-e1d757d6a7e2.jpg 1024w, https:\/\/www.polatco.com\/wp-content\/uploads\/2023\/12\/0361bfaf-ff0d-4eae-833b-e1d757d6a7e2-300x300.jpg 300w, https:\/\/www.polatco.com\/wp-content\/uploads\/2023\/12\/0361bfaf-ff0d-4eae-833b-e1d757d6a7e2-150x150.jpg 150w, https:\/\/www.polatco.com\/wp-content\/uploads\/2023\/12\/0361bfaf-ff0d-4eae-833b-e1d757d6a7e2-768x768.jpg 768w, https:\/\/www.polatco.com\/wp-content\/uploads\/2023\/12\/0361bfaf-ff0d-4eae-833b-e1d757d6a7e2-12x12.jpg 12w\" sizes=\"(max-width: 1024px) 100vw, 1024px\" \/><\/figure>\n\n\n\n<p class=\"gutenify-section-eaef1af0-a5bb-11ee-9471-03baa1bf802d\"><strong>Hayalinizi Ger\u00e7ekle\u015ftirmeye Haz\u0131r m\u0131s\u0131n\u0131z?<\/strong> Bizimle ba\u011flant\u0131 kurmak ve T\u00fcrkiye'nin kalbinde giri\u015fimcilik ba\u015far\u0131n\u0131z\u0131 ba\u015flatmak i\u00e7in a\u015fa\u011f\u0131ya t\u0131klay\u0131n!<\/p>\n\n\n\n<p class=\"gutenify-section-eaef6910-a5bb-11ee-9471-03baa1bf802d\">[Bize Ula\u015f\u0131n]<\/p>\n\n\n\n<p class=\"gutenify-section-eaf0c8a0-a5bb-11ee-9471-03baa1bf802d\">T\u00fcrkiye'deki i\u015f d\u00fcnyas\u0131nda ba\u015far\u0131ya giden yolda yan\u0131n\u0131zda biz var\u0131z! \ud83d\udcbc\ud83c\udf0d #StartupTurkey #BusinessOpportunities #Entrepreneurship #MarketEntry #EconomicExpansion<\/p>","protected":false},"excerpt":{"rendered":"<p>Welcome to the exciting world of business opportunities in Turkey! Congratulations on taking the first [&hellip;]<\/p>","protected":false},"author":1,"featured_media":0,"parent":0,"menu_order":0,"comment_status":"closed","ping_status":"closed","template":"","meta":{"gutenify_custom_css":"","gutenify_custom_css_data":"","footnotes":""},"class_list":["post-4153","page","type-page","status-publish","hentry"],"yoast_head":"<!-- This site is optimized with the Yoast SEO Premium plugin v21.7 (Yoast SEO v23.6) - https:\/\/yoast.com\/wordpress\/plugins\/seo\/ -->\n<title>Your Blueprint for Success: Establishing Your Business in Turkey - PolatCo Business Consulting<\/title>\n<meta name=\"robots\" content=\"index, follow, max-snippet:-1, max-image-preview:large, max-video-preview:-1\" \/>\n<link rel=\"canonical\" href=\"https:\/\/www.polatco.com\/tr\/turki\u0307yede-i\u0307s-kurmak-i\u0307ci\u0307n-basari-planiniz\/\" \/>\n<meta property=\"og:locale\" content=\"tr_TR\" \/>\n<meta property=\"og:type\" content=\"article\" \/>\n<meta property=\"og:title\" content=\"Your Blueprint for Success: Establishing Your Business in Turkey\" \/>\n<meta property=\"og:description\" content=\"Welcome to the exciting world of business opportunities in Turkey! Congratulations on taking the first [&hellip;]\" \/>\n<meta property=\"og:url\" content=\"https:\/\/www.polatco.com\/tr\/turki\u0307yede-i\u0307s-kurmak-i\u0307ci\u0307n-basari-planiniz\/\" \/>\n<meta property=\"og:site_name\" content=\"PolatCo Business Consulting\" \/>\n<meta property=\"article:publisher\" content=\"https:\/\/www.facebook.com\/polatcosocial\" \/>\n<meta property=\"article:modified_time\" content=\"2023-12-28T20:03:50+00:00\" \/>\n<meta property=\"og:image\" content=\"https:\/\/www.polatco.com\/wp-content\/uploads\/2023\/12\/286cb1c4-1737-4dab-9885-b425b99c4072.jpg\" \/>\n<meta name=\"twitter:card\" content=\"summary_large_image\" \/>\n<meta name=\"twitter:site\" content=\"@polatcoofficial\" \/>\n<meta name=\"twitter:label1\" content=\"Tahmini okuma s\u00fcresi\" \/>\n\t<meta name=\"twitter:data1\" content=\"1 dakika\" \/>\n<script type=\"application\/ld+json\" class=\"yoast-schema-graph\">{\"@context\":\"https:\/\/schema.org\",\"@graph\":[{\"@type\":\"WebPage\",\"@id\":\"https:\/\/www.polatco.com\/your-blueprint-for-success-establishing-your-business-in-turkey\/\",\"url\":\"https:\/\/www.polatco.com\/your-blueprint-for-success-establishing-your-business-in-turkey\/\",\"name\":\"Your Blueprint for Success: Establishing Your Business in Turkey - PolatCo Business Consulting\",\"isPartOf\":{\"@id\":\"https:\/\/www.polatco.com\/#website\"},\"primaryImageOfPage\":{\"@id\":\"https:\/\/www.polatco.com\/your-blueprint-for-success-establishing-your-business-in-turkey\/#primaryimage\"},\"image\":{\"@id\":\"https:\/\/www.polatco.com\/your-blueprint-for-success-establishing-your-business-in-turkey\/#primaryimage\"},\"thumbnailUrl\":\"https:\/\/www.polatco.com\/wp-content\/uploads\/2023\/12\/286cb1c4-1737-4dab-9885-b425b99c4072.jpg\",\"datePublished\":\"2023-12-12T12:48:04+00:00\",\"dateModified\":\"2023-12-28T20:03:50+00:00\",\"breadcrumb\":{\"@id\":\"https:\/\/www.polatco.com\/your-blueprint-for-success-establishing-your-business-in-turkey\/#breadcrumb\"},\"inLanguage\":\"tr\",\"potentialAction\":[{\"@type\":\"ReadAction\",\"target\":[\"https:\/\/www.polatco.com\/your-blueprint-for-success-establishing-your-business-in-turkey\/\"]}]},{\"@type\":\"ImageObject\",\"inLanguage\":\"tr\",\"@id\":\"https:\/\/www.polatco.com\/your-blueprint-for-success-establishing-your-business-in-turkey\/#primaryimage\",\"url\":\"https:\/\/www.polatco.com\/wp-content\/uploads\/2023\/12\/286cb1c4-1737-4dab-9885-b425b99c4072.jpg\",\"contentUrl\":\"https:\/\/www.polatco.com\/wp-content\/uploads\/2023\/12\/286cb1c4-1737-4dab-9885-b425b99c4072.jpg\"},{\"@type\":\"BreadcrumbList\",\"@id\":\"https:\/\/www.polatco.com\/your-blueprint-for-success-establishing-your-business-in-turkey\/#breadcrumb\",\"itemListElement\":[{\"@type\":\"ListItem\",\"position\":1,\"name\":\"Home\",\"item\":\"https:\/\/www.polatco.com\/\"},{\"@type\":\"ListItem\",\"position\":2,\"name\":\"Your Blueprint for Success: Establishing Your Business in Turkey\"}]},{\"@type\":\"WebSite\",\"@id\":\"https:\/\/www.polatco.com\/#website\",\"url\":\"https:\/\/www.polatco.com\/\",\"name\":\"PolatCo Business Consulting\",\"description\":\"Specializing in business consulting, we offer comprehensive solutions in strategic management, financial analysis, and operational excellence. Join us to improve your business and gain a competitive edge\",\"publisher\":{\"@id\":\"https:\/\/www.polatco.com\/#organization\"},\"potentialAction\":[{\"@type\":\"SearchAction\",\"target\":{\"@type\":\"EntryPoint\",\"urlTemplate\":\"https:\/\/www.polatco.com\/?s={search_term_string}\"},\"query-input\":{\"@type\":\"PropertyValueSpecification\",\"valueRequired\":true,\"valueName\":\"search_term_string\"}}],\"inLanguage\":\"tr\"},{\"@type\":\"Organization\",\"@id\":\"https:\/\/www.polatco.com\/#organization\",\"name\":\"PolatCo Business Consulting\",\"url\":\"https:\/\/www.polatco.com\/\",\"logo\":{\"@type\":\"ImageObject\",\"inLanguage\":\"tr\",\"@id\":\"https:\/\/www.polatco.com\/#\/schema\/logo\/image\/\",\"url\":\"https:\/\/www.polatco.com\/wp-content\/uploads\/2024\/01\/polatco-logo-hd.png\",\"contentUrl\":\"https:\/\/www.polatco.com\/wp-content\/uploads\/2024\/01\/polatco-logo-hd.png\",\"width\":500,\"height\":500,\"caption\":\"PolatCo Business Consulting\"},\"image\":{\"@id\":\"https:\/\/www.polatco.com\/#\/schema\/logo\/image\/\"},\"sameAs\":[\"https:\/\/www.facebook.com\/polatcosocial\",\"https:\/\/x.com\/polatcoofficial\"]}]}<\/script>\n<!-- \/ Yoast SEO Premium plugin. -->","yoast_head_json":{"title":"Your Blueprint for Success: Establishing Your Business in Turkey - PolatCo Business Consulting","robots":{"index":"index","follow":"follow","max-snippet":"max-snippet:-1","max-image-preview":"max-image-preview:large","max-video-preview":"max-video-preview:-1"},"canonical":"https:\/\/www.polatco.com\/tr\/turki\u0307yede-i\u0307s-kurmak-i\u0307ci\u0307n-basari-planiniz\/","og_locale":"tr_TR","og_type":"article","og_title":"Your Blueprint for Success: Establishing Your Business in Turkey","og_description":"Welcome to the exciting world of business opportunities in Turkey! Congratulations on taking the first [&hellip;]","og_url":"https:\/\/www.polatco.com\/tr\/turki\u0307yede-i\u0307s-kurmak-i\u0307ci\u0307n-basari-planiniz\/","og_site_name":"PolatCo Business Consulting","article_publisher":"https:\/\/www.facebook.com\/polatcosocial","article_modified_time":"2023-12-28T20:03:50+00:00","og_image":[{"url":"https:\/\/www.polatco.com\/wp-content\/uploads\/2023\/12\/286cb1c4-1737-4dab-9885-b425b99c4072.jpg"}],"twitter_card":"summary_large_image","twitter_site":"@polatcoofficial","twitter_misc":{"Tahmini okuma s\u00fcresi":"1 dakika"},"schema":{"@context":"https:\/\/schema.org","@graph":[{"@type":"WebPage","@id":"https:\/\/www.polatco.com\/your-blueprint-for-success-establishing-your-business-in-turkey\/","url":"https:\/\/www.polatco.com\/your-blueprint-for-success-establishing-your-business-in-turkey\/","name":"Your Blueprint for Success: Establishing Your Business in Turkey - PolatCo Business Consulting","isPartOf":{"@id":"https:\/\/www.polatco.com\/#website"},"primaryImageOfPage":{"@id":"https:\/\/www.polatco.com\/your-blueprint-for-success-establishing-your-business-in-turkey\/#primaryimage"},"image":{"@id":"https:\/\/www.polatco.com\/your-blueprint-for-success-establishing-your-business-in-turkey\/#primaryimage"},"thumbnailUrl":"https:\/\/www.polatco.com\/wp-content\/uploads\/2023\/12\/286cb1c4-1737-4dab-9885-b425b99c4072.jpg","datePublished":"2023-12-12T12:48:04+00:00","dateModified":"2023-12-28T20:03:50+00:00","breadcrumb":{"@id":"https:\/\/www.polatco.com\/your-blueprint-for-success-establishing-your-business-in-turkey\/#breadcrumb"},"inLanguage":"tr","potentialAction":[{"@type":"ReadAction","target":["https:\/\/www.polatco.com\/your-blueprint-for-success-establishing-your-business-in-turkey\/"]}]},{"@type":"ImageObject","inLanguage":"tr","@id":"https:\/\/www.polatco.com\/your-blueprint-for-success-establishing-your-business-in-turkey\/#primaryimage","url":"https:\/\/www.polatco.com\/wp-content\/uploads\/2023\/12\/286cb1c4-1737-4dab-9885-b425b99c4072.jpg","contentUrl":"https:\/\/www.polatco.com\/wp-content\/uploads\/2023\/12\/286cb1c4-1737-4dab-9885-b425b99c4072.jpg"},{"@type":"BreadcrumbList","@id":"https:\/\/www.polatco.com\/your-blueprint-for-success-establishing-your-business-in-turkey\/#breadcrumb","itemListElement":[{"@type":"ListItem","position":1,"name":"Home","item":"https:\/\/www.polatco.com\/"},{"@type":"ListItem","position":2,"name":"Your Blueprint for Success: Establishing Your Business in Turkey"}]},{"@type":"WebSite","@id":"https:\/\/www.polatco.com\/#website","url":"https:\/\/www.polatco.com\/","name":"PolatCo Business Consulting","description":"Specializing in business consulting, we offer comprehensive solutions in strategic management, financial analysis, and operational excellence. Join us to improve your business and gain a competitive edge","publisher":{"@id":"https:\/\/www.polatco.com\/#organization"},"potentialAction":[{"@type":"SearchAction","target":{"@type":"EntryPoint","urlTemplate":"https:\/\/www.polatco.com\/?s={search_term_string}"},"query-input":{"@type":"PropertyValueSpecification","valueRequired":true,"valueName":"search_term_string"}}],"inLanguage":"tr"},{"@type":"Organization","@id":"https:\/\/www.polatco.com\/#organization","name":"PolatCo Business Consulting","url":"https:\/\/www.polatco.com\/","logo":{"@type":"ImageObject","inLanguage":"tr","@id":"https:\/\/www.polatco.com\/#\/schema\/logo\/image\/","url":"https:\/\/www.polatco.com\/wp-content\/uploads\/2024\/01\/polatco-logo-hd.png","contentUrl":"https:\/\/www.polatco.com\/wp-content\/uploads\/2024\/01\/polatco-logo-hd.png","width":500,"height":500,"caption":"PolatCo Business Consulting"},"image":{"@id":"https:\/\/www.polatco.com\/#\/schema\/logo\/image\/"},"sameAs":["https:\/\/www.facebook.com\/polatcosocial","https:\/\/x.com\/polatcoofficial"]}]}},"jetpack_sharing_enabled":true,"_links":{"self":[{"href":"https:\/\/www.polatco.com\/tr\/wp-json\/wp\/v2\/pages\/4153","targetHints":{"allow":["GET"]}}],"collection":[{"href":"https:\/\/www.polatco.com\/tr\/wp-json\/wp\/v2\/pages"}],"about":[{"href":"https:\/\/www.polatco.com\/tr\/wp-json\/wp\/v2\/types\/page"}],"author":[{"embeddable":true,"href":"https:\/\/www.polatco.com\/tr\/wp-json\/wp\/v2\/users\/1"}],"replies":[{"embeddable":true,"href":"https:\/\/www.polatco.com\/tr\/wp-json\/wp\/v2\/comments?post=4153"}],"version-history":[{"count":3,"href":"https:\/\/www.polatco.com\/tr\/wp-json\/wp\/v2\/pages\/4153\/revisions"}],"predecessor-version":[{"id":4173,"href":"https:\/\/www.polatco.com\/tr\/wp-json\/wp\/v2\/pages\/4153\/revisions\/4173"}],"wp:attachment":[{"href":"https:\/\/www.polatco.com\/tr\/wp-json\/wp\/v2\/media?parent=4153"}],"curies":[{"name":"wp","href":"https:\/\/api.w.org\/{rel}","templated":true}]}}