{"id":2,"date":"2023-05-22T12:06:26","date_gmt":"2023-05-22T12:06:26","guid":{"rendered":"https:\/\/www.polatco.com\/?page_id=2"},"modified":"2023-05-22T20:04:37","modified_gmt":"2023-05-22T17:04:37","slug":"about-us","status":"publish","type":"page","link":"https:\/\/www.polatco.com\/tr\/hakkimizda\/","title":{"rendered":"Ba\u015far\u0131ya Ula\u015fabilmenin En H\u0131zl\u0131 Yolu"},"content":{"rendered":"<p>PolatCo i\u015f dan\u0131\u015fmanl\u0131\u011f\u0131 web sitesine ho\u015f geldiniz. Burada, h\u0131zl\u0131 ve s\u00fcrd\u00fcr\u00fclebilir b\u00fcy\u00fcme elde etmek i\u00e7in ihtiya\u00e7 duydu\u011funuz ara\u00e7lar\u0131, stratejileri ve uzmanl\u0131\u011f\u0131 sunuyoruz. Bug\u00fcn\u00fcn dinamik ve rekabet\u00e7i i\u015f ortam\u0131nda, rekabetin \u00f6n\u00fcnde olmak ba\u015far\u0131n\u0131z i\u00e7in \u00f6nemlidir. \u0130\u015fte bu y\u00fczden size uygulanabilir i\u00e7g\u00f6r\u00fcler, \u00f6zelle\u015ftirilmi\u015f \u00e7\u00f6z\u00fcmler ve e\u015fsiz destek ile g\u00fc\u00e7 vermek i\u00e7in buraday\u0131z.<\/p>\n\n\n\n<p>Bak\u0131\u015f A\u00e7\u0131m\u0131z:<\/p>\n\n\n\n<p>PolatCO'da, her i\u015fletmenin benzersiz oldu\u011funa ve hedeflerine ula\u015fmak i\u00e7in \u00f6zel bir yakla\u015f\u0131m gerektirdi\u011fine inan\u0131yoruz. Size \u00f6zg\u00fc zorluklar\u0131, f\u0131rsatlar\u0131 ve istekleri anlamak i\u00e7in zaman ay\u0131r\u0131yoruz. Deneyimli dan\u0131\u015fmanlardan olu\u015fan ekibimiz, sonu\u00e7lar\u0131 y\u00f6nlendiren kapsaml\u0131 stratejiler olu\u015fturmak i\u00e7in derin sekt\u00f6r bilgisini veri odakl\u0131 bir yakla\u015f\u0131mla birle\u015ftiriyor.<\/p>\n\n\n\n<p>Bizi Farkl\u0131 K\u0131lan:<\/p>\n\n\n\n<ol class=\"wp-block-list\">\n<li>Kan\u0131tlanm\u0131\u015f Ge\u00e7mi\u015f Performans: Her b\u00fcy\u00fckl\u00fckteki ve farkl\u0131 sekt\u00f6rlerdeki i\u015fletmelerle uzun y\u0131llara dayanan \u00e7al\u0131\u015fma deneyimimizle, \u00f6l\u00e7\u00fclebilir sonu\u00e7lar sa\u011flama konusunda kan\u0131tlanm\u0131\u015f bir ge\u00e7mi\u015fe sahibiz. M\u00fc\u015fterilerimiz, rehberli\u011fimiz sayesinde s\u00fcrekli olarak \u00f6nemli bir b\u00fcy\u00fcme ve daha fazla k\u00e2rl\u0131l\u0131k elde etmektedir.<\/li>\n\n\n\n<li>B\u00fct\u00fcnsel \u00c7\u00f6z\u00fcmler: Y\u00fczeysel d\u00fczeltmelerin \u00f6tesine ge\u00e7iyor ve i\u015f zorluklar\u0131n\u0131z\u0131n temel nedenlerini ele alan b\u00fct\u00fcnsel \u00e7\u00f6z\u00fcmler sunuyoruz. \u0130ster pazar analizi, stratejik planlama, operasyonel optimizasyon veya yetenek y\u00f6netimi konular\u0131nda yard\u0131ma ihtiyac\u0131n\u0131z olsun, kapsaml\u0131 yakla\u015f\u0131m\u0131m\u0131z uzun vadeli ba\u015far\u0131 sa\u011flar.<\/li>\n\n\n\n<li>\u0130\u015fbirli\u011fine Dayal\u0131 Ortakl\u0131k: M\u00fc\u015fterilerimizle olan ili\u015fkimizi, i\u015fletmenizin t\u00fcm potansiyelini ortaya \u00e7\u0131karmak i\u00e7in el ele \u00e7al\u0131\u015ft\u0131\u011f\u0131m\u0131z bir ortakl\u0131k olarak g\u00f6r\u00fcyoruz. A\u00e7\u0131k ileti\u015fime, \u015feffafl\u0131\u011fa ve ba\u015far\u0131n\u0131za olan derin ba\u011fl\u0131l\u0131\u011f\u0131m\u0131za de\u011fer veriyoruz. Birlikte, sekt\u00f6r\u00fcn\u00fcz\u00fcn karma\u015f\u0131kl\u0131klar\u0131n\u0131 a\u015facak ve yeni zirvelere ula\u015fmak i\u00e7in engellerin \u00fcstesinden gelece\u011fiz.<\/li>\n<\/ol>\n\n\n\n<p>Hizmetlerimiz:<\/p>\n\n\n\n<ol class=\"wp-block-list\">\n<li>Stratejik Planlama: \u0130\u015fletmeniz i\u00e7in a\u00e7\u0131k ve ikna edici bir vizyon geli\u015ftirin, stratejik hedefleri belirleyin ve s\u00fcrd\u00fcr\u00fclebilir b\u00fcy\u00fcme elde etmek i\u00e7in bir yol haritas\u0131 \u00e7izin.<\/li>\n\n\n\n<li>Pazar Analizi: Hedef pazar\u0131n\u0131z hakk\u0131nda derinlemesine bilgi edinin, m\u00fc\u015fteri ihtiya\u00e7lar\u0131n\u0131 ve tercihlerini anlay\u0131n ve kullan\u0131lmayan f\u0131rsatlar\u0131 belirlemek i\u00e7in verilerden yararlan\u0131n.<\/li>\n\n\n\n<li>Operasyonel Optimizasyon: Maliyet tasarrufu sa\u011flamak ve genel performans\u0131 art\u0131rmak i\u00e7in i\u015f s\u00fcre\u00e7lerinizi d\u00fczenleyin, verimlili\u011fi art\u0131r\u0131n ve \u00fcretkenli\u011fi en \u00fcst d\u00fczeye \u00e7\u0131kar\u0131n.<\/li>\n\n\n\n<li>Yetenek Y\u00f6netimi: Y\u00fcksek performansl\u0131 bir ekip olu\u015fturmak, en iyi yetenekleri \u00e7ekmek ve elde tutmak ve yenilik ve s\u00fcrekli iyile\u015ftirme k\u00fclt\u00fcr\u00fcn\u00fc te\u015fvik etmek.<\/li>\n\n\n\n<li>De\u011fi\u015fim Y\u00f6netimi: Kurumsal de\u011fi\u015fiklikleri ba\u015far\u0131yla y\u00f6netin, yeni giri\u015fimleri uygulay\u0131n ve kesintileri en aza indirirken sorunsuz ge\u00e7i\u015fler sa\u011flay\u0131n.<\/li>\n<\/ol>\n\n\n\n<p>\u0130leti\u015fime ge\u00e7in:<\/p>\n\n\n\n<p>\u0130\u015finizi bir \u00fcst seviyeye ta\u015f\u0131maya haz\u0131r m\u0131s\u0131n\u0131z? Deneyimli dan\u0131\u015fmanlar\u0131m\u0131zla bir dan\u0131\u015fma g\u00f6r\u00fc\u015fmesi planlamak i\u00e7in bug\u00fcn bize ula\u015f\u0131n. Bu d\u00f6n\u00fc\u015ft\u00fcr\u00fcc\u00fc yolculu\u011fa birlikte \u00e7\u0131kal\u0131m ve i\u015fletmenizin t\u00fcm potansiyelini ortaya \u00e7\u0131karal\u0131m.<\/p>\n\n\n\n<p>Unutmay\u0131n, PolatCO'da i\u015f ba\u015far\u0131s\u0131na giden yolda g\u00fcvenilir orta\u011f\u0131n\u0131z olmaya kararl\u0131y\u0131z.<\/p>","protected":false},"excerpt":{"rendered":"<p>\u0130\u015f dan\u0131\u015fmanl\u0131\u011f\u0131 web sitemize ho\u015f geldiniz, burada size ara\u00e7lar, stratejiler ve [...]<\/p>","protected":false},"author":1,"featured_media":0,"parent":0,"menu_order":0,"comment_status":"closed","ping_status":"open","template":"","meta":{"gutenify_custom_css":"","gutenify_custom_css_data":"","footnotes":""},"class_list":["post-2","page","type-page","status-publish","hentry"],"yoast_head":"<!-- This site is optimized with the Yoast SEO Premium plugin v21.7 (Yoast SEO v23.6) - https:\/\/yoast.com\/wordpress\/plugins\/seo\/ -->\n<title>One of the Fastest Ways to Gain Business Success - PolatCo Business Consulting<\/title>\n<meta name=\"robots\" content=\"index, follow, max-snippet:-1, max-image-preview:large, max-video-preview:-1\" \/>\n<link rel=\"canonical\" href=\"https:\/\/www.polatco.com\/tr\/hakkimizda\/\" \/>\n<meta property=\"og:locale\" content=\"tr_TR\" \/>\n<meta property=\"og:type\" content=\"article\" \/>\n<meta property=\"og:title\" content=\"One of the Fastest Ways to Gain Business Success\" \/>\n<meta property=\"og:description\" content=\"Welcome to our business consulting website, where we provide you with the tools, strategies, and [&hellip;]\" \/>\n<meta property=\"og:url\" content=\"https:\/\/www.polatco.com\/tr\/hakkimizda\/\" \/>\n<meta property=\"og:site_name\" content=\"PolatCo Business Consulting\" \/>\n<meta property=\"article:publisher\" content=\"https:\/\/www.facebook.com\/polatcosocial\" \/>\n<meta property=\"article:modified_time\" content=\"2023-05-22T17:04:37+00:00\" \/>\n<meta name=\"twitter:card\" content=\"summary_large_image\" \/>\n<meta name=\"twitter:site\" content=\"@polatcoofficial\" \/>\n<meta name=\"twitter:label1\" content=\"Tahmini okuma s\u00fcresi\" \/>\n\t<meta name=\"twitter:data1\" content=\"2 dakika\" \/>\n<script type=\"application\/ld+json\" class=\"yoast-schema-graph\">{\"@context\":\"https:\/\/schema.org\",\"@graph\":[{\"@type\":\"WebPage\",\"@id\":\"https:\/\/www.polatco.com\/about-us\/\",\"url\":\"https:\/\/www.polatco.com\/about-us\/\",\"name\":\"One of the Fastest Ways to Gain Business Success - PolatCo Business Consulting\",\"isPartOf\":{\"@id\":\"https:\/\/www.polatco.com\/#website\"},\"datePublished\":\"2023-05-22T12:06:26+00:00\",\"dateModified\":\"2023-05-22T17:04:37+00:00\",\"breadcrumb\":{\"@id\":\"https:\/\/www.polatco.com\/about-us\/#breadcrumb\"},\"inLanguage\":\"tr\",\"potentialAction\":[{\"@type\":\"ReadAction\",\"target\":[\"https:\/\/www.polatco.com\/about-us\/\"]}]},{\"@type\":\"BreadcrumbList\",\"@id\":\"https:\/\/www.polatco.com\/about-us\/#breadcrumb\",\"itemListElement\":[{\"@type\":\"ListItem\",\"position\":1,\"name\":\"Home\",\"item\":\"https:\/\/www.polatco.com\/\"},{\"@type\":\"ListItem\",\"position\":2,\"name\":\"One of the Fastest Ways to Gain Business Success\"}]},{\"@type\":\"WebSite\",\"@id\":\"https:\/\/www.polatco.com\/#website\",\"url\":\"https:\/\/www.polatco.com\/\",\"name\":\"PolatCo Business Consulting\",\"description\":\"Specializing in business consulting, we offer comprehensive solutions in strategic management, financial analysis, and operational excellence. Join us to improve your business and gain a competitive edge\",\"publisher\":{\"@id\":\"https:\/\/www.polatco.com\/#organization\"},\"potentialAction\":[{\"@type\":\"SearchAction\",\"target\":{\"@type\":\"EntryPoint\",\"urlTemplate\":\"https:\/\/www.polatco.com\/?s={search_term_string}\"},\"query-input\":{\"@type\":\"PropertyValueSpecification\",\"valueRequired\":true,\"valueName\":\"search_term_string\"}}],\"inLanguage\":\"tr\"},{\"@type\":\"Organization\",\"@id\":\"https:\/\/www.polatco.com\/#organization\",\"name\":\"PolatCo Business Consulting\",\"url\":\"https:\/\/www.polatco.com\/\",\"logo\":{\"@type\":\"ImageObject\",\"inLanguage\":\"tr\",\"@id\":\"https:\/\/www.polatco.com\/#\/schema\/logo\/image\/\",\"url\":\"https:\/\/www.polatco.com\/wp-content\/uploads\/2024\/01\/polatco-logo-hd.png\",\"contentUrl\":\"https:\/\/www.polatco.com\/wp-content\/uploads\/2024\/01\/polatco-logo-hd.png\",\"width\":500,\"height\":500,\"caption\":\"PolatCo Business Consulting\"},\"image\":{\"@id\":\"https:\/\/www.polatco.com\/#\/schema\/logo\/image\/\"},\"sameAs\":[\"https:\/\/www.facebook.com\/polatcosocial\",\"https:\/\/x.com\/polatcoofficial\"]}]}<\/script>\n<!-- \/ Yoast SEO Premium plugin. -->","yoast_head_json":{"title":"One of the Fastest Ways to Gain Business Success - PolatCo Business Consulting","robots":{"index":"index","follow":"follow","max-snippet":"max-snippet:-1","max-image-preview":"max-image-preview:large","max-video-preview":"max-video-preview:-1"},"canonical":"https:\/\/www.polatco.com\/tr\/hakkimizda\/","og_locale":"tr_TR","og_type":"article","og_title":"One of the Fastest Ways to Gain Business Success","og_description":"Welcome to our business consulting website, where we provide you with the tools, strategies, and [&hellip;]","og_url":"https:\/\/www.polatco.com\/tr\/hakkimizda\/","og_site_name":"PolatCo Business Consulting","article_publisher":"https:\/\/www.facebook.com\/polatcosocial","article_modified_time":"2023-05-22T17:04:37+00:00","twitter_card":"summary_large_image","twitter_site":"@polatcoofficial","twitter_misc":{"Tahmini okuma s\u00fcresi":"2 dakika"},"schema":{"@context":"https:\/\/schema.org","@graph":[{"@type":"WebPage","@id":"https:\/\/www.polatco.com\/about-us\/","url":"https:\/\/www.polatco.com\/about-us\/","name":"One of the Fastest Ways to Gain Business Success - PolatCo Business Consulting","isPartOf":{"@id":"https:\/\/www.polatco.com\/#website"},"datePublished":"2023-05-22T12:06:26+00:00","dateModified":"2023-05-22T17:04:37+00:00","breadcrumb":{"@id":"https:\/\/www.polatco.com\/about-us\/#breadcrumb"},"inLanguage":"tr","potentialAction":[{"@type":"ReadAction","target":["https:\/\/www.polatco.com\/about-us\/"]}]},{"@type":"BreadcrumbList","@id":"https:\/\/www.polatco.com\/about-us\/#breadcrumb","itemListElement":[{"@type":"ListItem","position":1,"name":"Home","item":"https:\/\/www.polatco.com\/"},{"@type":"ListItem","position":2,"name":"One of the Fastest Ways to Gain Business Success"}]},{"@type":"WebSite","@id":"https:\/\/www.polatco.com\/#website","url":"https:\/\/www.polatco.com\/","name":"PolatCo Business Consulting","description":"Specializing in business consulting, we offer comprehensive solutions in strategic management, financial analysis, and operational excellence. Join us to improve your business and gain a competitive edge","publisher":{"@id":"https:\/\/www.polatco.com\/#organization"},"potentialAction":[{"@type":"SearchAction","target":{"@type":"EntryPoint","urlTemplate":"https:\/\/www.polatco.com\/?s={search_term_string}"},"query-input":{"@type":"PropertyValueSpecification","valueRequired":true,"valueName":"search_term_string"}}],"inLanguage":"tr"},{"@type":"Organization","@id":"https:\/\/www.polatco.com\/#organization","name":"PolatCo Business Consulting","url":"https:\/\/www.polatco.com\/","logo":{"@type":"ImageObject","inLanguage":"tr","@id":"https:\/\/www.polatco.com\/#\/schema\/logo\/image\/","url":"https:\/\/www.polatco.com\/wp-content\/uploads\/2024\/01\/polatco-logo-hd.png","contentUrl":"https:\/\/www.polatco.com\/wp-content\/uploads\/2024\/01\/polatco-logo-hd.png","width":500,"height":500,"caption":"PolatCo Business Consulting"},"image":{"@id":"https:\/\/www.polatco.com\/#\/schema\/logo\/image\/"},"sameAs":["https:\/\/www.facebook.com\/polatcosocial","https:\/\/x.com\/polatcoofficial"]}]}},"jetpack_sharing_enabled":true,"_links":{"self":[{"href":"https:\/\/www.polatco.com\/tr\/wp-json\/wp\/v2\/pages\/2","targetHints":{"allow":["GET"]}}],"collection":[{"href":"https:\/\/www.polatco.com\/tr\/wp-json\/wp\/v2\/pages"}],"about":[{"href":"https:\/\/www.polatco.com\/tr\/wp-json\/wp\/v2\/types\/page"}],"author":[{"embeddable":true,"href":"https:\/\/www.polatco.com\/tr\/wp-json\/wp\/v2\/users\/1"}],"replies":[{"embeddable":true,"href":"https:\/\/www.polatco.com\/tr\/wp-json\/wp\/v2\/comments?post=2"}],"version-history":[{"count":2,"href":"https:\/\/www.polatco.com\/tr\/wp-json\/wp\/v2\/pages\/2\/revisions"}],"predecessor-version":[{"id":4439,"href":"https:\/\/www.polatco.com\/tr\/wp-json\/wp\/v2\/pages\/2\/revisions\/4439"}],"wp:attachment":[{"href":"https:\/\/www.polatco.com\/tr\/wp-json\/wp\/v2\/media?parent=2"}],"curies":[{"name":"wp","href":"https:\/\/api.w.org\/{rel}","templated":true}]}}