{"id":826,"date":"2022-05-06T15:28:48","date_gmt":"2022-05-06T15:28:48","guid":{"rendered":"https:\/\/demo.gutenify.com\/creative-shade\/?page_id=826"},"modified":"2024-01-21T01:08:17","modified_gmt":"2024-01-20T22:08:17","slug":"faq","status":"publish","type":"page","link":"https:\/\/www.polatco.com\/pt\/faq\/","title":{"rendered":"Perguntas frequentes"},"content":{"rendered":"<div class=\"wp-block-group alignfull gutenify-section-8bd8d490-b7de-11ee-bb55-27e970ae1ad9 is-layout-constrained wp-container-core-group-is-layout-111b2e00 wp-block-group-is-layout-constrained\">\n<div class=\"wp-block-cover alignfull is-light gutenify-section-8bd15a80-b7de-11ee-bb55-27e970ae1ad9\" style=\"min-height:448px;aspect-ratio:unset;\"><span aria-hidden=\"true\" class=\"wp-block-cover__background has-background-dim wp-block-cover__gradient-background has-background-gradient\" style=\"background:linear-gradient(90deg,rgb(0,0,0) 52%,rgba(150,149,240,0) 96%)\"><\/span><img decoding=\"async\" class=\"wp-block-cover__image-background wp-image-4284\" alt=\"\" src=\"https:\/\/demo.gutenify.com\/gutenify-capital\/wp-content\/uploads\/sites\/97\/2022\/08\/ssw.jpg\" style=\"object-position:48% 43%\" data-object-fit=\"cover\" data-object-position=\"48% 43%\"\/><div class=\"wp-block-cover__inner-container is-layout-flow wp-block-cover-is-layout-flow\">\n<div class=\"wp-block-group alignwide gutenify-section-8bd07020-b7de-11ee-bb55-27e970ae1ad9 is-layout-constrained wp-container-core-group-is-layout-111b2e00 wp-block-group-is-layout-constrained\"><h1 class=\"has-text-align-center alignwide wp-block-post-title has-text-color has-background-color has-extra-large-font-size\">Perguntas frequentes<\/h1><\/div>\n<\/div><\/div>\n\n\n\n<div class=\"wp-block-group alignwide gutenify-section-8bd81140-b7de-11ee-bb55-27e970ae1ad9 is-layout-flow wp-block-group-is-layout-flow\">\n<div class=\"wp-block-gutenify-container alignwide gutenify-block-container-wrapper gutenify-container-version-2 gutenify-section-830ff96c-b1d1-45fb-a6d9-897018c0af49\"><div class=\"gutenify-container\"><div class=\"wp-block-gutenify-section-title gutenify-section-b75ef413-f4af-44e4-84f3-4bbc6d4bc8fc gutenify-section-title-version-2  has-text-align-center\"><div id=\"gutenify-section-b75ef413-f4af-44e4-84f3-4bbc6d4bc8fc\" class=\"gutenify-section-title-section\"><p style=\"color:#ce4318\"class=\"gutenify-section-title-prefix\">FAQ<\/p><h2 style=\"color:#000\"class=\"gutenify-section-title-main\">Perguntas mais frequentes<\/h2><p style=\"color:#777\"class=\"gutenify-section-title-suffix\">Tem curiosidade em saber como trabalhamos ou o que nos distingue? Est\u00e1 no s\u00edtio certo! Explore as nossas Perguntas Frequentes para encontrar respostas r\u00e1pidas a quest\u00f5es comuns. Se precisar de mais informa\u00e7\u00f5es ou tiver uma pergunta espec\u00edfica em mente, a nossa equipa est\u00e1 apenas a uma mensagem de dist\u00e2ncia. Vamos dar in\u00edcio \u00e0 sua jornada para o sucesso empresarial.<\/p><\/div><\/div>\n\n\n<div class=\"wp-block-gutenify-faqs gutenify-block-faq-wrapper gutenify-block-faq-accordion gutenify-faqs-version-2 gutenify-section-da1cf3bf-9707-4599-b6a0-a1eccd8e67fd\">\n<div class=\"wp-block-gutenify-content-toggle-item gutenify-block-content-toggle-item-wrapper gutenify-content-toggle-item-version-2 gutenify-section-8bd35650-b7de-11ee-bb55-27e970ae1ad9\"><div class=\"gutenify-content-toggle-item-wrapper gutenify-content-toggle-item-closed\"><div class=\"gutenify-content-toggle-item-header\"><h4>Quais s\u00e3o os servi\u00e7os prestados pela vossa empresa de consultoria empresarial?<\/h4><button class=\"gutenify-content-toggle-item-handle\"><i class=\"fa fa-angle-up gutenify-angle-up\" aria-hidden=\"true\"><\/i><i class=\"fa fa-angle-down gutenify-angle-down\" aria-hidden=\"true\"><\/i><\/button><\/div><div class=\"gutenify-content-toggle-item-content\"> \n<p class=\"gutenify-section-8bd29300-b7de-11ee-bb55-27e970ae1ad9\">Oferecemos uma gama de servi\u00e7os de consultoria empresarial, incluindo planeamento estrat\u00e9gico, otimiza\u00e7\u00e3o de processos, an\u00e1lise financeira e estudos de mercado. O nosso objetivo \u00e9 ajudar as empresas a atingir os seus objectivos atrav\u00e9s de solu\u00e7\u00f5es personalizadas.<\/p>\n<\/div><\/div><\/div>\n\n\n\n<div class=\"wp-block-gutenify-content-toggle-item gutenify-block-content-toggle-item-wrapper gutenify-content-toggle-item-version-2 gutenify-section-8bd4dcf0-b7de-11ee-bb55-27e970ae1ad9\"><div class=\"gutenify-content-toggle-item-wrapper gutenify-content-toggle-item-closed\"><div class=\"gutenify-content-toggle-item-header\"><h4>Qual \u00e9 o processo t\u00edpico de trabalho com a vossa consultora?<\/h4><button class=\"gutenify-content-toggle-item-handle\"><i class=\"fa fa-angle-up gutenify-angle-up\" aria-hidden=\"true\"><\/i><i class=\"fa fa-angle-down gutenify-angle-down\" aria-hidden=\"true\"><\/i><\/button><\/div><div class=\"gutenify-content-toggle-item-content\"> \n<p class=\"gutenify-section-8bd419a0-b7de-11ee-bb55-27e970ae1ad9\">O nosso processo envolve normalmente uma consulta inicial, uma an\u00e1lise completa das necessidades do seu neg\u00f3cio, o desenvolvimento de um plano personalizado e apoio cont\u00ednuo. Utilizamos metodologias comprovadas para garantir uma implementa\u00e7\u00e3o efectiva e resultados sustent\u00e1veis.<\/p>\n<\/div><\/div><\/div>\n\n\n\n<div class=\"wp-block-gutenify-content-toggle-item gutenify-block-content-toggle-item-wrapper gutenify-content-toggle-item-version-2 gutenify-section-8bd63c80-b7de-11ee-bb55-27e970ae1ad9\"><div class=\"gutenify-content-toggle-item-wrapper gutenify-content-toggle-item-closed\"><div class=\"gutenify-content-toggle-item-header\"><h4>Pode dar exemplos de projectos bem sucedidos ou de clientes com quem tenha trabalhado?<\/h4><button class=\"gutenify-content-toggle-item-handle\"><i class=\"fa fa-angle-up gutenify-angle-up\" aria-hidden=\"true\"><\/i><i class=\"fa fa-angle-down gutenify-angle-down\" aria-hidden=\"true\"><\/i><\/button><\/div><div class=\"gutenify-content-toggle-item-content\"> \n<p class=\"gutenify-section-8bd5a040-b7de-11ee-bb55-27e970ae1ad9\">A nossa equipa possui uma vasta experi\u00eancia em consultoria empresarial, com um historial de sucesso em v\u00e1rios sectores. Consulte os nossos estudos de caso para ver exemplos do nosso trabalho e testemunhos de clientes.<\/p>\n<\/div><\/div><\/div>\n\n\n\n<div class=\"wp-block-gutenify-content-toggle-item gutenify-block-content-toggle-item-wrapper gutenify-content-toggle-item-version-2 gutenify-section-18e9c6f6-a4a9-4a05-80c9-a657f4755fcc\"><div class=\"gutenify-content-toggle-item-wrapper gutenify-content-toggle-item-closed\"><div class=\"gutenify-content-toggle-item-header\"><h4>Como \u00e9 que determinam o custo dos vossos servi\u00e7os?<\/h4><button class=\"gutenify-content-toggle-item-handle\"><i class=\"fa fa-angle-up gutenify-angle-up\" aria-hidden=\"true\"><\/i><i class=\"fa fa-angle-down gutenify-angle-down\" aria-hidden=\"true\"><\/i><\/button><\/div><div class=\"gutenify-content-toggle-item-content\"> \n<p class=\"gutenify-section-8bd6ffd0-b7de-11ee-bb55-27e970ae1ad9\">Os nossos pre\u00e7os baseiam-se na complexidade e no \u00e2mbito do projeto. Oferecemos modelos de pre\u00e7os transparentes e a nossa equipa pode fornecer or\u00e7amentos detalhados depois de compreender os seus requisitos espec\u00edficos.<\/p>\n<\/div><\/div><\/div>\n\n\n\n<div class=\"wp-block-gutenify-content-toggle-item gutenify-block-content-toggle-item-wrapper gutenify-content-toggle-item-version-2 gutenify-section-2185f040-b7df-11ee-bb55-27e970ae1ad9\"><div class=\"gutenify-content-toggle-item-wrapper gutenify-content-toggle-item-closed\"><div class=\"gutenify-content-toggle-item-header\"><h4>Quanto tempo \u00e9 normalmente necess\u00e1rio para ver os resultados dos vossos servi\u00e7os de consultoria?<\/h4><button class=\"gutenify-content-toggle-item-handle\"><i class=\"fa fa-angle-up gutenify-angle-up\" aria-hidden=\"true\"><\/i><i class=\"fa fa-angle-down gutenify-angle-down\" aria-hidden=\"true\"><\/i><\/button><\/div><div class=\"gutenify-content-toggle-item-content\"> \n<p class=\"gutenify-section-2181d190-b7df-11ee-bb55-27e970ae1ad9\">O prazo para a obten\u00e7\u00e3o de resultados varia em fun\u00e7\u00e3o da natureza do projeto. Esfor\u00e7amo-nos por ser eficientes sem comprometer a qualidade, e os clientes v\u00eaem frequentemente resultados positivos nos primeiros meses de trabalho.<\/p>\n<\/div><\/div><\/div>\n\n\n\n<div class=\"wp-block-gutenify-content-toggle-item gutenify-block-content-toggle-item-wrapper gutenify-content-toggle-item-version-2 gutenify-section-47678260-b7df-11ee-bb55-27e970ae1ad9\"><div class=\"gutenify-content-toggle-item-wrapper gutenify-content-toggle-item-closed\"><div class=\"gutenify-content-toggle-item-header\"><h4>Como \u00e9 que colabora com os clientes ao longo do processo de consultoria?<\/h4><button class=\"gutenify-content-toggle-item-handle\"><i class=\"fa fa-angle-up gutenify-angle-up\" aria-hidden=\"true\"><\/i><i class=\"fa fa-angle-down gutenify-angle-down\" aria-hidden=\"true\"><\/i><\/button><\/div><div class=\"gutenify-content-toggle-item-content\"> \n<p class=\"gutenify-section-47644e10-b7df-11ee-bb55-27e970ae1ad9\">Valorizamos a comunica\u00e7\u00e3o e a colabora\u00e7\u00e3o abertas. Durante todo o processo de consultoria, mantemos uma comunica\u00e7\u00e3o regular com os clientes, fornecendo actualiza\u00e7\u00f5es, abordando preocupa\u00e7\u00f5es e incorporando feedback para garantir o sucesso m\u00fatuo.<\/p>\n<\/div><\/div><\/div>\n\n\n\n<div class=\"wp-block-gutenify-content-toggle-item gutenify-block-content-toggle-item-wrapper gutenify-content-toggle-item-version-2 gutenify-section-6851b7c0-b7df-11ee-bb55-27e970ae1ad9\"><div class=\"gutenify-content-toggle-item-wrapper gutenify-content-toggle-item-closed\"><div class=\"gutenify-content-toggle-item-header\"><h4>\u00c9 especializado em ind\u00fastrias espec\u00edficas ou trabalha com empresas de v\u00e1rios sectores? Como \u00e9 que adapta os seus servi\u00e7os para satisfazer as necessidades espec\u00edficas de diferentes sectores?<\/h4><button class=\"gutenify-content-toggle-item-handle\"><i class=\"fa fa-angle-up gutenify-angle-up\" aria-hidden=\"true\"><\/i><i class=\"fa fa-angle-down gutenify-angle-down\" aria-hidden=\"true\"><\/i><\/button><\/div><div class=\"gutenify-content-toggle-item-content\"> \n<p class=\"gutenify-section-684eaa80-b7df-11ee-bb55-27e970ae1ad9\">Embora tenhamos experi\u00eancia em v\u00e1rias ind\u00fastrias, a nossa abordagem \u00e9 adapt\u00e1vel a diferentes sectores. Dedicamos tempo a compreender os desafios e oportunidades \u00fanicos de cada ind\u00fastria, adaptando os nossos servi\u00e7os em conformidade.<\/p>\n<\/div><\/div><\/div>\n\n\n\n<div class=\"wp-block-gutenify-content-toggle-item gutenify-block-content-toggle-item-wrapper gutenify-content-toggle-item-version-2 gutenify-section-9c936740-b7df-11ee-bb55-27e970ae1ad9\"><div class=\"gutenify-content-toggle-item-wrapper gutenify-content-toggle-item-closed\"><div class=\"gutenify-content-toggle-item-header\"><h4>Como \u00e9 que trata a confidencialidade e as informa\u00e7\u00f5es comerciais sens\u00edveis?<\/h4><button class=\"gutenify-content-toggle-item-handle\"><i class=\"fa fa-angle-up gutenify-angle-up\" aria-hidden=\"true\"><\/i><i class=\"fa fa-angle-down gutenify-angle-down\" aria-hidden=\"true\"><\/i><\/button><\/div><div class=\"gutenify-content-toggle-item-content\"> \n<p class=\"gutenify-section-9c908110-b7df-11ee-bb55-27e970ae1ad9\">Levamos a s\u00e9rio a confidencialidade do cliente e adoptamos medidas robustas para salvaguardar informa\u00e7\u00f5es sens\u00edveis. Os nossos servi\u00e7os de consultoria cumprem todas as normas legais e \u00e9ticas relevantes.<\/p>\n<\/div><\/div><\/div>\n\n\n\n<div class=\"wp-block-gutenify-content-toggle-item gutenify-block-content-toggle-item-wrapper gutenify-content-toggle-item-version-2 gutenify-section-ba878e20-b7df-11ee-bb55-27e970ae1ad9\"><div class=\"gutenify-content-toggle-item-wrapper gutenify-content-toggle-item-closed\"><div class=\"gutenify-content-toggle-item-header\"><h4>Oferecem garantias ou reembolsos pelos vossos servi\u00e7os de consultoria?<\/h4><button class=\"gutenify-content-toggle-item-handle\"><i class=\"fa fa-angle-up gutenify-angle-up\" aria-hidden=\"true\"><\/i><i class=\"fa fa-angle-down gutenify-angle-down\" aria-hidden=\"true\"><\/i><\/button><\/div><div class=\"gutenify-content-toggle-item-content\"> \n<p class=\"gutenify-section-ba8480e0-b7df-11ee-bb55-27e970ae1ad9\">Embora os resultados possam variar, estamos empenhados na satisfa\u00e7\u00e3o do cliente. Se alguma vez estiver insatisfeito com os nossos servi\u00e7os, contacte-nos para discutir as suas preocupa\u00e7\u00f5es e trabalharemos para encontrar uma solu\u00e7\u00e3o.<\/p>\n<\/div><\/div><\/div>\n\n\n\n<div class=\"wp-block-gutenify-content-toggle-item gutenify-block-content-toggle-item-wrapper gutenify-content-toggle-item-version-2 gutenify-section-fe0a1e10-b7df-11ee-bb55-27e970ae1ad9\"><div class=\"gutenify-content-toggle-item-wrapper gutenify-content-toggle-item-closed\"><div class=\"gutenify-content-toggle-item-header\"><h4>Como \u00e9 que os potenciais clientes podem entrar em contacto com a vossa empresa de consultoria?<\/h4><button class=\"gutenify-content-toggle-item-handle\"><i class=\"fa fa-angle-up gutenify-angle-up\" aria-hidden=\"true\"><\/i><i class=\"fa fa-angle-down gutenify-angle-down\" aria-hidden=\"true\"><\/i><\/button><\/div><div class=\"gutenify-content-toggle-item-content\"> \n<p class=\"gutenify-section-fe06e9c0-b7df-11ee-bb55-27e970ae1ad9\">Para mais informa\u00e7\u00f5es, pode contactar-nos atrav\u00e9s do endere\u00e7o hello@polatco.com. A nossa equipa dedicada est\u00e1 pronta para o ajudar e responder a quaisquer perguntas adicionais que possa ter.<\/p>\n<\/div><\/div><\/div>\n<\/div>\n<\/div><\/div>\n<\/div>\n<\/div>","protected":false},"excerpt":{"rendered":"","protected":false},"author":1,"featured_media":0,"parent":0,"menu_order":0,"comment_status":"closed","ping_status":"closed","template":"page-no-title","meta":{"gutenify_custom_css":"","gutenify_custom_css_data":"","footnotes":""},"class_list":["post-826","page","type-page","status-publish","hentry"],"yoast_head":"<!-- This site is optimized with the Yoast SEO Premium plugin v21.7 (Yoast SEO v23.6) - https:\/\/yoast.com\/wordpress\/plugins\/seo\/ -->\n<title>Faq - PolatCo Business Consulting<\/title>\n<meta name=\"robots\" content=\"index, follow, max-snippet:-1, max-image-preview:large, max-video-preview:-1\" \/>\n<link rel=\"canonical\" href=\"https:\/\/www.polatco.com\/pt\/faq\/\" \/>\n<meta property=\"og:locale\" content=\"pt_PT\" \/>\n<meta property=\"og:type\" content=\"article\" \/>\n<meta property=\"og:title\" content=\"Faq\" \/>\n<meta property=\"og:url\" content=\"https:\/\/www.polatco.com\/pt\/faq\/\" \/>\n<meta property=\"og:site_name\" content=\"PolatCo Business Consulting\" \/>\n<meta property=\"article:publisher\" content=\"https:\/\/www.facebook.com\/polatcosocial\" \/>\n<meta property=\"article:modified_time\" content=\"2024-01-20T22:08:17+00:00\" \/>\n<meta property=\"og:image\" content=\"https:\/\/demo.gutenify.com\/gutenify-capital\/wp-content\/uploads\/sites\/97\/2022\/08\/ssw.jpg\" \/>\n<meta name=\"twitter:card\" content=\"summary_large_image\" \/>\n<meta name=\"twitter:site\" content=\"@polatcoofficial\" \/>\n<meta name=\"twitter:label1\" content=\"Tempo estimado de leitura\" \/>\n\t<meta name=\"twitter:data1\" content=\"3 minutos\" \/>\n<script type=\"application\/ld+json\" class=\"yoast-schema-graph\">{\"@context\":\"https:\/\/schema.org\",\"@graph\":[{\"@type\":\"WebPage\",\"@id\":\"https:\/\/www.polatco.com\/faq\/\",\"url\":\"https:\/\/www.polatco.com\/faq\/\",\"name\":\"Faq - PolatCo Business Consulting\",\"isPartOf\":{\"@id\":\"https:\/\/www.polatco.com\/#website\"},\"primaryImageOfPage\":{\"@id\":\"https:\/\/www.polatco.com\/faq\/#primaryimage\"},\"image\":{\"@id\":\"https:\/\/www.polatco.com\/faq\/#primaryimage\"},\"thumbnailUrl\":\"https:\/\/demo.gutenify.com\/gutenify-capital\/wp-content\/uploads\/sites\/97\/2022\/08\/ssw.jpg\",\"datePublished\":\"2022-05-06T15:28:48+00:00\",\"dateModified\":\"2024-01-20T22:08:17+00:00\",\"breadcrumb\":{\"@id\":\"https:\/\/www.polatco.com\/faq\/#breadcrumb\"},\"inLanguage\":\"pt-PT\",\"potentialAction\":[{\"@type\":\"ReadAction\",\"target\":[\"https:\/\/www.polatco.com\/faq\/\"]}]},{\"@type\":\"ImageObject\",\"inLanguage\":\"pt-PT\",\"@id\":\"https:\/\/www.polatco.com\/faq\/#primaryimage\",\"url\":\"https:\/\/demo.gutenify.com\/gutenify-capital\/wp-content\/uploads\/sites\/97\/2022\/08\/ssw.jpg\",\"contentUrl\":\"https:\/\/demo.gutenify.com\/gutenify-capital\/wp-content\/uploads\/sites\/97\/2022\/08\/ssw.jpg\"},{\"@type\":\"BreadcrumbList\",\"@id\":\"https:\/\/www.polatco.com\/faq\/#breadcrumb\",\"itemListElement\":[{\"@type\":\"ListItem\",\"position\":1,\"name\":\"Home\",\"item\":\"https:\/\/www.polatco.com\/\"},{\"@type\":\"ListItem\",\"position\":2,\"name\":\"Faq\"}]},{\"@type\":\"WebSite\",\"@id\":\"https:\/\/www.polatco.com\/#website\",\"url\":\"https:\/\/www.polatco.com\/\",\"name\":\"PolatCo Business Consulting\",\"description\":\"Specializing in business consulting, we offer comprehensive solutions in strategic management, financial analysis, and operational excellence. Join us to improve your business and gain a competitive edge\",\"publisher\":{\"@id\":\"https:\/\/www.polatco.com\/#organization\"},\"potentialAction\":[{\"@type\":\"SearchAction\",\"target\":{\"@type\":\"EntryPoint\",\"urlTemplate\":\"https:\/\/www.polatco.com\/?s={search_term_string}\"},\"query-input\":{\"@type\":\"PropertyValueSpecification\",\"valueRequired\":true,\"valueName\":\"search_term_string\"}}],\"inLanguage\":\"pt-PT\"},{\"@type\":\"Organization\",\"@id\":\"https:\/\/www.polatco.com\/#organization\",\"name\":\"PolatCo Business Consulting\",\"url\":\"https:\/\/www.polatco.com\/\",\"logo\":{\"@type\":\"ImageObject\",\"inLanguage\":\"pt-PT\",\"@id\":\"https:\/\/www.polatco.com\/#\/schema\/logo\/image\/\",\"url\":\"https:\/\/www.polatco.com\/wp-content\/uploads\/2024\/01\/polatco-logo-hd.png\",\"contentUrl\":\"https:\/\/www.polatco.com\/wp-content\/uploads\/2024\/01\/polatco-logo-hd.png\",\"width\":500,\"height\":500,\"caption\":\"PolatCo Business Consulting\"},\"image\":{\"@id\":\"https:\/\/www.polatco.com\/#\/schema\/logo\/image\/\"},\"sameAs\":[\"https:\/\/www.facebook.com\/polatcosocial\",\"https:\/\/x.com\/polatcoofficial\"]}]}<\/script>\n<!-- \/ Yoast SEO Premium plugin. -->","yoast_head_json":{"title":"Faq - PolatCo Business Consulting","robots":{"index":"index","follow":"follow","max-snippet":"max-snippet:-1","max-image-preview":"max-image-preview:large","max-video-preview":"max-video-preview:-1"},"canonical":"https:\/\/www.polatco.com\/pt\/faq\/","og_locale":"pt_PT","og_type":"article","og_title":"Faq","og_url":"https:\/\/www.polatco.com\/pt\/faq\/","og_site_name":"PolatCo Business Consulting","article_publisher":"https:\/\/www.facebook.com\/polatcosocial","article_modified_time":"2024-01-20T22:08:17+00:00","og_image":[{"url":"https:\/\/demo.gutenify.com\/gutenify-capital\/wp-content\/uploads\/sites\/97\/2022\/08\/ssw.jpg"}],"twitter_card":"summary_large_image","twitter_site":"@polatcoofficial","twitter_misc":{"Tempo estimado de leitura":"3 minutos"},"schema":{"@context":"https:\/\/schema.org","@graph":[{"@type":"WebPage","@id":"https:\/\/www.polatco.com\/faq\/","url":"https:\/\/www.polatco.com\/faq\/","name":"Faq - PolatCo Business Consulting","isPartOf":{"@id":"https:\/\/www.polatco.com\/#website"},"primaryImageOfPage":{"@id":"https:\/\/www.polatco.com\/faq\/#primaryimage"},"image":{"@id":"https:\/\/www.polatco.com\/faq\/#primaryimage"},"thumbnailUrl":"https:\/\/demo.gutenify.com\/gutenify-capital\/wp-content\/uploads\/sites\/97\/2022\/08\/ssw.jpg","datePublished":"2022-05-06T15:28:48+00:00","dateModified":"2024-01-20T22:08:17+00:00","breadcrumb":{"@id":"https:\/\/www.polatco.com\/faq\/#breadcrumb"},"inLanguage":"pt-PT","potentialAction":[{"@type":"ReadAction","target":["https:\/\/www.polatco.com\/faq\/"]}]},{"@type":"ImageObject","inLanguage":"pt-PT","@id":"https:\/\/www.polatco.com\/faq\/#primaryimage","url":"https:\/\/demo.gutenify.com\/gutenify-capital\/wp-content\/uploads\/sites\/97\/2022\/08\/ssw.jpg","contentUrl":"https:\/\/demo.gutenify.com\/gutenify-capital\/wp-content\/uploads\/sites\/97\/2022\/08\/ssw.jpg"},{"@type":"BreadcrumbList","@id":"https:\/\/www.polatco.com\/faq\/#breadcrumb","itemListElement":[{"@type":"ListItem","position":1,"name":"Home","item":"https:\/\/www.polatco.com\/"},{"@type":"ListItem","position":2,"name":"Faq"}]},{"@type":"WebSite","@id":"https:\/\/www.polatco.com\/#website","url":"https:\/\/www.polatco.com\/","name":"PolatCo Business Consulting","description":"Specializing in business consulting, we offer comprehensive solutions in strategic management, financial analysis, and operational excellence. Join us to improve your business and gain a competitive edge","publisher":{"@id":"https:\/\/www.polatco.com\/#organization"},"potentialAction":[{"@type":"SearchAction","target":{"@type":"EntryPoint","urlTemplate":"https:\/\/www.polatco.com\/?s={search_term_string}"},"query-input":{"@type":"PropertyValueSpecification","valueRequired":true,"valueName":"search_term_string"}}],"inLanguage":"pt-PT"},{"@type":"Organization","@id":"https:\/\/www.polatco.com\/#organization","name":"PolatCo Business Consulting","url":"https:\/\/www.polatco.com\/","logo":{"@type":"ImageObject","inLanguage":"pt-PT","@id":"https:\/\/www.polatco.com\/#\/schema\/logo\/image\/","url":"https:\/\/www.polatco.com\/wp-content\/uploads\/2024\/01\/polatco-logo-hd.png","contentUrl":"https:\/\/www.polatco.com\/wp-content\/uploads\/2024\/01\/polatco-logo-hd.png","width":500,"height":500,"caption":"PolatCo Business Consulting"},"image":{"@id":"https:\/\/www.polatco.com\/#\/schema\/logo\/image\/"},"sameAs":["https:\/\/www.facebook.com\/polatcosocial","https:\/\/x.com\/polatcoofficial"]}]}},"jetpack_sharing_enabled":true,"_links":{"self":[{"href":"https:\/\/www.polatco.com\/pt\/wp-json\/wp\/v2\/pages\/826","targetHints":{"allow":["GET"]}}],"collection":[{"href":"https:\/\/www.polatco.com\/pt\/wp-json\/wp\/v2\/pages"}],"about":[{"href":"https:\/\/www.polatco.com\/pt\/wp-json\/wp\/v2\/types\/page"}],"author":[{"embeddable":true,"href":"https:\/\/www.polatco.com\/pt\/wp-json\/wp\/v2\/users\/1"}],"replies":[{"embeddable":true,"href":"https:\/\/www.polatco.com\/pt\/wp-json\/wp\/v2\/comments?post=826"}],"version-history":[{"count":2,"href":"https:\/\/www.polatco.com\/pt\/wp-json\/wp\/v2\/pages\/826\/revisions"}],"predecessor-version":[{"id":4444,"href":"https:\/\/www.polatco.com\/pt\/wp-json\/wp\/v2\/pages\/826\/revisions\/4444"}],"wp:attachment":[{"href":"https:\/\/www.polatco.com\/pt\/wp-json\/wp\/v2\/media?parent=826"}],"curies":[{"name":"wp","href":"https:\/\/api.w.org\/{rel}","templated":true}]}}