{"id":4483,"date":"2024-09-13T16:17:26","date_gmt":"2024-09-13T13:17:26","guid":{"rendered":"https:\/\/www.polatco.com\/?page_id=4483"},"modified":"2024-09-14T12:24:37","modified_gmt":"2024-09-14T09:24:37","slug":"market-research-for-business-growth-polatco-consulting","status":"publish","type":"page","link":"https:\/\/www.polatco.com\/pt\/estudos-de-mercado-para-o-crescimento-das-empresas-polatco-consulting\/","title":{"rendered":"Estudos de mercado para o crescimento do neg\u00f3cio | PolatCo Consulting"},"content":{"rendered":"<div data-elementor-type=\"wp-page\" data-elementor-id=\"4483\" class=\"elementor elementor-4483\" data-elementor-post-type=\"page\">\n\t\t\t\t\t\t<section class=\"elementor-section elementor-top-section elementor-element elementor-element-136f596b elementor-section-full_width elementor-section-height-default elementor-section-height-default\" data-id=\"136f596b\" data-element_type=\"section\">\n\t\t\t\t\t\t<div class=\"elementor-container elementor-column-gap-default\">\n\t\t\t\t\t<div class=\"elementor-column elementor-col-100 elementor-top-column elementor-element elementor-element-3fef4739\" data-id=\"3fef4739\" data-element_type=\"column\">\n\t\t\t<div class=\"elementor-widget-wrap elementor-element-populated\">\n\t\t\t\t\t\t<div class=\"elementor-element elementor-element-6926e13e elementor-widget elementor-widget-text-editor\" data-id=\"6926e13e\" data-element_type=\"widget\" data-widget_type=\"text-editor.default\">\n\t\t\t\t<div class=\"elementor-widget-container\">\n\t\t\t\t\t\t\t<p><!-- wp:heading {\"level\":1,\"blockClientId\":\"447cef80-71c1-11ef-9991-05f033e485f8\"} --><\/p>\n<h1 id=\"h-about-us\" class=\"wp-block-heading gutenify-section-447cef80-71c1-11ef-9991-05f033e485f8\">Sobre n\u00f3s na Market Research for Business Growth<\/h1>\n<p><!-- \/wp:heading --><!-- wp:paragraph {\"blockClientId\":\"fba42f10-71c2-11ef-9991-05f033e485f8\"} --><\/p>\n<h2 class=\"gutenify-section-fba42f10-71c2-11ef-9991-05f033e485f8\"><strong>Estudos de mercado para o crescimento das empresas<\/strong><\/h2>\n<p><!-- \/wp:paragraph --><!-- wp:paragraph {\"blockClientId\":\"b1ac06d0-71c2-11ef-9991-05f033e485f8\"} --><\/p>\n<p class=\"gutenify-section-b1ac06d0-71c2-11ef-9991-05f033e485f8\">Na PolatCo Business Consulting, estamos aqui para o ajudar a tomar decis\u00f5es mais inteligentes no que diz respeito ao seu mercado. Quer esteja \u00e0 procura de expans\u00e3o, <em><strong>analisar os concorrentes<\/strong><\/em>A nossa empresa est\u00e1 a desenvolver a sua estrat\u00e9gia de neg\u00f3cio, quer seja para uma empresa de grande dimens\u00e3o ou para uma nova regi\u00e3o, fornecemos as ferramentas e os conhecimentos necess\u00e1rios para orientar a sua estrat\u00e9gia.<\/p>\n<p><!-- \/wp:paragraph --><!-- wp:paragraph {\"blockClientId\":\"b2d5e0d0-71c2-11ef-9991-05f033e485f8\"} --><\/p>\n<h2><strong>PolatCo Business Consulting - Intelig\u00eancia de Mercado e Estrat\u00e9gia<\/strong><\/h2>\n<p><!-- \/wp:paragraph --><!-- wp:paragraph {\"blockClientId\":\"447dd9e0-71c1-11ef-9991-05f033e485f8\"} --><\/p>\n<p class=\"gutenify-section-447dd9e0-71c1-11ef-9991-05f033e485f8\">A PolatCo foi fundada com a miss\u00e3o de se tornar uma fonte l\u00edder de intelig\u00eancia de mercado na arena global. A nossa vis\u00e3o centra-se na capacita\u00e7\u00e3o das empresas atrav\u00e9s de estudos de mercado de ponta, aproveitando os dados para fornecer os mais elevados padr\u00f5es de servi\u00e7o e apoiando os nossos clientes na obten\u00e7\u00e3o de um sucesso duradouro.<\/p>\n<p><!-- \/wp:paragraph --><!-- wp:paragraph {\"blockClientId\":\"447e4f10-71c1-11ef-9991-05f033e485f8\"} --><\/p>\n<p class=\"gutenify-section-447e4f10-71c1-11ef-9991-05f033e485f8\">Ajudamos as empresas a obter uma vantagem competitiva, oferecendo as \u00faltimas tend\u00eancias do mercado e um conhecimento profundo. Os nossos servi\u00e7os de investiga\u00e7\u00e3o e consultoria personalizados contribuem para o desenvolvimento estrat\u00e9gico em mercados-alvo, enquanto a nossa experi\u00eancia em intelig\u00eancia e gest\u00e3o empresarial ajuda as empresas a maximizar o seu potencial.<\/p>\n<p><!-- \/wp:paragraph --><!-- wp:separator {\"blockClientId\":\"447e9d30-71c1-11ef-9991-05f033e485f8\"} --><\/p>\n<hr class=\"wp-block-separator has-alpha-channel-opacity gutenify-section-447e9d30-71c1-11ef-9991-05f033e485f8\" \/>\n<p><!-- \/wp:separator --><!-- wp:heading {\"level\":3,\"blockClientId\":\"447f1260-71c1-11ef-9991-05f033e485f8\"} --><\/p>\n<h2><span style=\"color: #008000;\"><img fetchpriority=\"high\" decoding=\"async\" class=\"aligncenter wp-image-4491\" src=\"https:\/\/www.polatco.com\/wp-content\/uploads\/2024\/09\/market-research.png\" alt=\"\" width=\"546\" height=\"429\" srcset=\"https:\/\/www.polatco.com\/wp-content\/uploads\/2024\/09\/market-research.png 500w, https:\/\/www.polatco.com\/wp-content\/uploads\/2024\/09\/market-research-300x236.png 300w, https:\/\/www.polatco.com\/wp-content\/uploads\/2024\/09\/market-research-15x12.png 15w\" sizes=\"(max-width: 546px) 100vw, 546px\" \/><\/span><\/h2>\n<h2>Servi\u00e7os de consultoria<\/h2>\n<p><!-- \/wp:heading --><!-- wp:paragraph {\"blockClientId\":\"447f6080-71c1-11ef-9991-05f033e485f8\"} --><\/p>\n<h3><strong>Porqu\u00ea escolher a PolatCo Consulting?<\/strong><\/h3>\n<p><!-- \/wp:paragraph --><!-- wp:paragraph {\"blockClientId\":\"447fd5b0-71c1-11ef-9991-05f033e485f8\"} --><\/p>\n<p class=\"gutenify-section-447fd5b0-71c1-11ef-9991-05f033e485f8\">A parceria com a PolatCo traz in\u00fameras vantagens para as empresas que procuram manter-se \u00e0 frente no atual panorama competitivo. A nossa equipa de especialistas \u00e9 especializada em oferecer solu\u00e7\u00f5es personalizadas que est\u00e3o alinhadas com os seus objectivos estrat\u00e9gicos, assegurando que se pode adaptar rapidamente \u00e0s mudan\u00e7as do mercado e ganhar uma vantagem competitiva.<\/p>\n<p><!-- \/wp:paragraph --><!-- wp:paragraph {\"blockClientId\":\"448023d0-71c1-11ef-9991-05f033e485f8\"} --><\/p>\n<p class=\"gutenify-section-448023d0-71c1-11ef-9991-05f033e485f8\">Al\u00e9m disso, os nossos servi\u00e7os de consultoria ajudam as empresas a otimizar os processos internos e a aumentar a efici\u00eancia global. Ao oferecer uma perspetiva externa, fornecemos informa\u00e7\u00f5es valiosas para melhorar as opera\u00e7\u00f5es comerciais e identificar \u00e1reas de melhoria. Os nossos consultores trabalham em estreita colabora\u00e7\u00e3o com a sua equipa, destacando os pontos fortes e abordando os pontos fracos para estabelecer uma base para o crescimento sustent\u00e1vel.<\/p>\n<p><!-- \/wp:paragraph --><!-- wp:separator {\"blockClientId\":\"44809900-71c1-11ef-9991-05f033e485f8\"} --><\/p>\n<hr class=\"wp-block-separator has-alpha-channel-opacity gutenify-section-44809900-71c1-11ef-9991-05f033e485f8\" \/>\n<p><!-- \/wp:separator --><!-- wp:heading {\"level\":3,\"blockClientId\":\"4480e720-71c1-11ef-9991-05f033e485f8\"} --><\/p>\n<h3 id=\"h-the-importance-of-targeted-market-entry\" class=\"wp-block-heading gutenify-section-4480e720-71c1-11ef-9991-05f033e485f8\">A import\u00e2ncia de uma entrada no mercado direcionada<\/h3>\n<p><!-- \/wp:heading --><!-- wp:paragraph {\"blockClientId\":\"44813540-71c1-11ef-9991-05f033e485f8\"} --><\/p>\n<p class=\"gutenify-section-44813540-71c1-11ef-9991-05f033e485f8\">A entrada no mercado orientada \u00e9 fundamental para direcionar os seus recursos e energia para o produto ou servi\u00e7o certo em mercados espec\u00edficos. Esta estrat\u00e9gia permite que as empresas avaliem as oportunidades em que est\u00e3o melhor posicionadas para serem bem sucedidas, concentrando-se em \u00e1reas onde t\u00eam os maiores pontos fortes.<\/p>\n<p><!-- \/wp:paragraph --><!-- wp:paragraph {\"blockClientId\":\"4481aa70-71c1-11ef-9991-05f033e485f8\"} --><\/p>\n<p class=\"gutenify-section-4481aa70-71c1-11ef-9991-05f033e485f8\">Um dos principais benef\u00edcios \u00e9 a obten\u00e7\u00e3o de uma vantagem competitiva atrav\u00e9s do aproveitamento dos seus conhecimentos especializados. Al\u00e9m disso, a focaliza\u00e7\u00e3o num mercado espec\u00edfico permite estrat\u00e9gias de marketing e vendas mais precisas, apresentando uma oferta mais clara e convincente aos clientes. Esta abordagem tamb\u00e9m assegura um melhor alinhamento com a procura local e as necessidades dos clientes, permitindo que a sua empresa alcance um sucesso mais sustent\u00e1vel \u00e0 escala global.<\/p>\n<p><!-- \/wp:paragraph --><!-- wp:separator {\"blockClientId\":\"44821fa0-71c1-11ef-9991-05f033e485f8\"} --><\/p>\n<hr class=\"wp-block-separator has-alpha-channel-opacity gutenify-section-44821fa0-71c1-11ef-9991-05f033e485f8\" \/>\n<p><!-- \/wp:separator --><!-- wp:heading {\"level\":3,\"blockClientId\":\"448294d0-71c1-11ef-9991-05f033e485f8\"} --><\/p>\n<h3 id=\"h-the-advantages-of-polatco-s-services\" class=\"wp-block-heading gutenify-section-448294d0-71c1-11ef-9991-05f033e485f8\">As vantagens dos servi\u00e7os da PolatCo<\/h3>\n<p><!-- \/wp:heading --><!-- wp:paragraph {\"blockClientId\":\"44833110-71c1-11ef-9991-05f033e485f8\"} --><\/p>\n<p class=\"gutenify-section-44833110-71c1-11ef-9991-05f033e485f8\">Na PolatCo, fazemos a diferen\u00e7a no mercado global com os benef\u00edcios que os nossos servi\u00e7os trazem \u00e0s empresas. Ao centrarmo-nos nas necessidades dos nossos clientes, a nossa intelig\u00eancia estrat\u00e9gica e a nossa equipa de especialistas ajudam as empresas a aumentar a sua vantagem competitiva e a alcan\u00e7ar um sucesso sustent\u00e1vel.<\/p>\n<p><!-- \/wp:paragraph --><!-- wp:separator {\"blockClientId\":\"4483cd50-71c1-11ef-9991-05f033e485f8\"} --><\/p>\n<hr class=\"wp-block-separator has-alpha-channel-opacity gutenify-section-4483cd50-71c1-11ef-9991-05f033e485f8\" \/>\n<p><!-- \/wp:separator --><!-- wp:heading {\"level\":3,\"blockClientId\":\"44844280-71c1-11ef-9991-05f033e485f8\"} --><\/p>\n<h2><span style=\"color: #008000;\">Tem perguntas?<\/span><\/h2>\n<p><!-- \/wp:heading --><!-- wp:paragraph {\"blockClientId\":\"4484b7b0-71c1-11ef-9991-05f033e485f8\"} --><\/p>\n<p class=\"gutenify-section-4484b7b0-71c1-11ef-9991-05f033e485f8\">Na PolatCo, estamos aqui para eliminar a incerteza e oferecer solu\u00e7\u00f5es claras para os desafios do seu neg\u00f3cio. A nossa equipa experiente est\u00e1 pronta para responder \u00e0s suas quest\u00f5es e ajud\u00e1-lo a ultrapassar obst\u00e1culos. Quer pretenda aperfei\u00e7oar as suas estrat\u00e9gias comerciais, aumentar a sua vantagem competitiva ou obter orienta\u00e7\u00e3o sobre processos comerciais, a PolatCo est\u00e1 aqui para si.<\/p>\n<p><!-- \/wp:paragraph --><!-- wp:separator {\"blockClientId\":\"4485c920-71c1-11ef-9991-05f033e485f8\"} --><\/p>\n<hr class=\"wp-block-separator has-alpha-channel-opacity gutenify-section-4485c920-71c1-11ef-9991-05f033e485f8\" \/>\n<p><!-- \/wp:separator --><\/p>\t\t\t\t\t\t<\/div>\n\t\t\t\t<\/div>\n\t\t\t\t\t<\/div>\n\t\t<\/div>\n\t\t\t\t\t<\/div>\n\t\t<\/section>\n\t\t\t\t<\/div>","protected":false},"excerpt":{"rendered":"<p>About Us at Market Research for Business Growth Market Research for Business Growth At PolatCo [&hellip;]<\/p>","protected":false},"author":1,"featured_media":0,"parent":0,"menu_order":0,"comment_status":"closed","ping_status":"closed","template":"elementor_theme","meta":{"gutenify_custom_css":"","gutenify_custom_css_data":"","footnotes":""},"class_list":["post-4483","page","type-page","status-publish","hentry"],"yoast_head":"<!-- This site is optimized with the Yoast SEO Premium plugin v21.7 (Yoast SEO v23.6) - https:\/\/yoast.com\/wordpress\/plugins\/seo\/ -->\n<title>Market Research for Business Growth | PolatCo Consulting - PolatCo Business Consulting<\/title>\n<meta name=\"robots\" content=\"index, follow, max-snippet:-1, max-image-preview:large, max-video-preview:-1\" \/>\n<link rel=\"canonical\" href=\"https:\/\/www.polatco.com\/pt\/estudos-de-mercado-para-o-crescimento-das-empresas-polatco-consulting\/\" \/>\n<meta property=\"og:locale\" content=\"pt_PT\" \/>\n<meta property=\"og:type\" content=\"article\" \/>\n<meta property=\"og:title\" content=\"Market Research for Business Growth | PolatCo Consulting\" \/>\n<meta property=\"og:description\" content=\"About Us at Market Research for Business Growth Market Research for Business Growth At PolatCo [&hellip;]\" \/>\n<meta property=\"og:url\" content=\"https:\/\/www.polatco.com\/pt\/estudos-de-mercado-para-o-crescimento-das-empresas-polatco-consulting\/\" \/>\n<meta property=\"og:site_name\" content=\"PolatCo Business Consulting\" \/>\n<meta property=\"article:publisher\" content=\"https:\/\/www.facebook.com\/polatcosocial\" \/>\n<meta property=\"article:modified_time\" content=\"2024-09-14T09:24:37+00:00\" \/>\n<meta property=\"og:image\" content=\"https:\/\/www.polatco.com\/wp-content\/uploads\/2024\/09\/market-research.png\" \/>\n<meta name=\"twitter:card\" content=\"summary_large_image\" \/>\n<meta name=\"twitter:site\" content=\"@polatcoofficial\" \/>\n<meta name=\"twitter:label1\" content=\"Tempo estimado de leitura\" \/>\n\t<meta name=\"twitter:data1\" content=\"3 minutos\" \/>\n<script type=\"application\/ld+json\" class=\"yoast-schema-graph\">{\"@context\":\"https:\/\/schema.org\",\"@graph\":[{\"@type\":\"WebPage\",\"@id\":\"https:\/\/www.polatco.com\/market-research-for-business-growth-polatco-consulting\/\",\"url\":\"https:\/\/www.polatco.com\/market-research-for-business-growth-polatco-consulting\/\",\"name\":\"Market Research for Business Growth | PolatCo Consulting - PolatCo Business Consulting\",\"isPartOf\":{\"@id\":\"https:\/\/www.polatco.com\/#website\"},\"primaryImageOfPage\":{\"@id\":\"https:\/\/www.polatco.com\/market-research-for-business-growth-polatco-consulting\/#primaryimage\"},\"image\":{\"@id\":\"https:\/\/www.polatco.com\/market-research-for-business-growth-polatco-consulting\/#primaryimage\"},\"thumbnailUrl\":\"https:\/\/www.polatco.com\/wp-content\/uploads\/2024\/09\/market-research.png\",\"datePublished\":\"2024-09-13T13:17:26+00:00\",\"dateModified\":\"2024-09-14T09:24:37+00:00\",\"breadcrumb\":{\"@id\":\"https:\/\/www.polatco.com\/market-research-for-business-growth-polatco-consulting\/#breadcrumb\"},\"inLanguage\":\"pt-PT\",\"potentialAction\":[{\"@type\":\"ReadAction\",\"target\":[\"https:\/\/www.polatco.com\/market-research-for-business-growth-polatco-consulting\/\"]}]},{\"@type\":\"ImageObject\",\"inLanguage\":\"pt-PT\",\"@id\":\"https:\/\/www.polatco.com\/market-research-for-business-growth-polatco-consulting\/#primaryimage\",\"url\":\"https:\/\/www.polatco.com\/wp-content\/uploads\/2024\/09\/market-research.png\",\"contentUrl\":\"https:\/\/www.polatco.com\/wp-content\/uploads\/2024\/09\/market-research.png\"},{\"@type\":\"BreadcrumbList\",\"@id\":\"https:\/\/www.polatco.com\/market-research-for-business-growth-polatco-consulting\/#breadcrumb\",\"itemListElement\":[{\"@type\":\"ListItem\",\"position\":1,\"name\":\"Home\",\"item\":\"https:\/\/www.polatco.com\/\"},{\"@type\":\"ListItem\",\"position\":2,\"name\":\"Market Research for Business Growth | PolatCo Consulting\"}]},{\"@type\":\"WebSite\",\"@id\":\"https:\/\/www.polatco.com\/#website\",\"url\":\"https:\/\/www.polatco.com\/\",\"name\":\"PolatCo Business Consulting\",\"description\":\"Specializing in business consulting, we offer comprehensive solutions in strategic management, financial analysis, and operational excellence. Join us to improve your business and gain a competitive edge\",\"publisher\":{\"@id\":\"https:\/\/www.polatco.com\/#organization\"},\"potentialAction\":[{\"@type\":\"SearchAction\",\"target\":{\"@type\":\"EntryPoint\",\"urlTemplate\":\"https:\/\/www.polatco.com\/?s={search_term_string}\"},\"query-input\":{\"@type\":\"PropertyValueSpecification\",\"valueRequired\":true,\"valueName\":\"search_term_string\"}}],\"inLanguage\":\"pt-PT\"},{\"@type\":\"Organization\",\"@id\":\"https:\/\/www.polatco.com\/#organization\",\"name\":\"PolatCo Business Consulting\",\"url\":\"https:\/\/www.polatco.com\/\",\"logo\":{\"@type\":\"ImageObject\",\"inLanguage\":\"pt-PT\",\"@id\":\"https:\/\/www.polatco.com\/#\/schema\/logo\/image\/\",\"url\":\"https:\/\/www.polatco.com\/wp-content\/uploads\/2024\/01\/polatco-logo-hd.png\",\"contentUrl\":\"https:\/\/www.polatco.com\/wp-content\/uploads\/2024\/01\/polatco-logo-hd.png\",\"width\":500,\"height\":500,\"caption\":\"PolatCo Business Consulting\"},\"image\":{\"@id\":\"https:\/\/www.polatco.com\/#\/schema\/logo\/image\/\"},\"sameAs\":[\"https:\/\/www.facebook.com\/polatcosocial\",\"https:\/\/x.com\/polatcoofficial\"]}]}<\/script>\n<!-- \/ Yoast SEO Premium plugin. -->","yoast_head_json":{"title":"Market Research for Business Growth | PolatCo Consulting - PolatCo Business Consulting","robots":{"index":"index","follow":"follow","max-snippet":"max-snippet:-1","max-image-preview":"max-image-preview:large","max-video-preview":"max-video-preview:-1"},"canonical":"https:\/\/www.polatco.com\/pt\/estudos-de-mercado-para-o-crescimento-das-empresas-polatco-consulting\/","og_locale":"pt_PT","og_type":"article","og_title":"Market Research for Business Growth | PolatCo Consulting","og_description":"About Us at Market Research for Business Growth Market Research for Business Growth At PolatCo [&hellip;]","og_url":"https:\/\/www.polatco.com\/pt\/estudos-de-mercado-para-o-crescimento-das-empresas-polatco-consulting\/","og_site_name":"PolatCo Business Consulting","article_publisher":"https:\/\/www.facebook.com\/polatcosocial","article_modified_time":"2024-09-14T09:24:37+00:00","og_image":[{"url":"https:\/\/www.polatco.com\/wp-content\/uploads\/2024\/09\/market-research.png"}],"twitter_card":"summary_large_image","twitter_site":"@polatcoofficial","twitter_misc":{"Tempo estimado de leitura":"3 minutos"},"schema":{"@context":"https:\/\/schema.org","@graph":[{"@type":"WebPage","@id":"https:\/\/www.polatco.com\/market-research-for-business-growth-polatco-consulting\/","url":"https:\/\/www.polatco.com\/market-research-for-business-growth-polatco-consulting\/","name":"Market Research for Business Growth | PolatCo Consulting - PolatCo Business Consulting","isPartOf":{"@id":"https:\/\/www.polatco.com\/#website"},"primaryImageOfPage":{"@id":"https:\/\/www.polatco.com\/market-research-for-business-growth-polatco-consulting\/#primaryimage"},"image":{"@id":"https:\/\/www.polatco.com\/market-research-for-business-growth-polatco-consulting\/#primaryimage"},"thumbnailUrl":"https:\/\/www.polatco.com\/wp-content\/uploads\/2024\/09\/market-research.png","datePublished":"2024-09-13T13:17:26+00:00","dateModified":"2024-09-14T09:24:37+00:00","breadcrumb":{"@id":"https:\/\/www.polatco.com\/market-research-for-business-growth-polatco-consulting\/#breadcrumb"},"inLanguage":"pt-PT","potentialAction":[{"@type":"ReadAction","target":["https:\/\/www.polatco.com\/market-research-for-business-growth-polatco-consulting\/"]}]},{"@type":"ImageObject","inLanguage":"pt-PT","@id":"https:\/\/www.polatco.com\/market-research-for-business-growth-polatco-consulting\/#primaryimage","url":"https:\/\/www.polatco.com\/wp-content\/uploads\/2024\/09\/market-research.png","contentUrl":"https:\/\/www.polatco.com\/wp-content\/uploads\/2024\/09\/market-research.png"},{"@type":"BreadcrumbList","@id":"https:\/\/www.polatco.com\/market-research-for-business-growth-polatco-consulting\/#breadcrumb","itemListElement":[{"@type":"ListItem","position":1,"name":"Home","item":"https:\/\/www.polatco.com\/"},{"@type":"ListItem","position":2,"name":"Market Research for Business Growth | PolatCo Consulting"}]},{"@type":"WebSite","@id":"https:\/\/www.polatco.com\/#website","url":"https:\/\/www.polatco.com\/","name":"PolatCo Business Consulting","description":"Specializing in business consulting, we offer comprehensive solutions in strategic management, financial analysis, and operational excellence. Join us to improve your business and gain a competitive edge","publisher":{"@id":"https:\/\/www.polatco.com\/#organization"},"potentialAction":[{"@type":"SearchAction","target":{"@type":"EntryPoint","urlTemplate":"https:\/\/www.polatco.com\/?s={search_term_string}"},"query-input":{"@type":"PropertyValueSpecification","valueRequired":true,"valueName":"search_term_string"}}],"inLanguage":"pt-PT"},{"@type":"Organization","@id":"https:\/\/www.polatco.com\/#organization","name":"PolatCo Business Consulting","url":"https:\/\/www.polatco.com\/","logo":{"@type":"ImageObject","inLanguage":"pt-PT","@id":"https:\/\/www.polatco.com\/#\/schema\/logo\/image\/","url":"https:\/\/www.polatco.com\/wp-content\/uploads\/2024\/01\/polatco-logo-hd.png","contentUrl":"https:\/\/www.polatco.com\/wp-content\/uploads\/2024\/01\/polatco-logo-hd.png","width":500,"height":500,"caption":"PolatCo Business Consulting"},"image":{"@id":"https:\/\/www.polatco.com\/#\/schema\/logo\/image\/"},"sameAs":["https:\/\/www.facebook.com\/polatcosocial","https:\/\/x.com\/polatcoofficial"]}]}},"jetpack_sharing_enabled":true,"_links":{"self":[{"href":"https:\/\/www.polatco.com\/pt\/wp-json\/wp\/v2\/pages\/4483","targetHints":{"allow":["GET"]}}],"collection":[{"href":"https:\/\/www.polatco.com\/pt\/wp-json\/wp\/v2\/pages"}],"about":[{"href":"https:\/\/www.polatco.com\/pt\/wp-json\/wp\/v2\/types\/page"}],"author":[{"embeddable":true,"href":"https:\/\/www.polatco.com\/pt\/wp-json\/wp\/v2\/users\/1"}],"replies":[{"embeddable":true,"href":"https:\/\/www.polatco.com\/pt\/wp-json\/wp\/v2\/comments?post=4483"}],"version-history":[{"count":32,"href":"https:\/\/www.polatco.com\/pt\/wp-json\/wp\/v2\/pages\/4483\/revisions"}],"predecessor-version":[{"id":4533,"href":"https:\/\/www.polatco.com\/pt\/wp-json\/wp\/v2\/pages\/4483\/revisions\/4533"}],"wp:attachment":[{"href":"https:\/\/www.polatco.com\/pt\/wp-json\/wp\/v2\/media?parent=4483"}],"curies":[{"name":"wp","href":"https:\/\/api.w.org\/{rel}","templated":true}]}}