{"id":2,"date":"2023-05-22T12:06:26","date_gmt":"2023-05-22T12:06:26","guid":{"rendered":"https:\/\/www.polatco.com\/?page_id=2"},"modified":"2023-05-22T20:04:37","modified_gmt":"2023-05-22T17:04:37","slug":"about-us","status":"publish","type":"page","link":"https:\/\/www.polatco.com\/pt\/sobre-nos\/","title":{"rendered":"Uma das formas mais r\u00e1pidas de obter sucesso empresarial"},"content":{"rendered":"<p>Bem-vindo ao nosso s\u00edtio Web de consultoria empresarial, onde lhe fornecemos as ferramentas, estrat\u00e9gias e conhecimentos necess\u00e1rios para alcan\u00e7ar um crescimento r\u00e1pido e sustent\u00e1vel. Compreendemos que, no atual panorama empresarial din\u00e2mico e competitivo, manter-se \u00e0 frente da curva \u00e9 crucial para o seu sucesso. \u00c9 por isso que estamos aqui para o capacitar com conhecimentos pr\u00e1ticos, solu\u00e7\u00f5es personalizadas e apoio inigual\u00e1vel.<\/p>\n\n\n\n<p>A nossa abordagem:<\/p>\n\n\n\n<p>Na PolatCO, acreditamos que cada neg\u00f3cio \u00e9 \u00fanico e requer uma abordagem personalizada para atingir os seus objectivos. Dedicamos tempo para compreender os seus desafios, oportunidades e aspira\u00e7\u00f5es espec\u00edficas. A nossa equipa de consultores experientes combina um profundo conhecimento da ind\u00fastria com uma abordagem baseada em dados para criar estrat\u00e9gias abrangentes que geram resultados.<\/p>\n\n\n\n<p>O que nos distingue:<\/p>\n\n\n\n<ol class=\"wp-block-list\">\n<li>Hist\u00f3rico comprovado: Com anos de experi\u00eancia a trabalhar com empresas de todas as dimens\u00f5es e em diversos sectores, temos um registo comprovado de resultados mensur\u00e1veis. Os nossos clientes alcan\u00e7am consistentemente um crescimento significativo e uma maior rentabilidade atrav\u00e9s da nossa orienta\u00e7\u00e3o.<\/li>\n\n\n\n<li>Solu\u00e7\u00f5es hol\u00edsticas: Vamos al\u00e9m das correc\u00e7\u00f5es superficiais e fornecemos solu\u00e7\u00f5es hol\u00edsticas que abordam as causas profundas dos seus desafios empresariais. Quer necessite de assist\u00eancia na an\u00e1lise de mercado, planeamento estrat\u00e9gico, otimiza\u00e7\u00e3o operacional ou gest\u00e3o de talentos, a nossa abordagem abrangente garante o sucesso a longo prazo.<\/li>\n\n\n\n<li>Parceria colaborativa: Encaramos a nossa rela\u00e7\u00e3o com os clientes como uma parceria, trabalhando lado a lado para desbloquear todo o potencial do seu neg\u00f3cio. Valorizamos a comunica\u00e7\u00e3o aberta, a transpar\u00eancia e um profundo compromisso com o seu sucesso. Juntos, vamos navegar pelas complexidades do seu sector e ultrapassar obst\u00e1culos para alcan\u00e7ar novos patamares.<\/li>\n<\/ol>\n\n\n\n<p>Os nossos servi\u00e7os:<\/p>\n\n\n\n<ol class=\"wp-block-list\">\n<li>Planeamento estrat\u00e9gico: Desenvolver uma vis\u00e3o clara e convincente para o seu neg\u00f3cio, identificar objectivos estrat\u00e9gicos e tra\u00e7ar um roteiro para alcan\u00e7ar um crescimento sustent\u00e1vel.<\/li>\n\n\n\n<li>An\u00e1lise de mercado: Obtenha conhecimentos profundos sobre o seu mercado-alvo, compreenda as necessidades e prefer\u00eancias dos clientes e tire partido dos dados para identificar oportunidades inexploradas.<\/li>\n\n\n\n<li>Otimiza\u00e7\u00e3o operacional: Simplifique os seus processos de neg\u00f3cio, melhore a efici\u00eancia e maximize a produtividade para reduzir os custos e melhorar o desempenho geral.<\/li>\n\n\n\n<li>Gest\u00e3o de talentos: Criar uma equipa de elevado desempenho, atrair e reter os melhores talentos e promover uma cultura de inova\u00e7\u00e3o e melhoria cont\u00ednua.<\/li>\n\n\n\n<li>Gest\u00e3o de mudan\u00e7as: Navegar com sucesso pelas mudan\u00e7as organizacionais, implementar novas iniciativas e garantir transi\u00e7\u00f5es suaves, minimizando as perturba\u00e7\u00f5es.<\/li>\n<\/ol>\n\n\n\n<p>Entre em contacto:<\/p>\n\n\n\n<p>Pronto para levar o seu neg\u00f3cio para o pr\u00f3ximo n\u00edvel? Contacte-nos hoje para agendar uma consulta com os nossos consultores experientes. Vamos embarcar juntos nesta viagem transformadora e desbloquear todo o potencial do seu neg\u00f3cio.<\/p>\n\n\n\n<p>Lembre-se, na PolatCO, estamos empenhados em ser o seu parceiro de confian\u00e7a no caminho para o sucesso empresarial.<\/p>","protected":false},"excerpt":{"rendered":"<p>Bem-vindo ao nosso s\u00edtio Web de consultoria empresarial, onde lhe fornecemos as ferramentas, estrat\u00e9gias e [...]<\/p>","protected":false},"author":1,"featured_media":0,"parent":0,"menu_order":0,"comment_status":"closed","ping_status":"open","template":"","meta":{"gutenify_custom_css":"","gutenify_custom_css_data":"","footnotes":""},"class_list":["post-2","page","type-page","status-publish","hentry"],"yoast_head":"<!-- This site is optimized with the Yoast SEO Premium plugin v21.7 (Yoast SEO v23.6) - https:\/\/yoast.com\/wordpress\/plugins\/seo\/ -->\n<title>One of the Fastest Ways to Gain Business Success - PolatCo Business Consulting<\/title>\n<meta name=\"robots\" content=\"index, follow, max-snippet:-1, max-image-preview:large, max-video-preview:-1\" \/>\n<link rel=\"canonical\" href=\"https:\/\/www.polatco.com\/pt\/sobre-nos\/\" \/>\n<meta property=\"og:locale\" content=\"pt_PT\" \/>\n<meta property=\"og:type\" content=\"article\" \/>\n<meta property=\"og:title\" content=\"One of the Fastest Ways to Gain Business Success\" \/>\n<meta property=\"og:description\" content=\"Welcome to our business consulting website, where we provide you with the tools, strategies, and [&hellip;]\" \/>\n<meta property=\"og:url\" content=\"https:\/\/www.polatco.com\/pt\/sobre-nos\/\" \/>\n<meta property=\"og:site_name\" content=\"PolatCo Business Consulting\" \/>\n<meta property=\"article:publisher\" content=\"https:\/\/www.facebook.com\/polatcosocial\" \/>\n<meta property=\"article:modified_time\" content=\"2023-05-22T17:04:37+00:00\" \/>\n<meta name=\"twitter:card\" content=\"summary_large_image\" \/>\n<meta name=\"twitter:site\" content=\"@polatcoofficial\" \/>\n<meta name=\"twitter:label1\" content=\"Tempo estimado de leitura\" \/>\n\t<meta name=\"twitter:data1\" content=\"2 minutos\" \/>\n<script type=\"application\/ld+json\" class=\"yoast-schema-graph\">{\"@context\":\"https:\/\/schema.org\",\"@graph\":[{\"@type\":\"WebPage\",\"@id\":\"https:\/\/www.polatco.com\/about-us\/\",\"url\":\"https:\/\/www.polatco.com\/about-us\/\",\"name\":\"One of the Fastest Ways to Gain Business Success - PolatCo Business Consulting\",\"isPartOf\":{\"@id\":\"https:\/\/www.polatco.com\/#website\"},\"datePublished\":\"2023-05-22T12:06:26+00:00\",\"dateModified\":\"2023-05-22T17:04:37+00:00\",\"breadcrumb\":{\"@id\":\"https:\/\/www.polatco.com\/about-us\/#breadcrumb\"},\"inLanguage\":\"pt-PT\",\"potentialAction\":[{\"@type\":\"ReadAction\",\"target\":[\"https:\/\/www.polatco.com\/about-us\/\"]}]},{\"@type\":\"BreadcrumbList\",\"@id\":\"https:\/\/www.polatco.com\/about-us\/#breadcrumb\",\"itemListElement\":[{\"@type\":\"ListItem\",\"position\":1,\"name\":\"Home\",\"item\":\"https:\/\/www.polatco.com\/\"},{\"@type\":\"ListItem\",\"position\":2,\"name\":\"One of the Fastest Ways to Gain Business Success\"}]},{\"@type\":\"WebSite\",\"@id\":\"https:\/\/www.polatco.com\/#website\",\"url\":\"https:\/\/www.polatco.com\/\",\"name\":\"PolatCo Business Consulting\",\"description\":\"Specializing in business consulting, we offer comprehensive solutions in strategic management, financial analysis, and operational excellence. Join us to improve your business and gain a competitive edge\",\"publisher\":{\"@id\":\"https:\/\/www.polatco.com\/#organization\"},\"potentialAction\":[{\"@type\":\"SearchAction\",\"target\":{\"@type\":\"EntryPoint\",\"urlTemplate\":\"https:\/\/www.polatco.com\/?s={search_term_string}\"},\"query-input\":{\"@type\":\"PropertyValueSpecification\",\"valueRequired\":true,\"valueName\":\"search_term_string\"}}],\"inLanguage\":\"pt-PT\"},{\"@type\":\"Organization\",\"@id\":\"https:\/\/www.polatco.com\/#organization\",\"name\":\"PolatCo Business Consulting\",\"url\":\"https:\/\/www.polatco.com\/\",\"logo\":{\"@type\":\"ImageObject\",\"inLanguage\":\"pt-PT\",\"@id\":\"https:\/\/www.polatco.com\/#\/schema\/logo\/image\/\",\"url\":\"https:\/\/www.polatco.com\/wp-content\/uploads\/2024\/01\/polatco-logo-hd.png\",\"contentUrl\":\"https:\/\/www.polatco.com\/wp-content\/uploads\/2024\/01\/polatco-logo-hd.png\",\"width\":500,\"height\":500,\"caption\":\"PolatCo Business Consulting\"},\"image\":{\"@id\":\"https:\/\/www.polatco.com\/#\/schema\/logo\/image\/\"},\"sameAs\":[\"https:\/\/www.facebook.com\/polatcosocial\",\"https:\/\/x.com\/polatcoofficial\"]}]}<\/script>\n<!-- \/ Yoast SEO Premium plugin. -->","yoast_head_json":{"title":"One of the Fastest Ways to Gain Business Success - PolatCo Business Consulting","robots":{"index":"index","follow":"follow","max-snippet":"max-snippet:-1","max-image-preview":"max-image-preview:large","max-video-preview":"max-video-preview:-1"},"canonical":"https:\/\/www.polatco.com\/pt\/sobre-nos\/","og_locale":"pt_PT","og_type":"article","og_title":"One of the Fastest Ways to Gain Business Success","og_description":"Welcome to our business consulting website, where we provide you with the tools, strategies, and [&hellip;]","og_url":"https:\/\/www.polatco.com\/pt\/sobre-nos\/","og_site_name":"PolatCo Business Consulting","article_publisher":"https:\/\/www.facebook.com\/polatcosocial","article_modified_time":"2023-05-22T17:04:37+00:00","twitter_card":"summary_large_image","twitter_site":"@polatcoofficial","twitter_misc":{"Tempo estimado de leitura":"2 minutos"},"schema":{"@context":"https:\/\/schema.org","@graph":[{"@type":"WebPage","@id":"https:\/\/www.polatco.com\/about-us\/","url":"https:\/\/www.polatco.com\/about-us\/","name":"One of the Fastest Ways to Gain Business Success - PolatCo Business Consulting","isPartOf":{"@id":"https:\/\/www.polatco.com\/#website"},"datePublished":"2023-05-22T12:06:26+00:00","dateModified":"2023-05-22T17:04:37+00:00","breadcrumb":{"@id":"https:\/\/www.polatco.com\/about-us\/#breadcrumb"},"inLanguage":"pt-PT","potentialAction":[{"@type":"ReadAction","target":["https:\/\/www.polatco.com\/about-us\/"]}]},{"@type":"BreadcrumbList","@id":"https:\/\/www.polatco.com\/about-us\/#breadcrumb","itemListElement":[{"@type":"ListItem","position":1,"name":"Home","item":"https:\/\/www.polatco.com\/"},{"@type":"ListItem","position":2,"name":"One of the Fastest Ways to Gain Business Success"}]},{"@type":"WebSite","@id":"https:\/\/www.polatco.com\/#website","url":"https:\/\/www.polatco.com\/","name":"PolatCo Business Consulting","description":"Specializing in business consulting, we offer comprehensive solutions in strategic management, financial analysis, and operational excellence. Join us to improve your business and gain a competitive edge","publisher":{"@id":"https:\/\/www.polatco.com\/#organization"},"potentialAction":[{"@type":"SearchAction","target":{"@type":"EntryPoint","urlTemplate":"https:\/\/www.polatco.com\/?s={search_term_string}"},"query-input":{"@type":"PropertyValueSpecification","valueRequired":true,"valueName":"search_term_string"}}],"inLanguage":"pt-PT"},{"@type":"Organization","@id":"https:\/\/www.polatco.com\/#organization","name":"PolatCo Business Consulting","url":"https:\/\/www.polatco.com\/","logo":{"@type":"ImageObject","inLanguage":"pt-PT","@id":"https:\/\/www.polatco.com\/#\/schema\/logo\/image\/","url":"https:\/\/www.polatco.com\/wp-content\/uploads\/2024\/01\/polatco-logo-hd.png","contentUrl":"https:\/\/www.polatco.com\/wp-content\/uploads\/2024\/01\/polatco-logo-hd.png","width":500,"height":500,"caption":"PolatCo Business Consulting"},"image":{"@id":"https:\/\/www.polatco.com\/#\/schema\/logo\/image\/"},"sameAs":["https:\/\/www.facebook.com\/polatcosocial","https:\/\/x.com\/polatcoofficial"]}]}},"jetpack_sharing_enabled":true,"_links":{"self":[{"href":"https:\/\/www.polatco.com\/pt\/wp-json\/wp\/v2\/pages\/2","targetHints":{"allow":["GET"]}}],"collection":[{"href":"https:\/\/www.polatco.com\/pt\/wp-json\/wp\/v2\/pages"}],"about":[{"href":"https:\/\/www.polatco.com\/pt\/wp-json\/wp\/v2\/types\/page"}],"author":[{"embeddable":true,"href":"https:\/\/www.polatco.com\/pt\/wp-json\/wp\/v2\/users\/1"}],"replies":[{"embeddable":true,"href":"https:\/\/www.polatco.com\/pt\/wp-json\/wp\/v2\/comments?post=2"}],"version-history":[{"count":2,"href":"https:\/\/www.polatco.com\/pt\/wp-json\/wp\/v2\/pages\/2\/revisions"}],"predecessor-version":[{"id":4439,"href":"https:\/\/www.polatco.com\/pt\/wp-json\/wp\/v2\/pages\/2\/revisions\/4439"}],"wp:attachment":[{"href":"https:\/\/www.polatco.com\/pt\/wp-json\/wp\/v2\/media?parent=2"}],"curies":[{"name":"wp","href":"https:\/\/api.w.org\/{rel}","templated":true}]}}