{"id":4153,"date":"2023-12-12T15:48:04","date_gmt":"2023-12-12T12:48:04","guid":{"rendered":"https:\/\/www.polatco.com\/?page_id=4153"},"modified":"2023-12-28T23:03:50","modified_gmt":"2023-12-28T20:03:50","slug":"your-blueprint-for-success-establishing-your-business-in-turkey","status":"publish","type":"page","link":"https:\/\/www.polatco.com\/it\/il-tuo-progetto-per-il-successo-istituire-la-tua-azienda-in-turchia\/","title":{"rendered":"Il vostro progetto di successo: Stabilire la propria attivit\u00e0 in Turchia"},"content":{"rendered":"<p class=\"gutenify-section-eaec5bd0-a5bb-11ee-9471-03baa1bf802d\">Benvenuti nell'eccitante mondo delle opportunit\u00e0 commerciali in Turchia! Congratulazioni per aver fatto il primo passo per trasformare il vostro sogno imprenditoriale in realt\u00e0. I nostri servizi su misura sono stati creati per guidarvi e sostenervi in ogni fase del vostro percorso imprenditoriale. Scoprite come possiamo essere il vostro partner di fiducia per navigare nel panorama imprenditoriale turco.<\/p>\n\n\n\n<figure class=\"wp-block-image size-full gutenify-section-f57b9b10-a5bb-11ee-9471-03baa1bf802d\"><img fetchpriority=\"high\" decoding=\"async\" width=\"1024\" height=\"1024\" src=\"https:\/\/www.polatco.com\/wp-content\/uploads\/2023\/12\/286cb1c4-1737-4dab-9885-b425b99c4072.jpg\" alt=\"\" class=\"wp-image-4170\" srcset=\"https:\/\/www.polatco.com\/wp-content\/uploads\/2023\/12\/286cb1c4-1737-4dab-9885-b425b99c4072.jpg 1024w, https:\/\/www.polatco.com\/wp-content\/uploads\/2023\/12\/286cb1c4-1737-4dab-9885-b425b99c4072-300x300.jpg 300w, https:\/\/www.polatco.com\/wp-content\/uploads\/2023\/12\/286cb1c4-1737-4dab-9885-b425b99c4072-150x150.jpg 150w, https:\/\/www.polatco.com\/wp-content\/uploads\/2023\/12\/286cb1c4-1737-4dab-9885-b425b99c4072-768x768.jpg 768w, https:\/\/www.polatco.com\/wp-content\/uploads\/2023\/12\/286cb1c4-1737-4dab-9885-b425b99c4072-12x12.jpg 12w\" sizes=\"(max-width: 1024px) 100vw, 1024px\" \/><\/figure>\n\n\n\n<p class=\"gutenify-section-04ee12d0-a5bc-11ee-9471-03baa1bf802d\"><\/p>\n\n\n\n<ol class=\"gutenify-section-eaed9450-a5bb-11ee-9471-03baa1bf802d wp-block-list\">\n<li class=\"gutenify-section-eaecd100-a5bb-11ee-9471-03baa1bf802d\"><strong>Approfondimenti sul mercato turco:<\/strong> Navigare nel dinamico mercato turco richiede una conoscenza approfondita. I nostri esperti di ricerche di mercato offrono spunti preziosi per scoprire le opportunit\u00e0 che si allineano perfettamente con i vostri obiettivi aziendali.<\/li>\n\n\n\n<li class=\"gutenify-section-eaed1f20-a5bb-11ee-9471-03baa1bf802d\"><strong>Armonia legale:<\/strong> Operare all'interno del quadro legale non \u00e8 negoziabile. Il nostro team legale \u00e8 a disposizione per smascherare le complessit\u00e0, assicurando che la vostra azienda sia conforme alle leggi commerciali turche per un'attivit\u00e0 regolare e conforme alla legge.<\/li>\n\n\n\n<li class=\"gutenify-section-eaed4630-a5bb-11ee-9471-03baa1bf802d\"><strong>Tabella di marcia strategica:<\/strong> Il successo richiede un piano ben fatto. Beneficiate di piani strategici personalizzati che si allineano perfettamente alla vostra visione, fornendo un percorso chiaro per stabilire e far crescere la vostra attivit\u00e0 in modo efficace.<\/li>\n<\/ol>\n\n\n\n<p class=\"gutenify-section-eaede270-a5bb-11ee-9471-03baa1bf802d\"><strong>Perch\u00e9 scegliere noi:<\/strong><\/p>\n\n\n\n<p class=\"gutenify-section-eaee0980-a5bb-11ee-9471-03baa1bf802d\">\u2728 <strong>Guida su misura per voi:<\/strong> Sperimentate un'assistenza pratica personalizzata in base alle vostre esigenze aziendali. Siamo qui per assicurarci che vi sentiate ben supportati in ogni fase del vostro percorso imprenditoriale.<\/p>\n\n\n\n<p class=\"gutenify-section-eaee57a0-a5bb-11ee-9471-03baa1bf802d\">\ud83d\ude80 <strong>Ottenere un vantaggio competitivo:<\/strong> Sfruttate la potenza delle nostre soluzioni personalizzate per ottenere un vantaggio competitivo nel vivace mercato turco, posizionando la vostra azienda per un successo duraturo.<\/p>\n\n\n\n<p class=\"gutenify-section-eaeeccd0-a5bb-11ee-9471-03baa1bf802d\">\ud83c\udfaf <strong>Pianificazione orientata al successo:<\/strong> La nostra pianificazione strategica non riguarda solo l'inizio, ma anche il mantenimento del successo. Beneficiate di piani dettagliati progettati per far progredire la vostra attivit\u00e0, assicurandovi longevit\u00e0 e prosperit\u00e0.<\/p>\n\n\n\n<p class=\"gutenify-section-14715370-a5bc-11ee-9471-03baa1bf802d\"><\/p>\n\n\n\n<figure class=\"wp-block-image size-full gutenify-section-188d9270-a5bc-11ee-9471-03baa1bf802d\"><img decoding=\"async\" width=\"1024\" height=\"1024\" src=\"https:\/\/www.polatco.com\/wp-content\/uploads\/2023\/12\/0361bfaf-ff0d-4eae-833b-e1d757d6a7e2.jpg\" alt=\"\" class=\"wp-image-4172\" srcset=\"https:\/\/www.polatco.com\/wp-content\/uploads\/2023\/12\/0361bfaf-ff0d-4eae-833b-e1d757d6a7e2.jpg 1024w, https:\/\/www.polatco.com\/wp-content\/uploads\/2023\/12\/0361bfaf-ff0d-4eae-833b-e1d757d6a7e2-300x300.jpg 300w, https:\/\/www.polatco.com\/wp-content\/uploads\/2023\/12\/0361bfaf-ff0d-4eae-833b-e1d757d6a7e2-150x150.jpg 150w, https:\/\/www.polatco.com\/wp-content\/uploads\/2023\/12\/0361bfaf-ff0d-4eae-833b-e1d757d6a7e2-768x768.jpg 768w, https:\/\/www.polatco.com\/wp-content\/uploads\/2023\/12\/0361bfaf-ff0d-4eae-833b-e1d757d6a7e2-12x12.jpg 12w\" sizes=\"(max-width: 1024px) 100vw, 1024px\" \/><\/figure>\n\n\n\n<p class=\"gutenify-section-eaef1af0-a5bb-11ee-9471-03baa1bf802d\"><strong>Siete pronti a trasformare il vostro sogno in realt\u00e0?<\/strong> Cliccate qui sotto per entrare in contatto con noi e dare il via al vostro successo imprenditoriale nel cuore della Turchia!<\/p>\n\n\n\n<p class=\"gutenify-section-eaef6910-a5bb-11ee-9471-03baa1bf802d\">[Contattaci]<\/p>\n\n\n\n<p class=\"gutenify-section-eaf0c8a0-a5bb-11ee-9471-03baa1bf802d\">Intraprendete la strada del successo nel panorama imprenditoriale turco con noi al vostro fianco! \ud83d\udcbc\ud83c\udf0d #StartupTurkey #BusinessOpportunities #Entrepreneurship #MarketEntry #EconomicExpansion<\/p>","protected":false},"excerpt":{"rendered":"<p>Benvenuti nell'eccitante mondo delle opportunit\u00e0 commerciali in Turchia! Congratulazioni per aver intrapreso la prima [...]<\/p>","protected":false},"author":1,"featured_media":0,"parent":0,"menu_order":0,"comment_status":"closed","ping_status":"closed","template":"","meta":{"gutenify_custom_css":"","gutenify_custom_css_data":"","footnotes":""},"class_list":["post-4153","page","type-page","status-publish","hentry"],"yoast_head":"<!-- This site is optimized with the Yoast SEO Premium plugin v21.7 (Yoast SEO v23.6) - https:\/\/yoast.com\/wordpress\/plugins\/seo\/ -->\n<title>Your Blueprint for Success: Establishing Your Business in Turkey - PolatCo Business Consulting<\/title>\n<meta name=\"robots\" content=\"index, follow, max-snippet:-1, max-image-preview:large, max-video-preview:-1\" \/>\n<link rel=\"canonical\" href=\"https:\/\/www.polatco.com\/it\/il-tuo-progetto-per-il-successo-istituire-la-tua-azienda-in-turchia\/\" \/>\n<meta property=\"og:locale\" content=\"it_IT\" \/>\n<meta property=\"og:type\" content=\"article\" \/>\n<meta property=\"og:title\" content=\"Your Blueprint for Success: Establishing Your Business in Turkey\" \/>\n<meta property=\"og:description\" content=\"Welcome to the exciting world of business opportunities in Turkey! Congratulations on taking the first [&hellip;]\" \/>\n<meta property=\"og:url\" content=\"https:\/\/www.polatco.com\/it\/il-tuo-progetto-per-il-successo-istituire-la-tua-azienda-in-turchia\/\" \/>\n<meta property=\"og:site_name\" content=\"PolatCo Business Consulting\" \/>\n<meta property=\"article:publisher\" content=\"https:\/\/www.facebook.com\/polatcosocial\" \/>\n<meta property=\"article:modified_time\" content=\"2023-12-28T20:03:50+00:00\" \/>\n<meta property=\"og:image\" content=\"https:\/\/www.polatco.com\/wp-content\/uploads\/2023\/12\/286cb1c4-1737-4dab-9885-b425b99c4072.jpg\" \/>\n<meta name=\"twitter:card\" content=\"summary_large_image\" \/>\n<meta name=\"twitter:site\" content=\"@polatcoofficial\" \/>\n<meta name=\"twitter:label1\" content=\"Tempo di lettura stimato\" \/>\n\t<meta name=\"twitter:data1\" content=\"1 minuto\" \/>\n<script type=\"application\/ld+json\" class=\"yoast-schema-graph\">{\"@context\":\"https:\/\/schema.org\",\"@graph\":[{\"@type\":\"WebPage\",\"@id\":\"https:\/\/www.polatco.com\/your-blueprint-for-success-establishing-your-business-in-turkey\/\",\"url\":\"https:\/\/www.polatco.com\/your-blueprint-for-success-establishing-your-business-in-turkey\/\",\"name\":\"Your Blueprint for Success: Establishing Your Business in Turkey - PolatCo Business Consulting\",\"isPartOf\":{\"@id\":\"https:\/\/www.polatco.com\/#website\"},\"primaryImageOfPage\":{\"@id\":\"https:\/\/www.polatco.com\/your-blueprint-for-success-establishing-your-business-in-turkey\/#primaryimage\"},\"image\":{\"@id\":\"https:\/\/www.polatco.com\/your-blueprint-for-success-establishing-your-business-in-turkey\/#primaryimage\"},\"thumbnailUrl\":\"https:\/\/www.polatco.com\/wp-content\/uploads\/2023\/12\/286cb1c4-1737-4dab-9885-b425b99c4072.jpg\",\"datePublished\":\"2023-12-12T12:48:04+00:00\",\"dateModified\":\"2023-12-28T20:03:50+00:00\",\"breadcrumb\":{\"@id\":\"https:\/\/www.polatco.com\/your-blueprint-for-success-establishing-your-business-in-turkey\/#breadcrumb\"},\"inLanguage\":\"it-IT\",\"potentialAction\":[{\"@type\":\"ReadAction\",\"target\":[\"https:\/\/www.polatco.com\/your-blueprint-for-success-establishing-your-business-in-turkey\/\"]}]},{\"@type\":\"ImageObject\",\"inLanguage\":\"it-IT\",\"@id\":\"https:\/\/www.polatco.com\/your-blueprint-for-success-establishing-your-business-in-turkey\/#primaryimage\",\"url\":\"https:\/\/www.polatco.com\/wp-content\/uploads\/2023\/12\/286cb1c4-1737-4dab-9885-b425b99c4072.jpg\",\"contentUrl\":\"https:\/\/www.polatco.com\/wp-content\/uploads\/2023\/12\/286cb1c4-1737-4dab-9885-b425b99c4072.jpg\"},{\"@type\":\"BreadcrumbList\",\"@id\":\"https:\/\/www.polatco.com\/your-blueprint-for-success-establishing-your-business-in-turkey\/#breadcrumb\",\"itemListElement\":[{\"@type\":\"ListItem\",\"position\":1,\"name\":\"Home\",\"item\":\"https:\/\/www.polatco.com\/\"},{\"@type\":\"ListItem\",\"position\":2,\"name\":\"Your Blueprint for Success: Establishing Your Business in Turkey\"}]},{\"@type\":\"WebSite\",\"@id\":\"https:\/\/www.polatco.com\/#website\",\"url\":\"https:\/\/www.polatco.com\/\",\"name\":\"PolatCo Business Consulting\",\"description\":\"Specializing in business consulting, we offer comprehensive solutions in strategic management, financial analysis, and operational excellence. Join us to improve your business and gain a competitive edge\",\"publisher\":{\"@id\":\"https:\/\/www.polatco.com\/#organization\"},\"potentialAction\":[{\"@type\":\"SearchAction\",\"target\":{\"@type\":\"EntryPoint\",\"urlTemplate\":\"https:\/\/www.polatco.com\/?s={search_term_string}\"},\"query-input\":{\"@type\":\"PropertyValueSpecification\",\"valueRequired\":true,\"valueName\":\"search_term_string\"}}],\"inLanguage\":\"it-IT\"},{\"@type\":\"Organization\",\"@id\":\"https:\/\/www.polatco.com\/#organization\",\"name\":\"PolatCo Business Consulting\",\"url\":\"https:\/\/www.polatco.com\/\",\"logo\":{\"@type\":\"ImageObject\",\"inLanguage\":\"it-IT\",\"@id\":\"https:\/\/www.polatco.com\/#\/schema\/logo\/image\/\",\"url\":\"https:\/\/www.polatco.com\/wp-content\/uploads\/2024\/01\/polatco-logo-hd.png\",\"contentUrl\":\"https:\/\/www.polatco.com\/wp-content\/uploads\/2024\/01\/polatco-logo-hd.png\",\"width\":500,\"height\":500,\"caption\":\"PolatCo Business Consulting\"},\"image\":{\"@id\":\"https:\/\/www.polatco.com\/#\/schema\/logo\/image\/\"},\"sameAs\":[\"https:\/\/www.facebook.com\/polatcosocial\",\"https:\/\/x.com\/polatcoofficial\"]}]}<\/script>\n<!-- \/ Yoast SEO Premium plugin. -->","yoast_head_json":{"title":"Your Blueprint for Success: Establishing Your Business in Turkey - PolatCo Business Consulting","robots":{"index":"index","follow":"follow","max-snippet":"max-snippet:-1","max-image-preview":"max-image-preview:large","max-video-preview":"max-video-preview:-1"},"canonical":"https:\/\/www.polatco.com\/it\/il-tuo-progetto-per-il-successo-istituire-la-tua-azienda-in-turchia\/","og_locale":"it_IT","og_type":"article","og_title":"Your Blueprint for Success: Establishing Your Business in Turkey","og_description":"Welcome to the exciting world of business opportunities in Turkey! Congratulations on taking the first [&hellip;]","og_url":"https:\/\/www.polatco.com\/it\/il-tuo-progetto-per-il-successo-istituire-la-tua-azienda-in-turchia\/","og_site_name":"PolatCo Business Consulting","article_publisher":"https:\/\/www.facebook.com\/polatcosocial","article_modified_time":"2023-12-28T20:03:50+00:00","og_image":[{"url":"https:\/\/www.polatco.com\/wp-content\/uploads\/2023\/12\/286cb1c4-1737-4dab-9885-b425b99c4072.jpg"}],"twitter_card":"summary_large_image","twitter_site":"@polatcoofficial","twitter_misc":{"Tempo di lettura stimato":"1 minuto"},"schema":{"@context":"https:\/\/schema.org","@graph":[{"@type":"WebPage","@id":"https:\/\/www.polatco.com\/your-blueprint-for-success-establishing-your-business-in-turkey\/","url":"https:\/\/www.polatco.com\/your-blueprint-for-success-establishing-your-business-in-turkey\/","name":"Your Blueprint for Success: Establishing Your Business in Turkey - PolatCo Business Consulting","isPartOf":{"@id":"https:\/\/www.polatco.com\/#website"},"primaryImageOfPage":{"@id":"https:\/\/www.polatco.com\/your-blueprint-for-success-establishing-your-business-in-turkey\/#primaryimage"},"image":{"@id":"https:\/\/www.polatco.com\/your-blueprint-for-success-establishing-your-business-in-turkey\/#primaryimage"},"thumbnailUrl":"https:\/\/www.polatco.com\/wp-content\/uploads\/2023\/12\/286cb1c4-1737-4dab-9885-b425b99c4072.jpg","datePublished":"2023-12-12T12:48:04+00:00","dateModified":"2023-12-28T20:03:50+00:00","breadcrumb":{"@id":"https:\/\/www.polatco.com\/your-blueprint-for-success-establishing-your-business-in-turkey\/#breadcrumb"},"inLanguage":"it-IT","potentialAction":[{"@type":"ReadAction","target":["https:\/\/www.polatco.com\/your-blueprint-for-success-establishing-your-business-in-turkey\/"]}]},{"@type":"ImageObject","inLanguage":"it-IT","@id":"https:\/\/www.polatco.com\/your-blueprint-for-success-establishing-your-business-in-turkey\/#primaryimage","url":"https:\/\/www.polatco.com\/wp-content\/uploads\/2023\/12\/286cb1c4-1737-4dab-9885-b425b99c4072.jpg","contentUrl":"https:\/\/www.polatco.com\/wp-content\/uploads\/2023\/12\/286cb1c4-1737-4dab-9885-b425b99c4072.jpg"},{"@type":"BreadcrumbList","@id":"https:\/\/www.polatco.com\/your-blueprint-for-success-establishing-your-business-in-turkey\/#breadcrumb","itemListElement":[{"@type":"ListItem","position":1,"name":"Home","item":"https:\/\/www.polatco.com\/"},{"@type":"ListItem","position":2,"name":"Your Blueprint for Success: Establishing Your Business in Turkey"}]},{"@type":"WebSite","@id":"https:\/\/www.polatco.com\/#website","url":"https:\/\/www.polatco.com\/","name":"PolatCo Business Consulting","description":"Specializing in business consulting, we offer comprehensive solutions in strategic management, financial analysis, and operational excellence. Join us to improve your business and gain a competitive edge","publisher":{"@id":"https:\/\/www.polatco.com\/#organization"},"potentialAction":[{"@type":"SearchAction","target":{"@type":"EntryPoint","urlTemplate":"https:\/\/www.polatco.com\/?s={search_term_string}"},"query-input":{"@type":"PropertyValueSpecification","valueRequired":true,"valueName":"search_term_string"}}],"inLanguage":"it-IT"},{"@type":"Organization","@id":"https:\/\/www.polatco.com\/#organization","name":"PolatCo Business Consulting","url":"https:\/\/www.polatco.com\/","logo":{"@type":"ImageObject","inLanguage":"it-IT","@id":"https:\/\/www.polatco.com\/#\/schema\/logo\/image\/","url":"https:\/\/www.polatco.com\/wp-content\/uploads\/2024\/01\/polatco-logo-hd.png","contentUrl":"https:\/\/www.polatco.com\/wp-content\/uploads\/2024\/01\/polatco-logo-hd.png","width":500,"height":500,"caption":"PolatCo Business Consulting"},"image":{"@id":"https:\/\/www.polatco.com\/#\/schema\/logo\/image\/"},"sameAs":["https:\/\/www.facebook.com\/polatcosocial","https:\/\/x.com\/polatcoofficial"]}]}},"jetpack_sharing_enabled":true,"_links":{"self":[{"href":"https:\/\/www.polatco.com\/it\/wp-json\/wp\/v2\/pages\/4153","targetHints":{"allow":["GET"]}}],"collection":[{"href":"https:\/\/www.polatco.com\/it\/wp-json\/wp\/v2\/pages"}],"about":[{"href":"https:\/\/www.polatco.com\/it\/wp-json\/wp\/v2\/types\/page"}],"author":[{"embeddable":true,"href":"https:\/\/www.polatco.com\/it\/wp-json\/wp\/v2\/users\/1"}],"replies":[{"embeddable":true,"href":"https:\/\/www.polatco.com\/it\/wp-json\/wp\/v2\/comments?post=4153"}],"version-history":[{"count":3,"href":"https:\/\/www.polatco.com\/it\/wp-json\/wp\/v2\/pages\/4153\/revisions"}],"predecessor-version":[{"id":4173,"href":"https:\/\/www.polatco.com\/it\/wp-json\/wp\/v2\/pages\/4153\/revisions\/4173"}],"wp:attachment":[{"href":"https:\/\/www.polatco.com\/it\/wp-json\/wp\/v2\/media?parent=4153"}],"curies":[{"name":"wp","href":"https:\/\/api.w.org\/{rel}","templated":true}]}}