{"id":826,"date":"2022-05-06T15:28:48","date_gmt":"2022-05-06T15:28:48","guid":{"rendered":"https:\/\/demo.gutenify.com\/creative-shade\/?page_id=826"},"modified":"2024-01-21T01:08:17","modified_gmt":"2024-01-20T22:08:17","slug":"faq","status":"publish","type":"page","link":"https:\/\/www.polatco.com\/fr\/faq\/","title":{"rendered":"Faq"},"content":{"rendered":"<div class=\"wp-block-group alignfull gutenify-section-8bd8d490-b7de-11ee-bb55-27e970ae1ad9 is-layout-constrained wp-container-core-group-is-layout-111b2e00 wp-block-group-is-layout-constrained\">\n<div class=\"wp-block-cover alignfull is-light gutenify-section-8bd15a80-b7de-11ee-bb55-27e970ae1ad9\" style=\"min-height:448px;aspect-ratio:unset;\"><span aria-hidden=\"true\" class=\"wp-block-cover__background has-background-dim wp-block-cover__gradient-background has-background-gradient\" style=\"background:linear-gradient(90deg,rgb(0,0,0) 52%,rgba(150,149,240,0) 96%)\"><\/span><img decoding=\"async\" class=\"wp-block-cover__image-background wp-image-4284\" alt=\"\" src=\"https:\/\/demo.gutenify.com\/gutenify-capital\/wp-content\/uploads\/sites\/97\/2022\/08\/ssw.jpg\" style=\"object-position:48% 43%\" data-object-fit=\"cover\" data-object-position=\"48% 43%\"\/><div class=\"wp-block-cover__inner-container is-layout-flow wp-block-cover-is-layout-flow\">\n<div class=\"wp-block-group alignwide gutenify-section-8bd07020-b7de-11ee-bb55-27e970ae1ad9 is-layout-constrained wp-container-core-group-is-layout-111b2e00 wp-block-group-is-layout-constrained\"><h1 class=\"has-text-align-center alignwide wp-block-post-title has-text-color has-background-color has-extra-large-font-size\">Faq<\/h1><\/div>\n<\/div><\/div>\n\n\n\n<div class=\"wp-block-group alignwide gutenify-section-8bd81140-b7de-11ee-bb55-27e970ae1ad9 is-layout-flow wp-block-group-is-layout-flow\">\n<div class=\"wp-block-gutenify-container alignwide gutenify-block-container-wrapper gutenify-container-version-2 gutenify-section-830ff96c-b1d1-45fb-a6d9-897018c0af49\"><div class=\"gutenify-container\"><div class=\"wp-block-gutenify-section-title gutenify-section-b75ef413-f4af-44e4-84f3-4bbc6d4bc8fc gutenify-section-title-version-2  has-text-align-center\"><div id=\"gutenify-section-b75ef413-f4af-44e4-84f3-4bbc6d4bc8fc\" class=\"gutenify-section-title-section\"><p style=\"color:#ce4318\"class=\"gutenify-section-title-prefix\">FAQ<\/p><h2 style=\"color:#000\"class=\"gutenify-section-title-main\">Questions fr\u00e9quemment pos\u00e9es<\/h2><p style=\"color:#777\"class=\"gutenify-section-title-suffix\">Vous \u00eates curieux de savoir comment nous travaillons ou ce qui nous distingue des autres ? Vous \u00eates au bon endroit ! Consultez notre Foire aux questions pour trouver des r\u00e9ponses rapides aux questions les plus courantes. Si vous avez besoin de plus d'informations ou si vous avez une question sp\u00e9cifique en t\u00eate, notre \u00e9quipe est \u00e0 votre disposition pour vous envoyer un message. Commen\u00e7ons par la r\u00e9ussite de votre entreprise.<\/p><\/div><\/div>\n\n\n<div class=\"wp-block-gutenify-faqs gutenify-block-faq-wrapper gutenify-block-faq-accordion gutenify-faqs-version-2 gutenify-section-da1cf3bf-9707-4599-b6a0-a1eccd8e67fd\">\n<div class=\"wp-block-gutenify-content-toggle-item gutenify-block-content-toggle-item-wrapper gutenify-content-toggle-item-version-2 gutenify-section-8bd35650-b7de-11ee-bb55-27e970ae1ad9\"><div class=\"gutenify-content-toggle-item-wrapper gutenify-content-toggle-item-closed\"><div class=\"gutenify-content-toggle-item-header\"><h4>Quels sont les services offerts par votre soci\u00e9t\u00e9 de conseil aux entreprises ?<\/h4><button class=\"gutenify-content-toggle-item-handle\"><i class=\"fa fa-angle-up gutenify-angle-up\" aria-hidden=\"true\"><\/i><i class=\"fa fa-angle-down gutenify-angle-down\" aria-hidden=\"true\"><\/i><\/button><\/div><div class=\"gutenify-content-toggle-item-content\"> \n<p class=\"gutenify-section-8bd29300-b7de-11ee-bb55-27e970ae1ad9\">Nous offrons une gamme de services de conseil aux entreprises, y compris la planification strat\u00e9gique, l'optimisation des processus, l'analyse financi\u00e8re et l'\u00e9tude de march\u00e9. Notre objectif est d'aider les entreprises \u00e0 atteindre leurs objectifs gr\u00e2ce \u00e0 des solutions sur mesure.<\/p>\n<\/div><\/div><\/div>\n\n\n\n<div class=\"wp-block-gutenify-content-toggle-item gutenify-block-content-toggle-item-wrapper gutenify-content-toggle-item-version-2 gutenify-section-8bd4dcf0-b7de-11ee-bb55-27e970ae1ad9\"><div class=\"gutenify-content-toggle-item-wrapper gutenify-content-toggle-item-closed\"><div class=\"gutenify-content-toggle-item-header\"><h4>Quel est le processus habituel de collaboration avec votre cabinet de conseil ?<\/h4><button class=\"gutenify-content-toggle-item-handle\"><i class=\"fa fa-angle-up gutenify-angle-up\" aria-hidden=\"true\"><\/i><i class=\"fa fa-angle-down gutenify-angle-down\" aria-hidden=\"true\"><\/i><\/button><\/div><div class=\"gutenify-content-toggle-item-content\"> \n<p class=\"gutenify-section-8bd419a0-b7de-11ee-bb55-27e970ae1ad9\">Notre processus comprend g\u00e9n\u00e9ralement une consultation initiale, une analyse approfondie des besoins de votre entreprise, l'\u00e9laboration d'un plan personnalis\u00e9 et un soutien continu. Nous utilisons des m\u00e9thodologies \u00e9prouv\u00e9es pour garantir une mise en \u0153uvre efficace et des r\u00e9sultats durables.<\/p>\n<\/div><\/div><\/div>\n\n\n\n<div class=\"wp-block-gutenify-content-toggle-item gutenify-block-content-toggle-item-wrapper gutenify-content-toggle-item-version-2 gutenify-section-8bd63c80-b7de-11ee-bb55-27e970ae1ad9\"><div class=\"gutenify-content-toggle-item-wrapper gutenify-content-toggle-item-closed\"><div class=\"gutenify-content-toggle-item-header\"><h4>Pouvez-vous donner des exemples de projets ou de clients avec lesquels vous avez travaill\u00e9 ?<\/h4><button class=\"gutenify-content-toggle-item-handle\"><i class=\"fa fa-angle-up gutenify-angle-up\" aria-hidden=\"true\"><\/i><i class=\"fa fa-angle-down gutenify-angle-down\" aria-hidden=\"true\"><\/i><\/button><\/div><div class=\"gutenify-content-toggle-item-content\"> \n<p class=\"gutenify-section-8bd5a040-b7de-11ee-bb55-27e970ae1ad9\">Notre \u00e9quipe poss\u00e8de une vaste exp\u00e9rience dans le domaine du conseil aux entreprises, avec des r\u00e9sultats probants dans divers secteurs d'activit\u00e9. Consultez nos \u00e9tudes de cas pour obtenir des exemples de notre travail et des t\u00e9moignages de clients.<\/p>\n<\/div><\/div><\/div>\n\n\n\n<div class=\"wp-block-gutenify-content-toggle-item gutenify-block-content-toggle-item-wrapper gutenify-content-toggle-item-version-2 gutenify-section-18e9c6f6-a4a9-4a05-80c9-a657f4755fcc\"><div class=\"gutenify-content-toggle-item-wrapper gutenify-content-toggle-item-closed\"><div class=\"gutenify-content-toggle-item-header\"><h4>Comment d\u00e9terminez-vous le co\u00fbt de vos services ?<\/h4><button class=\"gutenify-content-toggle-item-handle\"><i class=\"fa fa-angle-up gutenify-angle-up\" aria-hidden=\"true\"><\/i><i class=\"fa fa-angle-down gutenify-angle-down\" aria-hidden=\"true\"><\/i><\/button><\/div><div class=\"gutenify-content-toggle-item-content\"> \n<p class=\"gutenify-section-8bd6ffd0-b7de-11ee-bb55-27e970ae1ad9\">Nos prix sont bas\u00e9s sur la complexit\u00e9 et l'\u00e9tendue du projet. Nous proposons des mod\u00e8les de tarification transparents et notre \u00e9quipe peut fournir des devis d\u00e9taill\u00e9s apr\u00e8s avoir compris vos besoins sp\u00e9cifiques.<\/p>\n<\/div><\/div><\/div>\n\n\n\n<div class=\"wp-block-gutenify-content-toggle-item gutenify-block-content-toggle-item-wrapper gutenify-content-toggle-item-version-2 gutenify-section-2185f040-b7df-11ee-bb55-27e970ae1ad9\"><div class=\"gutenify-content-toggle-item-wrapper gutenify-content-toggle-item-closed\"><div class=\"gutenify-content-toggle-item-header\"><h4>Combien de temps faut-il g\u00e9n\u00e9ralement pour obtenir des r\u00e9sultats gr\u00e2ce \u00e0 vos services de conseil ?<\/h4><button class=\"gutenify-content-toggle-item-handle\"><i class=\"fa fa-angle-up gutenify-angle-up\" aria-hidden=\"true\"><\/i><i class=\"fa fa-angle-down gutenify-angle-down\" aria-hidden=\"true\"><\/i><\/button><\/div><div class=\"gutenify-content-toggle-item-content\"> \n<p class=\"gutenify-section-2181d190-b7df-11ee-bb55-27e970ae1ad9\">Le d\u00e9lai d'obtention des r\u00e9sultats varie en fonction de la nature du projet. Nous nous effor\u00e7ons d'\u00eatre efficaces sans compromettre la qualit\u00e9, et les clients constatent souvent des r\u00e9sultats positifs d\u00e8s les premiers mois de leur engagement.<\/p>\n<\/div><\/div><\/div>\n\n\n\n<div class=\"wp-block-gutenify-content-toggle-item gutenify-block-content-toggle-item-wrapper gutenify-content-toggle-item-version-2 gutenify-section-47678260-b7df-11ee-bb55-27e970ae1ad9\"><div class=\"gutenify-content-toggle-item-wrapper gutenify-content-toggle-item-closed\"><div class=\"gutenify-content-toggle-item-header\"><h4>Comment collaborez-vous avec les clients tout au long du processus de consultation ?<\/h4><button class=\"gutenify-content-toggle-item-handle\"><i class=\"fa fa-angle-up gutenify-angle-up\" aria-hidden=\"true\"><\/i><i class=\"fa fa-angle-down gutenify-angle-down\" aria-hidden=\"true\"><\/i><\/button><\/div><div class=\"gutenify-content-toggle-item-content\"> \n<p class=\"gutenify-section-47644e10-b7df-11ee-bb55-27e970ae1ad9\">Nous accordons de l'importance \u00e0 une communication et \u00e0 une collaboration ouvertes. Tout au long du processus de consultation, nous maintenons une communication r\u00e9guli\u00e8re avec nos clients, en leur fournissant des mises \u00e0 jour, en r\u00e9pondant \u00e0 leurs pr\u00e9occupations et en tenant compte de leurs commentaires afin d'assurer un succ\u00e8s mutuel.<\/p>\n<\/div><\/div><\/div>\n\n\n\n<div class=\"wp-block-gutenify-content-toggle-item gutenify-block-content-toggle-item-wrapper gutenify-content-toggle-item-version-2 gutenify-section-6851b7c0-b7df-11ee-bb55-27e970ae1ad9\"><div class=\"gutenify-content-toggle-item-wrapper gutenify-content-toggle-item-closed\"><div class=\"gutenify-content-toggle-item-header\"><h4>Vous sp\u00e9cialisez-vous dans des secteurs sp\u00e9cifiques ou travaillez-vous avec des entreprises de diff\u00e9rents secteurs ? Comment adaptez-vous vos services pour r\u00e9pondre aux besoins sp\u00e9cifiques des diff\u00e9rents secteurs ?<\/h4><button class=\"gutenify-content-toggle-item-handle\"><i class=\"fa fa-angle-up gutenify-angle-up\" aria-hidden=\"true\"><\/i><i class=\"fa fa-angle-down gutenify-angle-down\" aria-hidden=\"true\"><\/i><\/button><\/div><div class=\"gutenify-content-toggle-item-content\"> \n<p class=\"gutenify-section-684eaa80-b7df-11ee-bb55-27e970ae1ad9\">Bien que nous ayons de l'exp\u00e9rience dans diverses industries, notre approche est adaptable \u00e0 diff\u00e9rents secteurs. Nous prenons le temps de comprendre les d\u00e9fis et les opportunit\u00e9s propres \u00e0 chaque secteur, en adaptant nos services en cons\u00e9quence.<\/p>\n<\/div><\/div><\/div>\n\n\n\n<div class=\"wp-block-gutenify-content-toggle-item gutenify-block-content-toggle-item-wrapper gutenify-content-toggle-item-version-2 gutenify-section-9c936740-b7df-11ee-bb55-27e970ae1ad9\"><div class=\"gutenify-content-toggle-item-wrapper gutenify-content-toggle-item-closed\"><div class=\"gutenify-content-toggle-item-header\"><h4>Comment g\u00e9rez-vous la confidentialit\u00e9 et les informations commerciales sensibles ?<\/h4><button class=\"gutenify-content-toggle-item-handle\"><i class=\"fa fa-angle-up gutenify-angle-up\" aria-hidden=\"true\"><\/i><i class=\"fa fa-angle-down gutenify-angle-down\" aria-hidden=\"true\"><\/i><\/button><\/div><div class=\"gutenify-content-toggle-item-content\"> \n<p class=\"gutenify-section-9c908110-b7df-11ee-bb55-27e970ae1ad9\">Nous prenons au s\u00e9rieux la confidentialit\u00e9 de nos clients et avons mis en place des mesures solides pour prot\u00e9ger les informations sensibles. Nos services de conseil respectent toutes les normes juridiques et \u00e9thiques pertinentes.<\/p>\n<\/div><\/div><\/div>\n\n\n\n<div class=\"wp-block-gutenify-content-toggle-item gutenify-block-content-toggle-item-wrapper gutenify-content-toggle-item-version-2 gutenify-section-ba878e20-b7df-11ee-bb55-27e970ae1ad9\"><div class=\"gutenify-content-toggle-item-wrapper gutenify-content-toggle-item-closed\"><div class=\"gutenify-content-toggle-item-header\"><h4>Offrez-vous des garanties ou des remboursements pour vos services de conseil ?<\/h4><button class=\"gutenify-content-toggle-item-handle\"><i class=\"fa fa-angle-up gutenify-angle-up\" aria-hidden=\"true\"><\/i><i class=\"fa fa-angle-down gutenify-angle-down\" aria-hidden=\"true\"><\/i><\/button><\/div><div class=\"gutenify-content-toggle-item-content\"> \n<p class=\"gutenify-section-ba8480e0-b7df-11ee-bb55-27e970ae1ad9\">Bien que les r\u00e9sultats puissent varier, nous nous engageons \u00e0 satisfaire nos clients. Si vous n'\u00eates pas satisfait de nos services, n'h\u00e9sitez pas \u00e0 nous contacter pour nous faire part de vos pr\u00e9occupations et nous nous efforcerons de trouver une solution.<\/p>\n<\/div><\/div><\/div>\n\n\n\n<div class=\"wp-block-gutenify-content-toggle-item gutenify-block-content-toggle-item-wrapper gutenify-content-toggle-item-version-2 gutenify-section-fe0a1e10-b7df-11ee-bb55-27e970ae1ad9\"><div class=\"gutenify-content-toggle-item-wrapper gutenify-content-toggle-item-closed\"><div class=\"gutenify-content-toggle-item-header\"><h4>Comment les clients potentiels peuvent-ils prendre contact avec votre cabinet de conseil ?<\/h4><button class=\"gutenify-content-toggle-item-handle\"><i class=\"fa fa-angle-up gutenify-angle-up\" aria-hidden=\"true\"><\/i><i class=\"fa fa-angle-down gutenify-angle-down\" aria-hidden=\"true\"><\/i><\/button><\/div><div class=\"gutenify-content-toggle-item-content\"> \n<p class=\"gutenify-section-fe06e9c0-b7df-11ee-bb55-27e970ae1ad9\">Pour toute question, vous pouvez nous contacter \u00e0 l'adresse hello@polatco.com. Notre \u00e9quipe d\u00e9vou\u00e9e est pr\u00eate \u00e0 vous aider et \u00e0 r\u00e9pondre \u00e0 toutes les questions que vous pourriez avoir.<\/p>\n<\/div><\/div><\/div>\n<\/div>\n<\/div><\/div>\n<\/div>\n<\/div>","protected":false},"excerpt":{"rendered":"","protected":false},"author":1,"featured_media":0,"parent":0,"menu_order":0,"comment_status":"closed","ping_status":"closed","template":"page-no-title","meta":{"gutenify_custom_css":"","gutenify_custom_css_data":"","footnotes":""},"class_list":["post-826","page","type-page","status-publish","hentry"],"yoast_head":"<!-- This site is optimized with the Yoast SEO Premium plugin v21.7 (Yoast SEO v23.6) - https:\/\/yoast.com\/wordpress\/plugins\/seo\/ -->\n<title>Faq - PolatCo Business Consulting<\/title>\n<meta name=\"robots\" content=\"index, follow, max-snippet:-1, max-image-preview:large, max-video-preview:-1\" \/>\n<link rel=\"canonical\" href=\"https:\/\/www.polatco.com\/fr\/faq\/\" \/>\n<meta property=\"og:locale\" content=\"fr_FR\" \/>\n<meta property=\"og:type\" content=\"article\" \/>\n<meta property=\"og:title\" content=\"Faq\" \/>\n<meta property=\"og:url\" content=\"https:\/\/www.polatco.com\/fr\/faq\/\" \/>\n<meta property=\"og:site_name\" content=\"PolatCo Business Consulting\" \/>\n<meta property=\"article:publisher\" content=\"https:\/\/www.facebook.com\/polatcosocial\" \/>\n<meta property=\"article:modified_time\" content=\"2024-01-20T22:08:17+00:00\" \/>\n<meta property=\"og:image\" content=\"https:\/\/demo.gutenify.com\/gutenify-capital\/wp-content\/uploads\/sites\/97\/2022\/08\/ssw.jpg\" \/>\n<meta name=\"twitter:card\" content=\"summary_large_image\" \/>\n<meta name=\"twitter:site\" content=\"@polatcoofficial\" \/>\n<meta name=\"twitter:label1\" content=\"Dur\u00e9e de lecture estim\u00e9e\" \/>\n\t<meta name=\"twitter:data1\" content=\"3 minutes\" \/>\n<script type=\"application\/ld+json\" class=\"yoast-schema-graph\">{\"@context\":\"https:\/\/schema.org\",\"@graph\":[{\"@type\":\"WebPage\",\"@id\":\"https:\/\/www.polatco.com\/faq\/\",\"url\":\"https:\/\/www.polatco.com\/faq\/\",\"name\":\"Faq - PolatCo Business Consulting\",\"isPartOf\":{\"@id\":\"https:\/\/www.polatco.com\/#website\"},\"primaryImageOfPage\":{\"@id\":\"https:\/\/www.polatco.com\/faq\/#primaryimage\"},\"image\":{\"@id\":\"https:\/\/www.polatco.com\/faq\/#primaryimage\"},\"thumbnailUrl\":\"https:\/\/demo.gutenify.com\/gutenify-capital\/wp-content\/uploads\/sites\/97\/2022\/08\/ssw.jpg\",\"datePublished\":\"2022-05-06T15:28:48+00:00\",\"dateModified\":\"2024-01-20T22:08:17+00:00\",\"breadcrumb\":{\"@id\":\"https:\/\/www.polatco.com\/faq\/#breadcrumb\"},\"inLanguage\":\"fr-FR\",\"potentialAction\":[{\"@type\":\"ReadAction\",\"target\":[\"https:\/\/www.polatco.com\/faq\/\"]}]},{\"@type\":\"ImageObject\",\"inLanguage\":\"fr-FR\",\"@id\":\"https:\/\/www.polatco.com\/faq\/#primaryimage\",\"url\":\"https:\/\/demo.gutenify.com\/gutenify-capital\/wp-content\/uploads\/sites\/97\/2022\/08\/ssw.jpg\",\"contentUrl\":\"https:\/\/demo.gutenify.com\/gutenify-capital\/wp-content\/uploads\/sites\/97\/2022\/08\/ssw.jpg\"},{\"@type\":\"BreadcrumbList\",\"@id\":\"https:\/\/www.polatco.com\/faq\/#breadcrumb\",\"itemListElement\":[{\"@type\":\"ListItem\",\"position\":1,\"name\":\"Home\",\"item\":\"https:\/\/www.polatco.com\/\"},{\"@type\":\"ListItem\",\"position\":2,\"name\":\"Faq\"}]},{\"@type\":\"WebSite\",\"@id\":\"https:\/\/www.polatco.com\/#website\",\"url\":\"https:\/\/www.polatco.com\/\",\"name\":\"PolatCo Business Consulting\",\"description\":\"Specializing in business consulting, we offer comprehensive solutions in strategic management, financial analysis, and operational excellence. Join us to improve your business and gain a competitive edge\",\"publisher\":{\"@id\":\"https:\/\/www.polatco.com\/#organization\"},\"potentialAction\":[{\"@type\":\"SearchAction\",\"target\":{\"@type\":\"EntryPoint\",\"urlTemplate\":\"https:\/\/www.polatco.com\/?s={search_term_string}\"},\"query-input\":{\"@type\":\"PropertyValueSpecification\",\"valueRequired\":true,\"valueName\":\"search_term_string\"}}],\"inLanguage\":\"fr-FR\"},{\"@type\":\"Organization\",\"@id\":\"https:\/\/www.polatco.com\/#organization\",\"name\":\"PolatCo Business Consulting\",\"url\":\"https:\/\/www.polatco.com\/\",\"logo\":{\"@type\":\"ImageObject\",\"inLanguage\":\"fr-FR\",\"@id\":\"https:\/\/www.polatco.com\/#\/schema\/logo\/image\/\",\"url\":\"https:\/\/www.polatco.com\/wp-content\/uploads\/2024\/01\/polatco-logo-hd.png\",\"contentUrl\":\"https:\/\/www.polatco.com\/wp-content\/uploads\/2024\/01\/polatco-logo-hd.png\",\"width\":500,\"height\":500,\"caption\":\"PolatCo Business Consulting\"},\"image\":{\"@id\":\"https:\/\/www.polatco.com\/#\/schema\/logo\/image\/\"},\"sameAs\":[\"https:\/\/www.facebook.com\/polatcosocial\",\"https:\/\/x.com\/polatcoofficial\"]}]}<\/script>\n<!-- \/ Yoast SEO Premium plugin. -->","yoast_head_json":{"title":"Faq - PolatCo Business Consulting","robots":{"index":"index","follow":"follow","max-snippet":"max-snippet:-1","max-image-preview":"max-image-preview:large","max-video-preview":"max-video-preview:-1"},"canonical":"https:\/\/www.polatco.com\/fr\/faq\/","og_locale":"fr_FR","og_type":"article","og_title":"Faq","og_url":"https:\/\/www.polatco.com\/fr\/faq\/","og_site_name":"PolatCo Business Consulting","article_publisher":"https:\/\/www.facebook.com\/polatcosocial","article_modified_time":"2024-01-20T22:08:17+00:00","og_image":[{"url":"https:\/\/demo.gutenify.com\/gutenify-capital\/wp-content\/uploads\/sites\/97\/2022\/08\/ssw.jpg"}],"twitter_card":"summary_large_image","twitter_site":"@polatcoofficial","twitter_misc":{"Dur\u00e9e de lecture estim\u00e9e":"3 minutes"},"schema":{"@context":"https:\/\/schema.org","@graph":[{"@type":"WebPage","@id":"https:\/\/www.polatco.com\/faq\/","url":"https:\/\/www.polatco.com\/faq\/","name":"Faq - PolatCo Business Consulting","isPartOf":{"@id":"https:\/\/www.polatco.com\/#website"},"primaryImageOfPage":{"@id":"https:\/\/www.polatco.com\/faq\/#primaryimage"},"image":{"@id":"https:\/\/www.polatco.com\/faq\/#primaryimage"},"thumbnailUrl":"https:\/\/demo.gutenify.com\/gutenify-capital\/wp-content\/uploads\/sites\/97\/2022\/08\/ssw.jpg","datePublished":"2022-05-06T15:28:48+00:00","dateModified":"2024-01-20T22:08:17+00:00","breadcrumb":{"@id":"https:\/\/www.polatco.com\/faq\/#breadcrumb"},"inLanguage":"fr-FR","potentialAction":[{"@type":"ReadAction","target":["https:\/\/www.polatco.com\/faq\/"]}]},{"@type":"ImageObject","inLanguage":"fr-FR","@id":"https:\/\/www.polatco.com\/faq\/#primaryimage","url":"https:\/\/demo.gutenify.com\/gutenify-capital\/wp-content\/uploads\/sites\/97\/2022\/08\/ssw.jpg","contentUrl":"https:\/\/demo.gutenify.com\/gutenify-capital\/wp-content\/uploads\/sites\/97\/2022\/08\/ssw.jpg"},{"@type":"BreadcrumbList","@id":"https:\/\/www.polatco.com\/faq\/#breadcrumb","itemListElement":[{"@type":"ListItem","position":1,"name":"Home","item":"https:\/\/www.polatco.com\/"},{"@type":"ListItem","position":2,"name":"Faq"}]},{"@type":"WebSite","@id":"https:\/\/www.polatco.com\/#website","url":"https:\/\/www.polatco.com\/","name":"PolatCo Business Consulting","description":"Specializing in business consulting, we offer comprehensive solutions in strategic management, financial analysis, and operational excellence. Join us to improve your business and gain a competitive edge","publisher":{"@id":"https:\/\/www.polatco.com\/#organization"},"potentialAction":[{"@type":"SearchAction","target":{"@type":"EntryPoint","urlTemplate":"https:\/\/www.polatco.com\/?s={search_term_string}"},"query-input":{"@type":"PropertyValueSpecification","valueRequired":true,"valueName":"search_term_string"}}],"inLanguage":"fr-FR"},{"@type":"Organization","@id":"https:\/\/www.polatco.com\/#organization","name":"PolatCo Business Consulting","url":"https:\/\/www.polatco.com\/","logo":{"@type":"ImageObject","inLanguage":"fr-FR","@id":"https:\/\/www.polatco.com\/#\/schema\/logo\/image\/","url":"https:\/\/www.polatco.com\/wp-content\/uploads\/2024\/01\/polatco-logo-hd.png","contentUrl":"https:\/\/www.polatco.com\/wp-content\/uploads\/2024\/01\/polatco-logo-hd.png","width":500,"height":500,"caption":"PolatCo Business Consulting"},"image":{"@id":"https:\/\/www.polatco.com\/#\/schema\/logo\/image\/"},"sameAs":["https:\/\/www.facebook.com\/polatcosocial","https:\/\/x.com\/polatcoofficial"]}]}},"jetpack_sharing_enabled":true,"_links":{"self":[{"href":"https:\/\/www.polatco.com\/fr\/wp-json\/wp\/v2\/pages\/826","targetHints":{"allow":["GET"]}}],"collection":[{"href":"https:\/\/www.polatco.com\/fr\/wp-json\/wp\/v2\/pages"}],"about":[{"href":"https:\/\/www.polatco.com\/fr\/wp-json\/wp\/v2\/types\/page"}],"author":[{"embeddable":true,"href":"https:\/\/www.polatco.com\/fr\/wp-json\/wp\/v2\/users\/1"}],"replies":[{"embeddable":true,"href":"https:\/\/www.polatco.com\/fr\/wp-json\/wp\/v2\/comments?post=826"}],"version-history":[{"count":2,"href":"https:\/\/www.polatco.com\/fr\/wp-json\/wp\/v2\/pages\/826\/revisions"}],"predecessor-version":[{"id":4444,"href":"https:\/\/www.polatco.com\/fr\/wp-json\/wp\/v2\/pages\/826\/revisions\/4444"}],"wp:attachment":[{"href":"https:\/\/www.polatco.com\/fr\/wp-json\/wp\/v2\/media?parent=826"}],"curies":[{"name":"wp","href":"https:\/\/api.w.org\/{rel}","templated":true}]}}