{"id":4483,"date":"2024-09-13T16:17:26","date_gmt":"2024-09-13T13:17:26","guid":{"rendered":"https:\/\/www.polatco.com\/?page_id=4483"},"modified":"2024-09-14T12:24:37","modified_gmt":"2024-09-14T09:24:37","slug":"market-research-for-business-growth-polatco-consulting","status":"publish","type":"page","link":"https:\/\/www.polatco.com\/fr\/etudes-de-marche-pour-la-croissance-des-entreprises-polatco-consulting\/","title":{"rendered":"Etude de march\u00e9 pour la croissance des entreprises | PolatCo Consulting"},"content":{"rendered":"<div data-elementor-type=\"wp-page\" data-elementor-id=\"4483\" class=\"elementor elementor-4483\" data-elementor-post-type=\"page\">\n\t\t\t\t\t\t<section class=\"elementor-section elementor-top-section elementor-element elementor-element-136f596b elementor-section-full_width elementor-section-height-default elementor-section-height-default\" data-id=\"136f596b\" data-element_type=\"section\">\n\t\t\t\t\t\t<div class=\"elementor-container elementor-column-gap-default\">\n\t\t\t\t\t<div class=\"elementor-column elementor-col-100 elementor-top-column elementor-element elementor-element-3fef4739\" data-id=\"3fef4739\" data-element_type=\"column\">\n\t\t\t<div class=\"elementor-widget-wrap elementor-element-populated\">\n\t\t\t\t\t\t<div class=\"elementor-element elementor-element-6926e13e elementor-widget elementor-widget-text-editor\" data-id=\"6926e13e\" data-element_type=\"widget\" data-widget_type=\"text-editor.default\">\n\t\t\t\t<div class=\"elementor-widget-container\">\n\t\t\t\t\t\t\t<p><!-- wp:heading {\"level\":1,\"blockClientId\":\"447cef80-71c1-11ef-9991-05f033e485f8\"} --><\/p>\n<h1 id=\"h-about-us\" class=\"wp-block-heading gutenify-section-447cef80-71c1-11ef-9991-05f033e485f8\">\u00c0 propos de nous - \u00c9tudes de march\u00e9 pour la croissance des entreprises<\/h1>\n<p><!-- \/wp:heading --><!-- wp:paragraph {\"blockClientId\":\"fba42f10-71c2-11ef-9991-05f033e485f8\"} --><\/p>\n<h2 class=\"gutenify-section-fba42f10-71c2-11ef-9991-05f033e485f8\"><strong>Les \u00e9tudes de march\u00e9 au service de la croissance des entreprises<\/strong><\/h2>\n<p><!-- \/wp:paragraph --><!-- wp:paragraph {\"blockClientId\":\"b1ac06d0-71c2-11ef-9991-05f033e485f8\"} --><\/p>\n<p class=\"gutenify-section-b1ac06d0-71c2-11ef-9991-05f033e485f8\">Chez PolatCo Business Consulting, nous sommes l\u00e0 pour vous aider \u00e0 prendre des d\u00e9cisions plus judicieuses en ce qui concerne votre march\u00e9. Que vous cherchiez \u00e0 vous d\u00e9velopper, <em><strong>analyser les concurrents<\/strong><\/em>Nous vous fournissons les outils et les informations n\u00e9cessaires pour guider votre strat\u00e9gie.<\/p>\n<p><!-- \/wp:paragraph --><!-- wp:paragraph {\"blockClientId\":\"b2d5e0d0-71c2-11ef-9991-05f033e485f8\"} --><\/p>\n<h2><strong>PolatCo Business Consulting - Intelligence \u00e9conomique et strat\u00e9gie de march\u00e9<\/strong><\/h2>\n<p><!-- \/wp:paragraph --><!-- wp:paragraph {\"blockClientId\":\"447dd9e0-71c1-11ef-9991-05f033e485f8\"} --><\/p>\n<p class=\"gutenify-section-447dd9e0-71c1-11ef-9991-05f033e485f8\">PolatCo a \u00e9t\u00e9 fond\u00e9e avec pour mission de devenir une source de premier plan en mati\u00e8re d'intelligence \u00e9conomique dans l'ar\u00e8ne mondiale. Notre vision est centr\u00e9e sur l'autonomisation des entreprises gr\u00e2ce \u00e0 des \u00e9tudes de march\u00e9 de pointe, l'exploitation des donn\u00e9es pour fournir les normes de service les plus \u00e9lev\u00e9es, et le soutien de nos clients dans la r\u00e9alisation d'un succ\u00e8s durable.<\/p>\n<p><!-- \/wp:paragraph --><!-- wp:paragraph {\"blockClientId\":\"447e4f10-71c1-11ef-9991-05f033e485f8\"} --><\/p>\n<p class=\"gutenify-section-447e4f10-71c1-11ef-9991-05f033e485f8\">Nous aidons les entreprises \u00e0 acqu\u00e9rir un avantage concurrentiel en leur offrant les derni\u00e8res tendances du march\u00e9 et des connaissances approfondies. Nos services de recherche et de conseil sur mesure contribuent au d\u00e9veloppement strat\u00e9gique des march\u00e9s cibles, tandis que notre expertise en mati\u00e8re d'intelligence \u00e9conomique et de gestion aide les entreprises \u00e0 maximiser leur potentiel.<\/p>\n<p><!-- \/wp:paragraph --><!-- wp:separator {\"blockClientId\":\"447e9d30-71c1-11ef-9991-05f033e485f8\"} --><\/p>\n<hr class=\"wp-block-separator has-alpha-channel-opacity gutenify-section-447e9d30-71c1-11ef-9991-05f033e485f8\" \/>\n<p><!-- \/wp:separator --><!-- wp:heading {\"level\":3,\"blockClientId\":\"447f1260-71c1-11ef-9991-05f033e485f8\"} --><\/p>\n<h2><span style=\"color: #008000;\"><img fetchpriority=\"high\" decoding=\"async\" class=\"aligncenter wp-image-4491\" src=\"https:\/\/www.polatco.com\/wp-content\/uploads\/2024\/09\/market-research.png\" alt=\"\" width=\"546\" height=\"429\" srcset=\"https:\/\/www.polatco.com\/wp-content\/uploads\/2024\/09\/market-research.png 500w, https:\/\/www.polatco.com\/wp-content\/uploads\/2024\/09\/market-research-300x236.png 300w, https:\/\/www.polatco.com\/wp-content\/uploads\/2024\/09\/market-research-15x12.png 15w\" sizes=\"(max-width: 546px) 100vw, 546px\" \/><\/span><\/h2>\n<h2>Services de conseil<\/h2>\n<p><!-- \/wp:heading --><!-- wp:paragraph {\"blockClientId\":\"447f6080-71c1-11ef-9991-05f033e485f8\"} --><\/p>\n<h3><strong>Pourquoi choisir PolatCo Consulting ?<\/strong><\/h3>\n<p><!-- \/wp:paragraph --><!-- wp:paragraph {\"blockClientId\":\"447fd5b0-71c1-11ef-9991-05f033e485f8\"} --><\/p>\n<p class=\"gutenify-section-447fd5b0-71c1-11ef-9991-05f033e485f8\">Le partenariat avec PolatCo pr\u00e9sente de nombreux avantages pour les entreprises qui cherchent \u00e0 rester en t\u00eate dans le paysage concurrentiel d'aujourd'hui. Notre \u00e9quipe d'experts est sp\u00e9cialis\u00e9e dans l'offre de solutions personnalis\u00e9es qui sont align\u00e9es sur vos objectifs strat\u00e9giques, ce qui vous permet de vous adapter rapidement aux changements du march\u00e9 et d'acqu\u00e9rir un avantage concurrentiel.<\/p>\n<p><!-- \/wp:paragraph --><!-- wp:paragraph {\"blockClientId\":\"448023d0-71c1-11ef-9991-05f033e485f8\"} --><\/p>\n<p class=\"gutenify-section-448023d0-71c1-11ef-9991-05f033e485f8\">En outre, nos services de conseil aident les entreprises \u00e0 optimiser leurs processus internes et \u00e0 accro\u00eetre leur efficacit\u00e9 globale. En offrant une perspective externe, nous fournissons des informations pr\u00e9cieuses pour am\u00e9liorer les op\u00e9rations commerciales et identifier les domaines \u00e0 am\u00e9liorer. Nos consultants travaillent en \u00e9troite collaboration avec votre \u00e9quipe, en mettant en \u00e9vidence les points forts et en rem\u00e9diant aux faiblesses afin d'\u00e9tablir les bases d'une croissance durable.<\/p>\n<p><!-- \/wp:paragraph --><!-- wp:separator {\"blockClientId\":\"44809900-71c1-11ef-9991-05f033e485f8\"} --><\/p>\n<hr class=\"wp-block-separator has-alpha-channel-opacity gutenify-section-44809900-71c1-11ef-9991-05f033e485f8\" \/>\n<p><!-- \/wp:separator --><!-- wp:heading {\"level\":3,\"blockClientId\":\"4480e720-71c1-11ef-9991-05f033e485f8\"} --><\/p>\n<h3 id=\"h-the-importance-of-targeted-market-entry\" class=\"wp-block-heading gutenify-section-4480e720-71c1-11ef-9991-05f033e485f8\">L'importance d'une entr\u00e9e cibl\u00e9e sur le march\u00e9<\/h3>\n<p><!-- \/wp:heading --><!-- wp:paragraph {\"blockClientId\":\"44813540-71c1-11ef-9991-05f033e485f8\"} --><\/p>\n<p class=\"gutenify-section-44813540-71c1-11ef-9991-05f033e485f8\">L'entr\u00e9e cibl\u00e9e sur le march\u00e9 est essentielle pour orienter vos ressources et votre \u00e9nergie vers le bon produit ou service sur des march\u00e9s sp\u00e9cifiques. Cette strat\u00e9gie permet aux entreprises d'\u00e9valuer les opportunit\u00e9s o\u00f9 elles sont le mieux positionn\u00e9es pour r\u00e9ussir, en se concentrant sur les domaines o\u00f9 elles ont le plus d'atouts.<\/p>\n<p><!-- \/wp:paragraph --><!-- wp:paragraph {\"blockClientId\":\"4481aa70-71c1-11ef-9991-05f033e485f8\"} --><\/p>\n<p class=\"gutenify-section-4481aa70-71c1-11ef-9991-05f033e485f8\">L'un des principaux avantages est de b\u00e9n\u00e9ficier d'un avantage concurrentiel en tirant parti de votre expertise. En outre, le fait de se concentrer sur un march\u00e9 sp\u00e9cifique permet d'\u00e9laborer des strat\u00e9gies de marketing et de vente plus pr\u00e9cises, en pr\u00e9sentant une offre plus claire et plus convaincante aux clients. Cette approche garantit \u00e9galement un meilleur alignement sur la demande locale et les besoins des clients, ce qui permet \u00e0 votre entreprise d'obtenir un succ\u00e8s plus durable \u00e0 l'\u00e9chelle mondiale.<\/p>\n<p><!-- \/wp:paragraph --><!-- wp:separator {\"blockClientId\":\"44821fa0-71c1-11ef-9991-05f033e485f8\"} --><\/p>\n<hr class=\"wp-block-separator has-alpha-channel-opacity gutenify-section-44821fa0-71c1-11ef-9991-05f033e485f8\" \/>\n<p><!-- \/wp:separator --><!-- wp:heading {\"level\":3,\"blockClientId\":\"448294d0-71c1-11ef-9991-05f033e485f8\"} --><\/p>\n<h3 id=\"h-the-advantages-of-polatco-s-services\" class=\"wp-block-heading gutenify-section-448294d0-71c1-11ef-9991-05f033e485f8\">Les avantages des services de PolatCo<\/h3>\n<p><!-- \/wp:heading --><!-- wp:paragraph {\"blockClientId\":\"44833110-71c1-11ef-9991-05f033e485f8\"} --><\/p>\n<p class=\"gutenify-section-44833110-71c1-11ef-9991-05f033e485f8\">Chez PolatCo, nous faisons la diff\u00e9rence sur le march\u00e9 mondial gr\u00e2ce aux avantages que nos services apportent aux entreprises. En se concentrant sur les besoins de nos clients, notre veille strat\u00e9gique et notre \u00e9quipe d'experts aident les entreprises \u00e0 accro\u00eetre leur avantage concurrentiel et \u00e0 atteindre un succ\u00e8s durable.<\/p>\n<p><!-- \/wp:paragraph --><!-- wp:separator {\"blockClientId\":\"4483cd50-71c1-11ef-9991-05f033e485f8\"} --><\/p>\n<hr class=\"wp-block-separator has-alpha-channel-opacity gutenify-section-4483cd50-71c1-11ef-9991-05f033e485f8\" \/>\n<p><!-- \/wp:separator --><!-- wp:heading {\"level\":3,\"blockClientId\":\"44844280-71c1-11ef-9991-05f033e485f8\"} --><\/p>\n<h2><span style=\"color: #008000;\">Vous avez des questions ?<\/span><\/h2>\n<p><!-- \/wp:heading --><!-- wp:paragraph {\"blockClientId\":\"4484b7b0-71c1-11ef-9991-05f033e485f8\"} --><\/p>\n<p class=\"gutenify-section-4484b7b0-71c1-11ef-9991-05f033e485f8\">Chez PolatCo, nous sommes l\u00e0 pour \u00e9liminer les incertitudes et offrir des solutions claires \u00e0 vos d\u00e9fis commerciaux. Notre \u00e9quipe exp\u00e9riment\u00e9e est pr\u00eate \u00e0 r\u00e9pondre \u00e0 vos questions et \u00e0 vous aider \u00e0 surmonter les obstacles. Que vous cherchiez \u00e0 affiner vos strat\u00e9gies commerciales, \u00e0 accro\u00eetre votre avantage concurrentiel ou \u00e0 obtenir des conseils sur les processus commerciaux, PolatCo est l\u00e0 pour vous.<\/p>\n<p><!-- \/wp:paragraph --><!-- wp:separator {\"blockClientId\":\"4485c920-71c1-11ef-9991-05f033e485f8\"} --><\/p>\n<hr class=\"wp-block-separator has-alpha-channel-opacity gutenify-section-4485c920-71c1-11ef-9991-05f033e485f8\" \/>\n<p><!-- \/wp:separator --><\/p>\t\t\t\t\t\t<\/div>\n\t\t\t\t<\/div>\n\t\t\t\t\t<\/div>\n\t\t<\/div>\n\t\t\t\t\t<\/div>\n\t\t<\/section>\n\t\t\t\t<\/div>","protected":false},"excerpt":{"rendered":"<p>A propos de PolatCo Etude de march\u00e9 pour la croissance des entreprises Etude de march\u00e9 pour la croissance des entreprises Chez PolatCo [...]<\/p>","protected":false},"author":1,"featured_media":0,"parent":0,"menu_order":0,"comment_status":"closed","ping_status":"closed","template":"elementor_theme","meta":{"gutenify_custom_css":"","gutenify_custom_css_data":"","footnotes":""},"class_list":["post-4483","page","type-page","status-publish","hentry"],"yoast_head":"<!-- This site is optimized with the Yoast SEO Premium plugin v21.7 (Yoast SEO v23.6) - https:\/\/yoast.com\/wordpress\/plugins\/seo\/ -->\n<title>Market Research for Business Growth | PolatCo Consulting - PolatCo Business Consulting<\/title>\n<meta name=\"robots\" content=\"index, follow, max-snippet:-1, max-image-preview:large, max-video-preview:-1\" \/>\n<link rel=\"canonical\" href=\"https:\/\/www.polatco.com\/fr\/etudes-de-marche-pour-la-croissance-des-entreprises-polatco-consulting\/\" \/>\n<meta property=\"og:locale\" content=\"fr_FR\" \/>\n<meta property=\"og:type\" content=\"article\" \/>\n<meta property=\"og:title\" content=\"Market Research for Business Growth | PolatCo Consulting\" \/>\n<meta property=\"og:description\" content=\"About Us at Market Research for Business Growth Market Research for Business Growth At PolatCo [&hellip;]\" \/>\n<meta property=\"og:url\" content=\"https:\/\/www.polatco.com\/fr\/etudes-de-marche-pour-la-croissance-des-entreprises-polatco-consulting\/\" \/>\n<meta property=\"og:site_name\" content=\"PolatCo Business Consulting\" \/>\n<meta property=\"article:publisher\" content=\"https:\/\/www.facebook.com\/polatcosocial\" \/>\n<meta property=\"article:modified_time\" content=\"2024-09-14T09:24:37+00:00\" \/>\n<meta property=\"og:image\" content=\"https:\/\/www.polatco.com\/wp-content\/uploads\/2024\/09\/market-research.png\" \/>\n<meta name=\"twitter:card\" content=\"summary_large_image\" \/>\n<meta name=\"twitter:site\" content=\"@polatcoofficial\" \/>\n<meta name=\"twitter:label1\" content=\"Dur\u00e9e de lecture estim\u00e9e\" \/>\n\t<meta name=\"twitter:data1\" content=\"3 minutes\" \/>\n<script type=\"application\/ld+json\" class=\"yoast-schema-graph\">{\"@context\":\"https:\/\/schema.org\",\"@graph\":[{\"@type\":\"WebPage\",\"@id\":\"https:\/\/www.polatco.com\/market-research-for-business-growth-polatco-consulting\/\",\"url\":\"https:\/\/www.polatco.com\/market-research-for-business-growth-polatco-consulting\/\",\"name\":\"Market Research for Business Growth | PolatCo Consulting - PolatCo Business Consulting\",\"isPartOf\":{\"@id\":\"https:\/\/www.polatco.com\/#website\"},\"primaryImageOfPage\":{\"@id\":\"https:\/\/www.polatco.com\/market-research-for-business-growth-polatco-consulting\/#primaryimage\"},\"image\":{\"@id\":\"https:\/\/www.polatco.com\/market-research-for-business-growth-polatco-consulting\/#primaryimage\"},\"thumbnailUrl\":\"https:\/\/www.polatco.com\/wp-content\/uploads\/2024\/09\/market-research.png\",\"datePublished\":\"2024-09-13T13:17:26+00:00\",\"dateModified\":\"2024-09-14T09:24:37+00:00\",\"breadcrumb\":{\"@id\":\"https:\/\/www.polatco.com\/market-research-for-business-growth-polatco-consulting\/#breadcrumb\"},\"inLanguage\":\"fr-FR\",\"potentialAction\":[{\"@type\":\"ReadAction\",\"target\":[\"https:\/\/www.polatco.com\/market-research-for-business-growth-polatco-consulting\/\"]}]},{\"@type\":\"ImageObject\",\"inLanguage\":\"fr-FR\",\"@id\":\"https:\/\/www.polatco.com\/market-research-for-business-growth-polatco-consulting\/#primaryimage\",\"url\":\"https:\/\/www.polatco.com\/wp-content\/uploads\/2024\/09\/market-research.png\",\"contentUrl\":\"https:\/\/www.polatco.com\/wp-content\/uploads\/2024\/09\/market-research.png\"},{\"@type\":\"BreadcrumbList\",\"@id\":\"https:\/\/www.polatco.com\/market-research-for-business-growth-polatco-consulting\/#breadcrumb\",\"itemListElement\":[{\"@type\":\"ListItem\",\"position\":1,\"name\":\"Home\",\"item\":\"https:\/\/www.polatco.com\/\"},{\"@type\":\"ListItem\",\"position\":2,\"name\":\"Market Research for Business Growth | PolatCo Consulting\"}]},{\"@type\":\"WebSite\",\"@id\":\"https:\/\/www.polatco.com\/#website\",\"url\":\"https:\/\/www.polatco.com\/\",\"name\":\"PolatCo Business Consulting\",\"description\":\"Specializing in business consulting, we offer comprehensive solutions in strategic management, financial analysis, and operational excellence. Join us to improve your business and gain a competitive edge\",\"publisher\":{\"@id\":\"https:\/\/www.polatco.com\/#organization\"},\"potentialAction\":[{\"@type\":\"SearchAction\",\"target\":{\"@type\":\"EntryPoint\",\"urlTemplate\":\"https:\/\/www.polatco.com\/?s={search_term_string}\"},\"query-input\":{\"@type\":\"PropertyValueSpecification\",\"valueRequired\":true,\"valueName\":\"search_term_string\"}}],\"inLanguage\":\"fr-FR\"},{\"@type\":\"Organization\",\"@id\":\"https:\/\/www.polatco.com\/#organization\",\"name\":\"PolatCo Business Consulting\",\"url\":\"https:\/\/www.polatco.com\/\",\"logo\":{\"@type\":\"ImageObject\",\"inLanguage\":\"fr-FR\",\"@id\":\"https:\/\/www.polatco.com\/#\/schema\/logo\/image\/\",\"url\":\"https:\/\/www.polatco.com\/wp-content\/uploads\/2024\/01\/polatco-logo-hd.png\",\"contentUrl\":\"https:\/\/www.polatco.com\/wp-content\/uploads\/2024\/01\/polatco-logo-hd.png\",\"width\":500,\"height\":500,\"caption\":\"PolatCo Business Consulting\"},\"image\":{\"@id\":\"https:\/\/www.polatco.com\/#\/schema\/logo\/image\/\"},\"sameAs\":[\"https:\/\/www.facebook.com\/polatcosocial\",\"https:\/\/x.com\/polatcoofficial\"]}]}<\/script>\n<!-- \/ Yoast SEO Premium plugin. -->","yoast_head_json":{"title":"Market Research for Business Growth | PolatCo Consulting - PolatCo Business Consulting","robots":{"index":"index","follow":"follow","max-snippet":"max-snippet:-1","max-image-preview":"max-image-preview:large","max-video-preview":"max-video-preview:-1"},"canonical":"https:\/\/www.polatco.com\/fr\/etudes-de-marche-pour-la-croissance-des-entreprises-polatco-consulting\/","og_locale":"fr_FR","og_type":"article","og_title":"Market Research for Business Growth | PolatCo Consulting","og_description":"About Us at Market Research for Business Growth Market Research for Business Growth At PolatCo [&hellip;]","og_url":"https:\/\/www.polatco.com\/fr\/etudes-de-marche-pour-la-croissance-des-entreprises-polatco-consulting\/","og_site_name":"PolatCo Business Consulting","article_publisher":"https:\/\/www.facebook.com\/polatcosocial","article_modified_time":"2024-09-14T09:24:37+00:00","og_image":[{"url":"https:\/\/www.polatco.com\/wp-content\/uploads\/2024\/09\/market-research.png"}],"twitter_card":"summary_large_image","twitter_site":"@polatcoofficial","twitter_misc":{"Dur\u00e9e de lecture estim\u00e9e":"3 minutes"},"schema":{"@context":"https:\/\/schema.org","@graph":[{"@type":"WebPage","@id":"https:\/\/www.polatco.com\/market-research-for-business-growth-polatco-consulting\/","url":"https:\/\/www.polatco.com\/market-research-for-business-growth-polatco-consulting\/","name":"Market Research for Business Growth | PolatCo Consulting - PolatCo Business Consulting","isPartOf":{"@id":"https:\/\/www.polatco.com\/#website"},"primaryImageOfPage":{"@id":"https:\/\/www.polatco.com\/market-research-for-business-growth-polatco-consulting\/#primaryimage"},"image":{"@id":"https:\/\/www.polatco.com\/market-research-for-business-growth-polatco-consulting\/#primaryimage"},"thumbnailUrl":"https:\/\/www.polatco.com\/wp-content\/uploads\/2024\/09\/market-research.png","datePublished":"2024-09-13T13:17:26+00:00","dateModified":"2024-09-14T09:24:37+00:00","breadcrumb":{"@id":"https:\/\/www.polatco.com\/market-research-for-business-growth-polatco-consulting\/#breadcrumb"},"inLanguage":"fr-FR","potentialAction":[{"@type":"ReadAction","target":["https:\/\/www.polatco.com\/market-research-for-business-growth-polatco-consulting\/"]}]},{"@type":"ImageObject","inLanguage":"fr-FR","@id":"https:\/\/www.polatco.com\/market-research-for-business-growth-polatco-consulting\/#primaryimage","url":"https:\/\/www.polatco.com\/wp-content\/uploads\/2024\/09\/market-research.png","contentUrl":"https:\/\/www.polatco.com\/wp-content\/uploads\/2024\/09\/market-research.png"},{"@type":"BreadcrumbList","@id":"https:\/\/www.polatco.com\/market-research-for-business-growth-polatco-consulting\/#breadcrumb","itemListElement":[{"@type":"ListItem","position":1,"name":"Home","item":"https:\/\/www.polatco.com\/"},{"@type":"ListItem","position":2,"name":"Market Research for Business Growth | PolatCo Consulting"}]},{"@type":"WebSite","@id":"https:\/\/www.polatco.com\/#website","url":"https:\/\/www.polatco.com\/","name":"PolatCo Business Consulting","description":"Specializing in business consulting, we offer comprehensive solutions in strategic management, financial analysis, and operational excellence. Join us to improve your business and gain a competitive edge","publisher":{"@id":"https:\/\/www.polatco.com\/#organization"},"potentialAction":[{"@type":"SearchAction","target":{"@type":"EntryPoint","urlTemplate":"https:\/\/www.polatco.com\/?s={search_term_string}"},"query-input":{"@type":"PropertyValueSpecification","valueRequired":true,"valueName":"search_term_string"}}],"inLanguage":"fr-FR"},{"@type":"Organization","@id":"https:\/\/www.polatco.com\/#organization","name":"PolatCo Business Consulting","url":"https:\/\/www.polatco.com\/","logo":{"@type":"ImageObject","inLanguage":"fr-FR","@id":"https:\/\/www.polatco.com\/#\/schema\/logo\/image\/","url":"https:\/\/www.polatco.com\/wp-content\/uploads\/2024\/01\/polatco-logo-hd.png","contentUrl":"https:\/\/www.polatco.com\/wp-content\/uploads\/2024\/01\/polatco-logo-hd.png","width":500,"height":500,"caption":"PolatCo Business Consulting"},"image":{"@id":"https:\/\/www.polatco.com\/#\/schema\/logo\/image\/"},"sameAs":["https:\/\/www.facebook.com\/polatcosocial","https:\/\/x.com\/polatcoofficial"]}]}},"jetpack_sharing_enabled":true,"_links":{"self":[{"href":"https:\/\/www.polatco.com\/fr\/wp-json\/wp\/v2\/pages\/4483","targetHints":{"allow":["GET"]}}],"collection":[{"href":"https:\/\/www.polatco.com\/fr\/wp-json\/wp\/v2\/pages"}],"about":[{"href":"https:\/\/www.polatco.com\/fr\/wp-json\/wp\/v2\/types\/page"}],"author":[{"embeddable":true,"href":"https:\/\/www.polatco.com\/fr\/wp-json\/wp\/v2\/users\/1"}],"replies":[{"embeddable":true,"href":"https:\/\/www.polatco.com\/fr\/wp-json\/wp\/v2\/comments?post=4483"}],"version-history":[{"count":32,"href":"https:\/\/www.polatco.com\/fr\/wp-json\/wp\/v2\/pages\/4483\/revisions"}],"predecessor-version":[{"id":4533,"href":"https:\/\/www.polatco.com\/fr\/wp-json\/wp\/v2\/pages\/4483\/revisions\/4533"}],"wp:attachment":[{"href":"https:\/\/www.polatco.com\/fr\/wp-json\/wp\/v2\/media?parent=4483"}],"curies":[{"name":"wp","href":"https:\/\/api.w.org\/{rel}","templated":true}]}}