{"id":826,"date":"2022-05-06T15:28:48","date_gmt":"2022-05-06T15:28:48","guid":{"rendered":"https:\/\/demo.gutenify.com\/creative-shade\/?page_id=826"},"modified":"2024-01-21T01:08:17","modified_gmt":"2024-01-20T22:08:17","slug":"faq","status":"publish","type":"page","link":"https:\/\/www.polatco.com\/es\/faq\/","title":{"rendered":"Faq"},"content":{"rendered":"<div class=\"wp-block-group alignfull gutenify-section-8bd8d490-b7de-11ee-bb55-27e970ae1ad9 is-layout-constrained wp-container-core-group-is-layout-111b2e00 wp-block-group-is-layout-constrained\">\n<div class=\"wp-block-cover alignfull is-light gutenify-section-8bd15a80-b7de-11ee-bb55-27e970ae1ad9\" style=\"min-height:448px;aspect-ratio:unset;\"><span aria-hidden=\"true\" class=\"wp-block-cover__background has-background-dim wp-block-cover__gradient-background has-background-gradient\" style=\"background:linear-gradient(90deg,rgb(0,0,0) 52%,rgba(150,149,240,0) 96%)\"><\/span><img decoding=\"async\" class=\"wp-block-cover__image-background wp-image-4284\" alt=\"\" src=\"https:\/\/demo.gutenify.com\/gutenify-capital\/wp-content\/uploads\/sites\/97\/2022\/08\/ssw.jpg\" style=\"object-position:48% 43%\" data-object-fit=\"cover\" data-object-position=\"48% 43%\"\/><div class=\"wp-block-cover__inner-container is-layout-flow wp-block-cover-is-layout-flow\">\n<div class=\"wp-block-group alignwide gutenify-section-8bd07020-b7de-11ee-bb55-27e970ae1ad9 is-layout-constrained wp-container-core-group-is-layout-111b2e00 wp-block-group-is-layout-constrained\"><h1 class=\"has-text-align-center alignwide wp-block-post-title has-text-color has-background-color has-extra-large-font-size\">Faq<\/h1><\/div>\n<\/div><\/div>\n\n\n\n<div class=\"wp-block-group alignwide gutenify-section-8bd81140-b7de-11ee-bb55-27e970ae1ad9 is-layout-flow wp-block-group-is-layout-flow\">\n<div class=\"wp-block-gutenify-container alignwide gutenify-block-container-wrapper gutenify-container-version-2 gutenify-section-830ff96c-b1d1-45fb-a6d9-897018c0af49\"><div class=\"gutenify-container\"><div class=\"wp-block-gutenify-section-title gutenify-section-b75ef413-f4af-44e4-84f3-4bbc6d4bc8fc gutenify-section-title-version-2  has-text-align-center\"><div id=\"gutenify-section-b75ef413-f4af-44e4-84f3-4bbc6d4bc8fc\" class=\"gutenify-section-title-section\"><p style=\"color:#ce4318\"class=\"gutenify-section-title-prefix\">PREGUNTAS FRECUENTES<\/p><h2 style=\"color:#000\"class=\"gutenify-section-title-main\">Preguntas frecuentes<\/h2><p style=\"color:#777\"class=\"gutenify-section-title-suffix\">\u00bfTiene curiosidad por saber c\u00f3mo trabajamos o qu\u00e9 nos diferencia? Est\u00e1 en el lugar adecuado. Explore nuestra secci\u00f3n de Preguntas frecuentes para encontrar respuestas r\u00e1pidas a las dudas m\u00e1s habituales. Si necesita m\u00e1s informaci\u00f3n o tiene una pregunta concreta, nuestro equipo est\u00e1 a s\u00f3lo un mensaje de distancia. Empecemos su viaje hacia el \u00e9xito empresarial.<\/p><\/div><\/div>\n\n\n<div class=\"wp-block-gutenify-faqs gutenify-block-faq-wrapper gutenify-block-faq-accordion gutenify-faqs-version-2 gutenify-section-da1cf3bf-9707-4599-b6a0-a1eccd8e67fd\">\n<div class=\"wp-block-gutenify-content-toggle-item gutenify-block-content-toggle-item-wrapper gutenify-content-toggle-item-version-2 gutenify-section-8bd35650-b7de-11ee-bb55-27e970ae1ad9\"><div class=\"gutenify-content-toggle-item-wrapper gutenify-content-toggle-item-closed\"><div class=\"gutenify-content-toggle-item-header\"><h4>\u00bfQu\u00e9 servicios presta su empresa de consultor\u00eda empresarial?<\/h4><button class=\"gutenify-content-toggle-item-handle\"><i class=\"fa fa-angle-up gutenify-angle-up\" aria-hidden=\"true\"><\/i><i class=\"fa fa-angle-down gutenify-angle-down\" aria-hidden=\"true\"><\/i><\/button><\/div><div class=\"gutenify-content-toggle-item-content\"> \n<p class=\"gutenify-section-8bd29300-b7de-11ee-bb55-27e970ae1ad9\">Ofrecemos una amplia gama de servicios de consultor\u00eda empresarial, como planificaci\u00f3n estrat\u00e9gica, optimizaci\u00f3n de procesos, an\u00e1lisis financiero e investigaci\u00f3n de mercados. Nuestro objetivo es ayudar a las empresas a alcanzar sus objetivos mediante soluciones a medida.<\/p>\n<\/div><\/div><\/div>\n\n\n\n<div class=\"wp-block-gutenify-content-toggle-item gutenify-block-content-toggle-item-wrapper gutenify-content-toggle-item-version-2 gutenify-section-8bd4dcf0-b7de-11ee-bb55-27e970ae1ad9\"><div class=\"gutenify-content-toggle-item-wrapper gutenify-content-toggle-item-closed\"><div class=\"gutenify-content-toggle-item-header\"><h4>\u00bfCu\u00e1l es el proceso t\u00edpico cuando se trabaja con su asesor\u00eda?<\/h4><button class=\"gutenify-content-toggle-item-handle\"><i class=\"fa fa-angle-up gutenify-angle-up\" aria-hidden=\"true\"><\/i><i class=\"fa fa-angle-down gutenify-angle-down\" aria-hidden=\"true\"><\/i><\/button><\/div><div class=\"gutenify-content-toggle-item-content\"> \n<p class=\"gutenify-section-8bd419a0-b7de-11ee-bb55-27e970ae1ad9\">Nuestro proceso suele incluir una consulta inicial, un an\u00e1lisis exhaustivo de las necesidades de su empresa, el desarrollo de un plan personalizado y apoyo continuo. Utilizamos metodolog\u00edas probadas para garantizar una implantaci\u00f3n eficaz y unos resultados sostenibles.<\/p>\n<\/div><\/div><\/div>\n\n\n\n<div class=\"wp-block-gutenify-content-toggle-item gutenify-block-content-toggle-item-wrapper gutenify-content-toggle-item-version-2 gutenify-section-8bd63c80-b7de-11ee-bb55-27e970ae1ad9\"><div class=\"gutenify-content-toggle-item-wrapper gutenify-content-toggle-item-closed\"><div class=\"gutenify-content-toggle-item-header\"><h4>\u00bfPuede dar ejemplos de proyectos o clientes con los que haya trabajado?<\/h4><button class=\"gutenify-content-toggle-item-handle\"><i class=\"fa fa-angle-up gutenify-angle-up\" aria-hidden=\"true\"><\/i><i class=\"fa fa-angle-down gutenify-angle-down\" aria-hidden=\"true\"><\/i><\/button><\/div><div class=\"gutenify-content-toggle-item-content\"> \n<p class=\"gutenify-section-8bd5a040-b7de-11ee-bb55-27e970ae1ad9\">Nuestro equipo cuenta con una amplia experiencia en consultor\u00eda empresarial, con un historial de \u00e9xitos en diversos sectores. Consulte nuestros casos pr\u00e1cticos para ver ejemplos de nuestro trabajo y testimonios de clientes.<\/p>\n<\/div><\/div><\/div>\n\n\n\n<div class=\"wp-block-gutenify-content-toggle-item gutenify-block-content-toggle-item-wrapper gutenify-content-toggle-item-version-2 gutenify-section-18e9c6f6-a4a9-4a05-80c9-a657f4755fcc\"><div class=\"gutenify-content-toggle-item-wrapper gutenify-content-toggle-item-closed\"><div class=\"gutenify-content-toggle-item-header\"><h4>\u00bfC\u00f3mo determina el coste de sus servicios?<\/h4><button class=\"gutenify-content-toggle-item-handle\"><i class=\"fa fa-angle-up gutenify-angle-up\" aria-hidden=\"true\"><\/i><i class=\"fa fa-angle-down gutenify-angle-down\" aria-hidden=\"true\"><\/i><\/button><\/div><div class=\"gutenify-content-toggle-item-content\"> \n<p class=\"gutenify-section-8bd6ffd0-b7de-11ee-bb55-27e970ae1ad9\">Nuestros precios se basan en la complejidad y el alcance del proyecto. Ofrecemos modelos de precios transparentes, y nuestro equipo puede facilitarle presupuestos detallados tras comprender sus requisitos espec\u00edficos.<\/p>\n<\/div><\/div><\/div>\n\n\n\n<div class=\"wp-block-gutenify-content-toggle-item gutenify-block-content-toggle-item-wrapper gutenify-content-toggle-item-version-2 gutenify-section-2185f040-b7df-11ee-bb55-27e970ae1ad9\"><div class=\"gutenify-content-toggle-item-wrapper gutenify-content-toggle-item-closed\"><div class=\"gutenify-content-toggle-item-header\"><h4>\u00bfCu\u00e1nto se tarda normalmente en ver los resultados de sus servicios de consultor\u00eda?<\/h4><button class=\"gutenify-content-toggle-item-handle\"><i class=\"fa fa-angle-up gutenify-angle-up\" aria-hidden=\"true\"><\/i><i class=\"fa fa-angle-down gutenify-angle-down\" aria-hidden=\"true\"><\/i><\/button><\/div><div class=\"gutenify-content-toggle-item-content\"> \n<p class=\"gutenify-section-2181d190-b7df-11ee-bb55-27e970ae1ad9\">El plazo para obtener resultados var\u00eda en funci\u00f3n de la naturaleza del proyecto. Nos esforzamos por ser eficientes sin comprometer la calidad, y los clientes suelen ver resultados positivos en los primeros meses de contrataci\u00f3n.<\/p>\n<\/div><\/div><\/div>\n\n\n\n<div class=\"wp-block-gutenify-content-toggle-item gutenify-block-content-toggle-item-wrapper gutenify-content-toggle-item-version-2 gutenify-section-47678260-b7df-11ee-bb55-27e970ae1ad9\"><div class=\"gutenify-content-toggle-item-wrapper gutenify-content-toggle-item-closed\"><div class=\"gutenify-content-toggle-item-header\"><h4>\u00bfC\u00f3mo colabora con los clientes a lo largo del proceso de asesoramiento?<\/h4><button class=\"gutenify-content-toggle-item-handle\"><i class=\"fa fa-angle-up gutenify-angle-up\" aria-hidden=\"true\"><\/i><i class=\"fa fa-angle-down gutenify-angle-down\" aria-hidden=\"true\"><\/i><\/button><\/div><div class=\"gutenify-content-toggle-item-content\"> \n<p class=\"gutenify-section-47644e10-b7df-11ee-bb55-27e970ae1ad9\">Valoramos la comunicaci\u00f3n abierta y la colaboraci\u00f3n. A lo largo del proceso de consultor\u00eda, mantenemos una comunicaci\u00f3n peri\u00f3dica con los clientes, proporcion\u00e1ndoles informaci\u00f3n actualizada, abordando sus preocupaciones e incorporando sus comentarios para garantizar el \u00e9xito mutuo.<\/p>\n<\/div><\/div><\/div>\n\n\n\n<div class=\"wp-block-gutenify-content-toggle-item gutenify-block-content-toggle-item-wrapper gutenify-content-toggle-item-version-2 gutenify-section-6851b7c0-b7df-11ee-bb55-27e970ae1ad9\"><div class=\"gutenify-content-toggle-item-wrapper gutenify-content-toggle-item-closed\"><div class=\"gutenify-content-toggle-item-header\"><h4>\u00bfEst\u00e1n especializados en industrias concretas o trabajan con empresas de diversos sectores? \u00bfC\u00f3mo adaptan sus servicios a las necesidades espec\u00edficas de los distintos sectores?<\/h4><button class=\"gutenify-content-toggle-item-handle\"><i class=\"fa fa-angle-up gutenify-angle-up\" aria-hidden=\"true\"><\/i><i class=\"fa fa-angle-down gutenify-angle-down\" aria-hidden=\"true\"><\/i><\/button><\/div><div class=\"gutenify-content-toggle-item-content\"> \n<p class=\"gutenify-section-684eaa80-b7df-11ee-bb55-27e970ae1ad9\">Aunque tenemos experiencia en varias industrias, nuestro enfoque se adapta a los distintos sectores. Nos tomamos el tiempo necesario para comprender los retos y oportunidades espec\u00edficos de cada sector y adaptamos nuestros servicios en consecuencia.<\/p>\n<\/div><\/div><\/div>\n\n\n\n<div class=\"wp-block-gutenify-content-toggle-item gutenify-block-content-toggle-item-wrapper gutenify-content-toggle-item-version-2 gutenify-section-9c936740-b7df-11ee-bb55-27e970ae1ad9\"><div class=\"gutenify-content-toggle-item-wrapper gutenify-content-toggle-item-closed\"><div class=\"gutenify-content-toggle-item-header\"><h4>\u00bfC\u00f3mo gestiona la confidencialidad y la informaci\u00f3n empresarial sensible?<\/h4><button class=\"gutenify-content-toggle-item-handle\"><i class=\"fa fa-angle-up gutenify-angle-up\" aria-hidden=\"true\"><\/i><i class=\"fa fa-angle-down gutenify-angle-down\" aria-hidden=\"true\"><\/i><\/button><\/div><div class=\"gutenify-content-toggle-item-content\"> \n<p class=\"gutenify-section-9c908110-b7df-11ee-bb55-27e970ae1ad9\">Nos tomamos muy en serio la confidencialidad de los clientes y contamos con s\u00f3lidas medidas para salvaguardar la informaci\u00f3n sensible. Nuestros servicios de consultor\u00eda cumplen todas las normas legales y \u00e9ticas pertinentes.<\/p>\n<\/div><\/div><\/div>\n\n\n\n<div class=\"wp-block-gutenify-content-toggle-item gutenify-block-content-toggle-item-wrapper gutenify-content-toggle-item-version-2 gutenify-section-ba878e20-b7df-11ee-bb55-27e970ae1ad9\"><div class=\"gutenify-content-toggle-item-wrapper gutenify-content-toggle-item-closed\"><div class=\"gutenify-content-toggle-item-header\"><h4>\u00bfOfrecen garant\u00edas o reembolsos por sus servicios de consultor\u00eda?<\/h4><button class=\"gutenify-content-toggle-item-handle\"><i class=\"fa fa-angle-up gutenify-angle-up\" aria-hidden=\"true\"><\/i><i class=\"fa fa-angle-down gutenify-angle-down\" aria-hidden=\"true\"><\/i><\/button><\/div><div class=\"gutenify-content-toggle-item-content\"> \n<p class=\"gutenify-section-ba8480e0-b7df-11ee-bb55-27e970ae1ad9\">Aunque los resultados pueden variar, estamos comprometidos con la satisfacci\u00f3n del cliente. Si alguna vez no est\u00e1 satisfecho con nuestros servicios, p\u00f3ngase en contacto con nosotros para hablar de sus preocupaciones y trabajaremos para encontrar una soluci\u00f3n.<\/p>\n<\/div><\/div><\/div>\n\n\n\n<div class=\"wp-block-gutenify-content-toggle-item gutenify-block-content-toggle-item-wrapper gutenify-content-toggle-item-version-2 gutenify-section-fe0a1e10-b7df-11ee-bb55-27e970ae1ad9\"><div class=\"gutenify-content-toggle-item-wrapper gutenify-content-toggle-item-closed\"><div class=\"gutenify-content-toggle-item-header\"><h4>\u00bfC\u00f3mo pueden los clientes potenciales ponerse en contacto con su consultor\u00eda?<\/h4><button class=\"gutenify-content-toggle-item-handle\"><i class=\"fa fa-angle-up gutenify-angle-up\" aria-hidden=\"true\"><\/i><i class=\"fa fa-angle-down gutenify-angle-down\" aria-hidden=\"true\"><\/i><\/button><\/div><div class=\"gutenify-content-toggle-item-content\"> \n<p class=\"gutenify-section-fe06e9c0-b7df-11ee-bb55-27e970ae1ad9\">Para cualquier consulta, puede ponerse en contacto con nosotros en hello@polatco.com. Nuestro equipo estar\u00e1 encantado de ayudarle y responder a sus preguntas.<\/p>\n<\/div><\/div><\/div>\n<\/div>\n<\/div><\/div>\n<\/div>\n<\/div>","protected":false},"excerpt":{"rendered":"","protected":false},"author":1,"featured_media":0,"parent":0,"menu_order":0,"comment_status":"closed","ping_status":"closed","template":"page-no-title","meta":{"gutenify_custom_css":"","gutenify_custom_css_data":"","footnotes":""},"class_list":["post-826","page","type-page","status-publish","hentry"],"yoast_head":"<!-- This site is optimized with the Yoast SEO Premium plugin v21.7 (Yoast SEO v23.6) - https:\/\/yoast.com\/wordpress\/plugins\/seo\/ -->\n<title>Faq - PolatCo Business Consulting<\/title>\n<meta name=\"robots\" content=\"index, follow, max-snippet:-1, max-image-preview:large, max-video-preview:-1\" \/>\n<link rel=\"canonical\" href=\"https:\/\/www.polatco.com\/es\/faq\/\" \/>\n<meta property=\"og:locale\" content=\"es_ES\" \/>\n<meta property=\"og:type\" content=\"article\" \/>\n<meta property=\"og:title\" content=\"Faq\" \/>\n<meta property=\"og:url\" content=\"https:\/\/www.polatco.com\/es\/faq\/\" \/>\n<meta property=\"og:site_name\" content=\"PolatCo Business Consulting\" \/>\n<meta property=\"article:publisher\" content=\"https:\/\/www.facebook.com\/polatcosocial\" \/>\n<meta property=\"article:modified_time\" content=\"2024-01-20T22:08:17+00:00\" \/>\n<meta property=\"og:image\" content=\"https:\/\/demo.gutenify.com\/gutenify-capital\/wp-content\/uploads\/sites\/97\/2022\/08\/ssw.jpg\" \/>\n<meta name=\"twitter:card\" content=\"summary_large_image\" \/>\n<meta name=\"twitter:site\" content=\"@polatcoofficial\" \/>\n<meta name=\"twitter:label1\" content=\"Tiempo de lectura\" \/>\n\t<meta name=\"twitter:data1\" content=\"3 minutos\" \/>\n<script type=\"application\/ld+json\" class=\"yoast-schema-graph\">{\"@context\":\"https:\/\/schema.org\",\"@graph\":[{\"@type\":\"WebPage\",\"@id\":\"https:\/\/www.polatco.com\/faq\/\",\"url\":\"https:\/\/www.polatco.com\/faq\/\",\"name\":\"Faq - PolatCo Business Consulting\",\"isPartOf\":{\"@id\":\"https:\/\/www.polatco.com\/#website\"},\"primaryImageOfPage\":{\"@id\":\"https:\/\/www.polatco.com\/faq\/#primaryimage\"},\"image\":{\"@id\":\"https:\/\/www.polatco.com\/faq\/#primaryimage\"},\"thumbnailUrl\":\"https:\/\/demo.gutenify.com\/gutenify-capital\/wp-content\/uploads\/sites\/97\/2022\/08\/ssw.jpg\",\"datePublished\":\"2022-05-06T15:28:48+00:00\",\"dateModified\":\"2024-01-20T22:08:17+00:00\",\"breadcrumb\":{\"@id\":\"https:\/\/www.polatco.com\/faq\/#breadcrumb\"},\"inLanguage\":\"es\",\"potentialAction\":[{\"@type\":\"ReadAction\",\"target\":[\"https:\/\/www.polatco.com\/faq\/\"]}]},{\"@type\":\"ImageObject\",\"inLanguage\":\"es\",\"@id\":\"https:\/\/www.polatco.com\/faq\/#primaryimage\",\"url\":\"https:\/\/demo.gutenify.com\/gutenify-capital\/wp-content\/uploads\/sites\/97\/2022\/08\/ssw.jpg\",\"contentUrl\":\"https:\/\/demo.gutenify.com\/gutenify-capital\/wp-content\/uploads\/sites\/97\/2022\/08\/ssw.jpg\"},{\"@type\":\"BreadcrumbList\",\"@id\":\"https:\/\/www.polatco.com\/faq\/#breadcrumb\",\"itemListElement\":[{\"@type\":\"ListItem\",\"position\":1,\"name\":\"Home\",\"item\":\"https:\/\/www.polatco.com\/\"},{\"@type\":\"ListItem\",\"position\":2,\"name\":\"Faq\"}]},{\"@type\":\"WebSite\",\"@id\":\"https:\/\/www.polatco.com\/#website\",\"url\":\"https:\/\/www.polatco.com\/\",\"name\":\"PolatCo Business Consulting\",\"description\":\"Specializing in business consulting, we offer comprehensive solutions in strategic management, financial analysis, and operational excellence. Join us to improve your business and gain a competitive edge\",\"publisher\":{\"@id\":\"https:\/\/www.polatco.com\/#organization\"},\"potentialAction\":[{\"@type\":\"SearchAction\",\"target\":{\"@type\":\"EntryPoint\",\"urlTemplate\":\"https:\/\/www.polatco.com\/?s={search_term_string}\"},\"query-input\":{\"@type\":\"PropertyValueSpecification\",\"valueRequired\":true,\"valueName\":\"search_term_string\"}}],\"inLanguage\":\"es\"},{\"@type\":\"Organization\",\"@id\":\"https:\/\/www.polatco.com\/#organization\",\"name\":\"PolatCo Business Consulting\",\"url\":\"https:\/\/www.polatco.com\/\",\"logo\":{\"@type\":\"ImageObject\",\"inLanguage\":\"es\",\"@id\":\"https:\/\/www.polatco.com\/#\/schema\/logo\/image\/\",\"url\":\"https:\/\/www.polatco.com\/wp-content\/uploads\/2024\/01\/polatco-logo-hd.png\",\"contentUrl\":\"https:\/\/www.polatco.com\/wp-content\/uploads\/2024\/01\/polatco-logo-hd.png\",\"width\":500,\"height\":500,\"caption\":\"PolatCo Business Consulting\"},\"image\":{\"@id\":\"https:\/\/www.polatco.com\/#\/schema\/logo\/image\/\"},\"sameAs\":[\"https:\/\/www.facebook.com\/polatcosocial\",\"https:\/\/x.com\/polatcoofficial\"]}]}<\/script>\n<!-- \/ Yoast SEO Premium plugin. -->","yoast_head_json":{"title":"Faq - PolatCo Business Consulting","robots":{"index":"index","follow":"follow","max-snippet":"max-snippet:-1","max-image-preview":"max-image-preview:large","max-video-preview":"max-video-preview:-1"},"canonical":"https:\/\/www.polatco.com\/es\/faq\/","og_locale":"es_ES","og_type":"article","og_title":"Faq","og_url":"https:\/\/www.polatco.com\/es\/faq\/","og_site_name":"PolatCo Business Consulting","article_publisher":"https:\/\/www.facebook.com\/polatcosocial","article_modified_time":"2024-01-20T22:08:17+00:00","og_image":[{"url":"https:\/\/demo.gutenify.com\/gutenify-capital\/wp-content\/uploads\/sites\/97\/2022\/08\/ssw.jpg"}],"twitter_card":"summary_large_image","twitter_site":"@polatcoofficial","twitter_misc":{"Tiempo de lectura":"3 minutos"},"schema":{"@context":"https:\/\/schema.org","@graph":[{"@type":"WebPage","@id":"https:\/\/www.polatco.com\/faq\/","url":"https:\/\/www.polatco.com\/faq\/","name":"Faq - PolatCo Business Consulting","isPartOf":{"@id":"https:\/\/www.polatco.com\/#website"},"primaryImageOfPage":{"@id":"https:\/\/www.polatco.com\/faq\/#primaryimage"},"image":{"@id":"https:\/\/www.polatco.com\/faq\/#primaryimage"},"thumbnailUrl":"https:\/\/demo.gutenify.com\/gutenify-capital\/wp-content\/uploads\/sites\/97\/2022\/08\/ssw.jpg","datePublished":"2022-05-06T15:28:48+00:00","dateModified":"2024-01-20T22:08:17+00:00","breadcrumb":{"@id":"https:\/\/www.polatco.com\/faq\/#breadcrumb"},"inLanguage":"es","potentialAction":[{"@type":"ReadAction","target":["https:\/\/www.polatco.com\/faq\/"]}]},{"@type":"ImageObject","inLanguage":"es","@id":"https:\/\/www.polatco.com\/faq\/#primaryimage","url":"https:\/\/demo.gutenify.com\/gutenify-capital\/wp-content\/uploads\/sites\/97\/2022\/08\/ssw.jpg","contentUrl":"https:\/\/demo.gutenify.com\/gutenify-capital\/wp-content\/uploads\/sites\/97\/2022\/08\/ssw.jpg"},{"@type":"BreadcrumbList","@id":"https:\/\/www.polatco.com\/faq\/#breadcrumb","itemListElement":[{"@type":"ListItem","position":1,"name":"Home","item":"https:\/\/www.polatco.com\/"},{"@type":"ListItem","position":2,"name":"Faq"}]},{"@type":"WebSite","@id":"https:\/\/www.polatco.com\/#website","url":"https:\/\/www.polatco.com\/","name":"PolatCo Business Consulting","description":"Specializing in business consulting, we offer comprehensive solutions in strategic management, financial analysis, and operational excellence. Join us to improve your business and gain a competitive edge","publisher":{"@id":"https:\/\/www.polatco.com\/#organization"},"potentialAction":[{"@type":"SearchAction","target":{"@type":"EntryPoint","urlTemplate":"https:\/\/www.polatco.com\/?s={search_term_string}"},"query-input":{"@type":"PropertyValueSpecification","valueRequired":true,"valueName":"search_term_string"}}],"inLanguage":"es"},{"@type":"Organization","@id":"https:\/\/www.polatco.com\/#organization","name":"PolatCo Business Consulting","url":"https:\/\/www.polatco.com\/","logo":{"@type":"ImageObject","inLanguage":"es","@id":"https:\/\/www.polatco.com\/#\/schema\/logo\/image\/","url":"https:\/\/www.polatco.com\/wp-content\/uploads\/2024\/01\/polatco-logo-hd.png","contentUrl":"https:\/\/www.polatco.com\/wp-content\/uploads\/2024\/01\/polatco-logo-hd.png","width":500,"height":500,"caption":"PolatCo Business Consulting"},"image":{"@id":"https:\/\/www.polatco.com\/#\/schema\/logo\/image\/"},"sameAs":["https:\/\/www.facebook.com\/polatcosocial","https:\/\/x.com\/polatcoofficial"]}]}},"jetpack_sharing_enabled":true,"_links":{"self":[{"href":"https:\/\/www.polatco.com\/es\/wp-json\/wp\/v2\/pages\/826","targetHints":{"allow":["GET"]}}],"collection":[{"href":"https:\/\/www.polatco.com\/es\/wp-json\/wp\/v2\/pages"}],"about":[{"href":"https:\/\/www.polatco.com\/es\/wp-json\/wp\/v2\/types\/page"}],"author":[{"embeddable":true,"href":"https:\/\/www.polatco.com\/es\/wp-json\/wp\/v2\/users\/1"}],"replies":[{"embeddable":true,"href":"https:\/\/www.polatco.com\/es\/wp-json\/wp\/v2\/comments?post=826"}],"version-history":[{"count":2,"href":"https:\/\/www.polatco.com\/es\/wp-json\/wp\/v2\/pages\/826\/revisions"}],"predecessor-version":[{"id":4444,"href":"https:\/\/www.polatco.com\/es\/wp-json\/wp\/v2\/pages\/826\/revisions\/4444"}],"wp:attachment":[{"href":"https:\/\/www.polatco.com\/es\/wp-json\/wp\/v2\/media?parent=826"}],"curies":[{"name":"wp","href":"https:\/\/api.w.org\/{rel}","templated":true}]}}