{"id":4483,"date":"2024-09-13T16:17:26","date_gmt":"2024-09-13T13:17:26","guid":{"rendered":"https:\/\/www.polatco.com\/?page_id=4483"},"modified":"2024-09-14T12:24:37","modified_gmt":"2024-09-14T09:24:37","slug":"market-research-for-business-growth-polatco-consulting","status":"publish","type":"page","link":"https:\/\/www.polatco.com\/es\/estudios-de-mercado-para-el-crecimiento-empresarial-polatco-consulting\/","title":{"rendered":"Investigaci\u00f3n de mercado para el crecimiento empresarial | PolatCo Consulting"},"content":{"rendered":"<div data-elementor-type=\"wp-page\" data-elementor-id=\"4483\" class=\"elementor elementor-4483\" data-elementor-post-type=\"page\">\n\t\t\t\t\t\t<section class=\"elementor-section elementor-top-section elementor-element elementor-element-136f596b elementor-section-full_width elementor-section-height-default elementor-section-height-default\" data-id=\"136f596b\" data-element_type=\"section\">\n\t\t\t\t\t\t<div class=\"elementor-container elementor-column-gap-default\">\n\t\t\t\t\t<div class=\"elementor-column elementor-col-100 elementor-top-column elementor-element elementor-element-3fef4739\" data-id=\"3fef4739\" data-element_type=\"column\">\n\t\t\t<div class=\"elementor-widget-wrap elementor-element-populated\">\n\t\t\t\t\t\t<div class=\"elementor-element elementor-element-6926e13e elementor-widget elementor-widget-text-editor\" data-id=\"6926e13e\" data-element_type=\"widget\" data-widget_type=\"text-editor.default\">\n\t\t\t\t<div class=\"elementor-widget-container\">\n\t\t\t\t\t\t\t<p><!-- wp:heading {\"level\":1,\"blockClientId\":\"447cef80-71c1-11ef-9991-05f033e485f8\"} --><\/p>\n<h1 id=\"h-about-us\" class=\"wp-block-heading gutenify-section-447cef80-71c1-11ef-9991-05f033e485f8\">Qui\u00e9nes somos en Market Research for Business Growth<\/h1>\n<p><!-- \/wp:heading --><!-- wp:paragraph {\"blockClientId\":\"fba42f10-71c2-11ef-9991-05f033e485f8\"} --><\/p>\n<h2 class=\"gutenify-section-fba42f10-71c2-11ef-9991-05f033e485f8\"><strong>Investigaci\u00f3n de mercado para el crecimiento empresarial<\/strong><\/h2>\n<p><!-- \/wp:paragraph --><!-- wp:paragraph {\"blockClientId\":\"b1ac06d0-71c2-11ef-9991-05f033e485f8\"} --><\/p>\n<p class=\"gutenify-section-b1ac06d0-71c2-11ef-9991-05f033e485f8\">En PolatCo Business Consulting, estamos aqu\u00ed para ayudarle a tomar decisiones m\u00e1s inteligentes cuando se trata de su mercado. Ya sea que est\u00e9 buscando expandirse, <em><strong>analizar a los competidores<\/strong><\/em>o abrirse paso en nuevas regiones, le proporcionamos las herramientas y los conocimientos necesarios para orientar su estrategia.<\/p>\n<p><!-- \/wp:paragraph --><!-- wp:paragraph {\"blockClientId\":\"b2d5e0d0-71c2-11ef-9991-05f033e485f8\"} --><\/p>\n<h2><strong>PolatCo Business Consulting - Inteligencia de mercado y estrategia<\/strong><\/h2>\n<p><!-- \/wp:paragraph --><!-- wp:paragraph {\"blockClientId\":\"447dd9e0-71c1-11ef-9991-05f033e485f8\"} --><\/p>\n<p class=\"gutenify-section-447dd9e0-71c1-11ef-9991-05f033e485f8\">PolatCo se fund\u00f3 con la misi\u00f3n de convertirse en una fuente l\u00edder de inteligencia de mercado en el \u00e1mbito mundial. Nuestra visi\u00f3n se centra en capacitar a las empresas a trav\u00e9s de estudios de mercado de vanguardia, aprovechando los datos para proporcionar los m\u00e1s altos est\u00e1ndares de servicio, y apoyar a nuestros clientes para lograr un \u00e9xito duradero.<\/p>\n<p><!-- \/wp:paragraph --><!-- wp:paragraph {\"blockClientId\":\"447e4f10-71c1-11ef-9991-05f033e485f8\"} --><\/p>\n<p class=\"gutenify-section-447e4f10-71c1-11ef-9991-05f033e485f8\">Ayudamos a las empresas a obtener una ventaja competitiva ofreci\u00e9ndoles las \u00faltimas tendencias del mercado y conocimientos en profundidad. Nuestros servicios de investigaci\u00f3n y consultor\u00eda a medida contribuyen al desarrollo estrat\u00e9gico en los mercados objetivo, mientras que nuestra experiencia en inteligencia y gesti\u00f3n empresarial ayuda a las empresas a maximizar su potencial.<\/p>\n<p><!-- \/wp:paragraph --><!-- wp:separator {\"blockClientId\":\"447e9d30-71c1-11ef-9991-05f033e485f8\"} --><\/p>\n<hr class=\"wp-block-separator has-alpha-channel-opacity gutenify-section-447e9d30-71c1-11ef-9991-05f033e485f8\" \/>\n<p><!-- \/wp:separator --><!-- wp:heading {\"level\":3,\"blockClientId\":\"447f1260-71c1-11ef-9991-05f033e485f8\"} --><\/p>\n<h2><span style=\"color: #008000;\"><img fetchpriority=\"high\" decoding=\"async\" class=\"aligncenter wp-image-4491\" src=\"https:\/\/www.polatco.com\/wp-content\/uploads\/2024\/09\/market-research.png\" alt=\"\" width=\"546\" height=\"429\" srcset=\"https:\/\/www.polatco.com\/wp-content\/uploads\/2024\/09\/market-research.png 500w, https:\/\/www.polatco.com\/wp-content\/uploads\/2024\/09\/market-research-300x236.png 300w, https:\/\/www.polatco.com\/wp-content\/uploads\/2024\/09\/market-research-15x12.png 15w\" sizes=\"(max-width: 546px) 100vw, 546px\" \/><\/span><\/h2>\n<h2>Servicios de consultor\u00eda<\/h2>\n<p><!-- \/wp:heading --><!-- wp:paragraph {\"blockClientId\":\"447f6080-71c1-11ef-9991-05f033e485f8\"} --><\/p>\n<h3><strong>\u00bfPor qu\u00e9 elegir PolatCo Consulting?<\/strong><\/h3>\n<p><!-- \/wp:paragraph --><!-- wp:paragraph {\"blockClientId\":\"447fd5b0-71c1-11ef-9991-05f033e485f8\"} --><\/p>\n<p class=\"gutenify-section-447fd5b0-71c1-11ef-9991-05f033e485f8\">Asociarse con PolatCo conlleva numerosas ventajas para las empresas que buscan mantenerse a la vanguardia en el panorama competitivo actual. Nuestro equipo de expertos se especializa en ofrecer soluciones personalizadas que est\u00e1n alineadas con sus objetivos estrat\u00e9gicos, asegurando que pueda adaptarse r\u00e1pidamente a los cambios del mercado y obtener una ventaja competitiva.<\/p>\n<p><!-- \/wp:paragraph --><!-- wp:paragraph {\"blockClientId\":\"448023d0-71c1-11ef-9991-05f033e485f8\"} --><\/p>\n<p class=\"gutenify-section-448023d0-71c1-11ef-9991-05f033e485f8\">Adem\u00e1s, nuestros servicios de consultor\u00eda ayudan a las empresas a optimizar los procesos internos y aumentar la eficiencia general. Al ofrecer una perspectiva externa, proporcionamos informaci\u00f3n valiosa para mejorar las operaciones empresariales e identificar \u00e1reas de mejora. Nuestros consultores trabajan en estrecha colaboraci\u00f3n con su equipo, destacando los puntos fuertes y abordando los puntos d\u00e9biles para establecer una base de crecimiento sostenible.<\/p>\n<p><!-- \/wp:paragraph --><!-- wp:separator {\"blockClientId\":\"44809900-71c1-11ef-9991-05f033e485f8\"} --><\/p>\n<hr class=\"wp-block-separator has-alpha-channel-opacity gutenify-section-44809900-71c1-11ef-9991-05f033e485f8\" \/>\n<p><!-- \/wp:separator --><!-- wp:heading {\"level\":3,\"blockClientId\":\"4480e720-71c1-11ef-9991-05f033e485f8\"} --><\/p>\n<h3 id=\"h-the-importance-of-targeted-market-entry\" class=\"wp-block-heading gutenify-section-4480e720-71c1-11ef-9991-05f033e485f8\">La importancia de entrar en mercados espec\u00edficos<\/h3>\n<p><!-- \/wp:heading --><!-- wp:paragraph {\"blockClientId\":\"44813540-71c1-11ef-9991-05f033e485f8\"} --><\/p>\n<p class=\"gutenify-section-44813540-71c1-11ef-9991-05f033e485f8\">La entrada en mercados espec\u00edficos es clave para dirigir sus recursos y energ\u00eda hacia el producto o servicio adecuado en mercados concretos. Esta estrategia permite a las empresas evaluar las oportunidades en las que est\u00e1n mejor posicionadas para triunfar, centr\u00e1ndose en las \u00e1reas en las que tienen m\u00e1s puntos fuertes.<\/p>\n<p><!-- \/wp:paragraph --><!-- wp:paragraph {\"blockClientId\":\"4481aa70-71c1-11ef-9991-05f033e485f8\"} --><\/p>\n<p class=\"gutenify-section-4481aa70-71c1-11ef-9991-05f033e485f8\">Uno de los principales beneficios es lograr una ventaja competitiva aprovechando su experiencia. Adem\u00e1s, centrarse en un mercado espec\u00edfico permite aplicar estrategias de marketing y ventas m\u00e1s precisas, presentando una oferta m\u00e1s clara y convincente a los clientes. Este enfoque tambi\u00e9n garantiza una mejor alineaci\u00f3n con la demanda local y las necesidades de los clientes, lo que permite a su empresa lograr un \u00e9xito m\u00e1s sostenible a escala mundial.<\/p>\n<p><!-- \/wp:paragraph --><!-- wp:separator {\"blockClientId\":\"44821fa0-71c1-11ef-9991-05f033e485f8\"} --><\/p>\n<hr class=\"wp-block-separator has-alpha-channel-opacity gutenify-section-44821fa0-71c1-11ef-9991-05f033e485f8\" \/>\n<p><!-- \/wp:separator --><!-- wp:heading {\"level\":3,\"blockClientId\":\"448294d0-71c1-11ef-9991-05f033e485f8\"} --><\/p>\n<h3 id=\"h-the-advantages-of-polatco-s-services\" class=\"wp-block-heading gutenify-section-448294d0-71c1-11ef-9991-05f033e485f8\">Ventajas de los servicios de PolatCo<\/h3>\n<p><!-- \/wp:heading --><!-- wp:paragraph {\"blockClientId\":\"44833110-71c1-11ef-9991-05f033e485f8\"} --><\/p>\n<p class=\"gutenify-section-44833110-71c1-11ef-9991-05f033e485f8\">En PolatCo, marcamos la diferencia en el mercado global con los beneficios que nuestros servicios aportan a las empresas. Al centrarnos en las necesidades de nuestros clientes, nuestra inteligencia estrat\u00e9gica y nuestro equipo de expertos ayudan a las empresas a aumentar su ventaja competitiva y alcanzar un \u00e9xito sostenible.<\/p>\n<p><!-- \/wp:paragraph --><!-- wp:separator {\"blockClientId\":\"4483cd50-71c1-11ef-9991-05f033e485f8\"} --><\/p>\n<hr class=\"wp-block-separator has-alpha-channel-opacity gutenify-section-4483cd50-71c1-11ef-9991-05f033e485f8\" \/>\n<p><!-- \/wp:separator --><!-- wp:heading {\"level\":3,\"blockClientId\":\"44844280-71c1-11ef-9991-05f033e485f8\"} --><\/p>\n<h2><span style=\"color: #008000;\">\u00bfTiene alguna pregunta?<\/span><\/h2>\n<p><!-- \/wp:heading --><!-- wp:paragraph {\"blockClientId\":\"4484b7b0-71c1-11ef-9991-05f033e485f8\"} --><\/p>\n<p class=\"gutenify-section-4484b7b0-71c1-11ef-9991-05f033e485f8\">En PolatCo, estamos aqu\u00ed para eliminar la incertidumbre y ofrecer soluciones claras a sus retos empresariales. Nuestro experimentado equipo est\u00e1 preparado para responder a sus preguntas y ayudarle a superar los obst\u00e1culos. Tanto si busca perfeccionar sus estrategias empresariales, aumentar su ventaja competitiva u obtener orientaci\u00f3n sobre procesos comerciales, PolatCo est\u00e1 aqu\u00ed para usted.<\/p>\n<p><!-- \/wp:paragraph --><!-- wp:separator {\"blockClientId\":\"4485c920-71c1-11ef-9991-05f033e485f8\"} --><\/p>\n<hr class=\"wp-block-separator has-alpha-channel-opacity gutenify-section-4485c920-71c1-11ef-9991-05f033e485f8\" \/>\n<p><!-- \/wp:separator --><\/p>\t\t\t\t\t\t<\/div>\n\t\t\t\t<\/div>\n\t\t\t\t\t<\/div>\n\t\t<\/div>\n\t\t\t\t\t<\/div>\n\t\t<\/section>\n\t\t\t\t<\/div>","protected":false},"excerpt":{"rendered":"<p>About Us at Market Research for Business Growth Market Research for Business Growth At PolatCo [&hellip;]<\/p>","protected":false},"author":1,"featured_media":0,"parent":0,"menu_order":0,"comment_status":"closed","ping_status":"closed","template":"elementor_theme","meta":{"gutenify_custom_css":"","gutenify_custom_css_data":"","footnotes":""},"class_list":["post-4483","page","type-page","status-publish","hentry"],"yoast_head":"<!-- This site is optimized with the Yoast SEO Premium plugin v21.7 (Yoast SEO v23.6) - https:\/\/yoast.com\/wordpress\/plugins\/seo\/ -->\n<title>Market Research for Business Growth | PolatCo Consulting - PolatCo Business Consulting<\/title>\n<meta name=\"robots\" content=\"index, follow, max-snippet:-1, max-image-preview:large, max-video-preview:-1\" \/>\n<link rel=\"canonical\" href=\"https:\/\/www.polatco.com\/es\/estudios-de-mercado-para-el-crecimiento-empresarial-polatco-consulting\/\" \/>\n<meta property=\"og:locale\" content=\"es_ES\" \/>\n<meta property=\"og:type\" content=\"article\" \/>\n<meta property=\"og:title\" content=\"Market Research for Business Growth | PolatCo Consulting\" \/>\n<meta property=\"og:description\" content=\"About Us at Market Research for Business Growth Market Research for Business Growth At PolatCo [&hellip;]\" \/>\n<meta property=\"og:url\" content=\"https:\/\/www.polatco.com\/es\/estudios-de-mercado-para-el-crecimiento-empresarial-polatco-consulting\/\" \/>\n<meta property=\"og:site_name\" content=\"PolatCo Business Consulting\" \/>\n<meta property=\"article:publisher\" content=\"https:\/\/www.facebook.com\/polatcosocial\" \/>\n<meta property=\"article:modified_time\" content=\"2024-09-14T09:24:37+00:00\" \/>\n<meta property=\"og:image\" content=\"https:\/\/www.polatco.com\/wp-content\/uploads\/2024\/09\/market-research.png\" \/>\n<meta name=\"twitter:card\" content=\"summary_large_image\" \/>\n<meta name=\"twitter:site\" content=\"@polatcoofficial\" \/>\n<meta name=\"twitter:label1\" content=\"Tiempo de lectura\" \/>\n\t<meta name=\"twitter:data1\" content=\"3 minutos\" \/>\n<script type=\"application\/ld+json\" class=\"yoast-schema-graph\">{\"@context\":\"https:\/\/schema.org\",\"@graph\":[{\"@type\":\"WebPage\",\"@id\":\"https:\/\/www.polatco.com\/market-research-for-business-growth-polatco-consulting\/\",\"url\":\"https:\/\/www.polatco.com\/market-research-for-business-growth-polatco-consulting\/\",\"name\":\"Market Research for Business Growth | PolatCo Consulting - PolatCo Business Consulting\",\"isPartOf\":{\"@id\":\"https:\/\/www.polatco.com\/#website\"},\"primaryImageOfPage\":{\"@id\":\"https:\/\/www.polatco.com\/market-research-for-business-growth-polatco-consulting\/#primaryimage\"},\"image\":{\"@id\":\"https:\/\/www.polatco.com\/market-research-for-business-growth-polatco-consulting\/#primaryimage\"},\"thumbnailUrl\":\"https:\/\/www.polatco.com\/wp-content\/uploads\/2024\/09\/market-research.png\",\"datePublished\":\"2024-09-13T13:17:26+00:00\",\"dateModified\":\"2024-09-14T09:24:37+00:00\",\"breadcrumb\":{\"@id\":\"https:\/\/www.polatco.com\/market-research-for-business-growth-polatco-consulting\/#breadcrumb\"},\"inLanguage\":\"es\",\"potentialAction\":[{\"@type\":\"ReadAction\",\"target\":[\"https:\/\/www.polatco.com\/market-research-for-business-growth-polatco-consulting\/\"]}]},{\"@type\":\"ImageObject\",\"inLanguage\":\"es\",\"@id\":\"https:\/\/www.polatco.com\/market-research-for-business-growth-polatco-consulting\/#primaryimage\",\"url\":\"https:\/\/www.polatco.com\/wp-content\/uploads\/2024\/09\/market-research.png\",\"contentUrl\":\"https:\/\/www.polatco.com\/wp-content\/uploads\/2024\/09\/market-research.png\"},{\"@type\":\"BreadcrumbList\",\"@id\":\"https:\/\/www.polatco.com\/market-research-for-business-growth-polatco-consulting\/#breadcrumb\",\"itemListElement\":[{\"@type\":\"ListItem\",\"position\":1,\"name\":\"Home\",\"item\":\"https:\/\/www.polatco.com\/\"},{\"@type\":\"ListItem\",\"position\":2,\"name\":\"Market Research for Business Growth | PolatCo Consulting\"}]},{\"@type\":\"WebSite\",\"@id\":\"https:\/\/www.polatco.com\/#website\",\"url\":\"https:\/\/www.polatco.com\/\",\"name\":\"PolatCo Business Consulting\",\"description\":\"Specializing in business consulting, we offer comprehensive solutions in strategic management, financial analysis, and operational excellence. Join us to improve your business and gain a competitive edge\",\"publisher\":{\"@id\":\"https:\/\/www.polatco.com\/#organization\"},\"potentialAction\":[{\"@type\":\"SearchAction\",\"target\":{\"@type\":\"EntryPoint\",\"urlTemplate\":\"https:\/\/www.polatco.com\/?s={search_term_string}\"},\"query-input\":{\"@type\":\"PropertyValueSpecification\",\"valueRequired\":true,\"valueName\":\"search_term_string\"}}],\"inLanguage\":\"es\"},{\"@type\":\"Organization\",\"@id\":\"https:\/\/www.polatco.com\/#organization\",\"name\":\"PolatCo Business Consulting\",\"url\":\"https:\/\/www.polatco.com\/\",\"logo\":{\"@type\":\"ImageObject\",\"inLanguage\":\"es\",\"@id\":\"https:\/\/www.polatco.com\/#\/schema\/logo\/image\/\",\"url\":\"https:\/\/www.polatco.com\/wp-content\/uploads\/2024\/01\/polatco-logo-hd.png\",\"contentUrl\":\"https:\/\/www.polatco.com\/wp-content\/uploads\/2024\/01\/polatco-logo-hd.png\",\"width\":500,\"height\":500,\"caption\":\"PolatCo Business Consulting\"},\"image\":{\"@id\":\"https:\/\/www.polatco.com\/#\/schema\/logo\/image\/\"},\"sameAs\":[\"https:\/\/www.facebook.com\/polatcosocial\",\"https:\/\/x.com\/polatcoofficial\"]}]}<\/script>\n<!-- \/ Yoast SEO Premium plugin. -->","yoast_head_json":{"title":"Market Research for Business Growth | PolatCo Consulting - PolatCo Business Consulting","robots":{"index":"index","follow":"follow","max-snippet":"max-snippet:-1","max-image-preview":"max-image-preview:large","max-video-preview":"max-video-preview:-1"},"canonical":"https:\/\/www.polatco.com\/es\/estudios-de-mercado-para-el-crecimiento-empresarial-polatco-consulting\/","og_locale":"es_ES","og_type":"article","og_title":"Market Research for Business Growth | PolatCo Consulting","og_description":"About Us at Market Research for Business Growth Market Research for Business Growth At PolatCo [&hellip;]","og_url":"https:\/\/www.polatco.com\/es\/estudios-de-mercado-para-el-crecimiento-empresarial-polatco-consulting\/","og_site_name":"PolatCo Business Consulting","article_publisher":"https:\/\/www.facebook.com\/polatcosocial","article_modified_time":"2024-09-14T09:24:37+00:00","og_image":[{"url":"https:\/\/www.polatco.com\/wp-content\/uploads\/2024\/09\/market-research.png"}],"twitter_card":"summary_large_image","twitter_site":"@polatcoofficial","twitter_misc":{"Tiempo de lectura":"3 minutos"},"schema":{"@context":"https:\/\/schema.org","@graph":[{"@type":"WebPage","@id":"https:\/\/www.polatco.com\/market-research-for-business-growth-polatco-consulting\/","url":"https:\/\/www.polatco.com\/market-research-for-business-growth-polatco-consulting\/","name":"Market Research for Business Growth | PolatCo Consulting - PolatCo Business Consulting","isPartOf":{"@id":"https:\/\/www.polatco.com\/#website"},"primaryImageOfPage":{"@id":"https:\/\/www.polatco.com\/market-research-for-business-growth-polatco-consulting\/#primaryimage"},"image":{"@id":"https:\/\/www.polatco.com\/market-research-for-business-growth-polatco-consulting\/#primaryimage"},"thumbnailUrl":"https:\/\/www.polatco.com\/wp-content\/uploads\/2024\/09\/market-research.png","datePublished":"2024-09-13T13:17:26+00:00","dateModified":"2024-09-14T09:24:37+00:00","breadcrumb":{"@id":"https:\/\/www.polatco.com\/market-research-for-business-growth-polatco-consulting\/#breadcrumb"},"inLanguage":"es","potentialAction":[{"@type":"ReadAction","target":["https:\/\/www.polatco.com\/market-research-for-business-growth-polatco-consulting\/"]}]},{"@type":"ImageObject","inLanguage":"es","@id":"https:\/\/www.polatco.com\/market-research-for-business-growth-polatco-consulting\/#primaryimage","url":"https:\/\/www.polatco.com\/wp-content\/uploads\/2024\/09\/market-research.png","contentUrl":"https:\/\/www.polatco.com\/wp-content\/uploads\/2024\/09\/market-research.png"},{"@type":"BreadcrumbList","@id":"https:\/\/www.polatco.com\/market-research-for-business-growth-polatco-consulting\/#breadcrumb","itemListElement":[{"@type":"ListItem","position":1,"name":"Home","item":"https:\/\/www.polatco.com\/"},{"@type":"ListItem","position":2,"name":"Market Research for Business Growth | PolatCo Consulting"}]},{"@type":"WebSite","@id":"https:\/\/www.polatco.com\/#website","url":"https:\/\/www.polatco.com\/","name":"PolatCo Business Consulting","description":"Specializing in business consulting, we offer comprehensive solutions in strategic management, financial analysis, and operational excellence. Join us to improve your business and gain a competitive edge","publisher":{"@id":"https:\/\/www.polatco.com\/#organization"},"potentialAction":[{"@type":"SearchAction","target":{"@type":"EntryPoint","urlTemplate":"https:\/\/www.polatco.com\/?s={search_term_string}"},"query-input":{"@type":"PropertyValueSpecification","valueRequired":true,"valueName":"search_term_string"}}],"inLanguage":"es"},{"@type":"Organization","@id":"https:\/\/www.polatco.com\/#organization","name":"PolatCo Business Consulting","url":"https:\/\/www.polatco.com\/","logo":{"@type":"ImageObject","inLanguage":"es","@id":"https:\/\/www.polatco.com\/#\/schema\/logo\/image\/","url":"https:\/\/www.polatco.com\/wp-content\/uploads\/2024\/01\/polatco-logo-hd.png","contentUrl":"https:\/\/www.polatco.com\/wp-content\/uploads\/2024\/01\/polatco-logo-hd.png","width":500,"height":500,"caption":"PolatCo Business Consulting"},"image":{"@id":"https:\/\/www.polatco.com\/#\/schema\/logo\/image\/"},"sameAs":["https:\/\/www.facebook.com\/polatcosocial","https:\/\/x.com\/polatcoofficial"]}]}},"jetpack_sharing_enabled":true,"_links":{"self":[{"href":"https:\/\/www.polatco.com\/es\/wp-json\/wp\/v2\/pages\/4483","targetHints":{"allow":["GET"]}}],"collection":[{"href":"https:\/\/www.polatco.com\/es\/wp-json\/wp\/v2\/pages"}],"about":[{"href":"https:\/\/www.polatco.com\/es\/wp-json\/wp\/v2\/types\/page"}],"author":[{"embeddable":true,"href":"https:\/\/www.polatco.com\/es\/wp-json\/wp\/v2\/users\/1"}],"replies":[{"embeddable":true,"href":"https:\/\/www.polatco.com\/es\/wp-json\/wp\/v2\/comments?post=4483"}],"version-history":[{"count":32,"href":"https:\/\/www.polatco.com\/es\/wp-json\/wp\/v2\/pages\/4483\/revisions"}],"predecessor-version":[{"id":4533,"href":"https:\/\/www.polatco.com\/es\/wp-json\/wp\/v2\/pages\/4483\/revisions\/4533"}],"wp:attachment":[{"href":"https:\/\/www.polatco.com\/es\/wp-json\/wp\/v2\/media?parent=4483"}],"curies":[{"name":"wp","href":"https:\/\/api.w.org\/{rel}","templated":true}]}}