{"id":34,"date":"2022-04-27T17:11:54","date_gmt":"2022-04-27T17:11:54","guid":{"rendered":"https:\/\/demo.gutenify.com\/gutenify-template-kit\/?page_id=26"},"modified":"2024-02-24T12:40:33","modified_gmt":"2024-02-24T09:40:33","slug":"contact","status":"publish","type":"page","link":"https:\/\/www.polatco.com\/es\/pongase-en-contacto-con\/","title":{"rendered":"P\u00f3ngase en contacto con"},"content":{"rendered":"<div class=\"wp-block-group alignfull gutenify-section-6bc5d270-ae74-11ee-9e7b-4f306f1ed77c is-layout-constrained wp-container-core-group-is-layout-111b2e00 wp-block-group-is-layout-constrained\">\n<div class=\"wp-block-cover alignfull is-light gutenify-section-6bb72c70-ae74-11ee-9e7b-4f306f1ed77c\" style=\"min-height:405px;aspect-ratio:unset;\"><span aria-hidden=\"true\" class=\"wp-block-cover__background has-foreground-background-color has-background-dim\"><\/span><img decoding=\"async\" class=\"wp-block-cover__image-background wp-image-766\" alt=\"\" src=\"https:\/\/demo.gutenify.com\/gutenify-business\/wp-content\/themes\/gutenify-business\/images\/inner-banner.jpg\" style=\"object-position:47% 65%\" data-object-fit=\"cover\" data-object-position=\"47% 65%\"\/><div class=\"wp-block-cover__inner-container is-layout-flow wp-block-cover-is-layout-flow\">\n<div class=\"wp-block-group alignwide gutenify-section-6bb6de50-ae74-11ee-9e7b-4f306f1ed77c is-layout-constrained wp-block-group-is-layout-constrained\"><h1 class=\"has-text-align-center alignwide wp-block-post-title has-text-color has-background-color has-large-font-size\">P\u00f3ngase en contacto con<\/h1><\/div>\n<\/div><\/div>\n\n\n\n<div class=\"wp-block-group alignfull gutenify-section-6bc472e0-ae74-11ee-9e7b-4f306f1ed77c is-layout-constrained wp-block-group-is-layout-constrained\">\n<div class=\"wp-block-gutenify-container alignwide gutenify-block-container-wrapper gutenify-container-version-2 gutenify-section-60cf2b9d-2424-45ed-a74a-e423caf84052\"><div class=\"gutenify-container\">\n<div class=\"wp-block-columns alignwide are-vertically-aligned-center gutenify-section-6bc3af90-ae74-11ee-9e7b-4f306f1ed77c is-layout-flex wp-container-core-columns-is-layout-28f84493 wp-block-columns-is-layout-flex\">\n<div class=\"wp-block-column is-vertically-aligned-center animated fadeInUp gutenify-section-6bc0f070-ae74-11ee-9e7b-4f306f1ed77c is-layout-flow wp-block-column-is-layout-flow\"><div class=\"wp-block-gutenify-section-title gutenify-section-f3f3e1eb-c627-4c94-8770-6ac7cc8f3ea0 gutenify-section-title-version-2 has-text-align-left\"><div id=\"gutenify-section-f3f3e1eb-c627-4c94-8770-6ac7cc8f3ea0\" class=\"gutenify-section-title-section\"><p class=\"gutenify-section-title-prefix\">CONTACTO<\/p><h2 class=\"gutenify-section-title-main\">P\u00f3ngase en contacto<\/h2><p class=\"gutenify-section-title-suffix\"><strong>Hablemos de negocios<\/strong><br>En PolatCo Business Consulting, creemos en el poder de las conversaciones significativas. Si est\u00e1 buscando asesoramiento estrat\u00e9gico, explorando nuevas oportunidades de negocio o buscando soluciones a medida, estamos aqu\u00ed para comprometernos con usted. Nuestro equipo de consultores experimentados est\u00e1 preparado para escuchar, comprender sus retos \u00fanicos y colaborar en estrategias innovadoras para impulsar su negocio.<br><strong>\u00bfC\u00f3mo podemos ayudarle?<\/strong> No dude en ponerse en contacto con nosotros a trav\u00e9s del siguiente formulario. Cu\u00e9ntenos sus objetivos, retos o cualquier duda que tenga. Nos comprometemos a ofrecerle una orientaci\u00f3n perspicaz y soluciones pr\u00e1cticas para que su empresa prospere.<br><strong>Su \u00e9xito es nuestra prioridad<\/strong> En PolatCo Business Consulting, estamos dedicados a su \u00e9xito. Emprendamos juntos un viaje en el que sus objetivos se conviertan en los nuestros y la colaboraci\u00f3n estrat\u00e9gica d\u00e9 lugar a resultados tangibles.<br>Rellene el formulario e iniciemos una conversaci\u00f3n que podr\u00eda redefinir la trayectoria de su negocio.<\/p><\/div><\/div>\n\n\n<div class=\"wp-block-gutenify-service gutenify-service-layout-2 gutenify-service-col-2 gutenify--service--hide-button gutenify-service-version-2 alignundefined gutenify-service-block-wrapper gutenify-section-a4305800-a651-4864-a09c-2f33590f4b10\"><div class=\"gutenify-service-block\">\n<div class=\"wp-block-gutenify-info-box gutenify-info-box-layout-2 gutenify-info-box-version-2 flex-col-item gutenify-section-7764d261-88a4-4f29-876b-1d41af436cbe\">\n<div class=\"wp-block-gutenify-icon flex-col-item is-content-justification-center gutenify-icon-version-2 gutenify-section-edf9b9dc-6f51-406c-8218-59fcd8ca9ff9\"><a class=\"gutenify-icon-wrapper\"><i class=\"fas fa-map-marker-alt\"><\/i><\/a><\/div>\n\n\n\n<h3 class=\"wp-block-heading has-text-align-left gutenify-admin-info-box-block-title gutenify-section-6bb816d0-ae74-11ee-9e7b-4f306f1ed77c\" id=\"h-address\">Direcci\u00f3n<\/h3>\n\n\n\n<h4 class=\"wp-block-heading has-text-align-left gutenify-admin-info-box-block-subtitle gutenify-section-6bb864f0-ae74-11ee-9e7b-4f306f1ed77c\" id=\"h-harbiye-cetin-emec-blv-no-27-06460-cankaya-ankara\">Harbiye, \u00c7etin Eme\u00e7 Blv No:27, 06460 \u00c7ankaya\/Ankara<\/h4>\n\n\n\n<p class=\"has-text-align-left gutenify-admin-info-box-block-content gutenify-section-6bb8da20-ae74-11ee-9e7b-4f306f1ed77c\"><\/p>\n\n\n\n<div class=\"wp-block-gutenify-buttons is-content-justification-left wp-block-buttons gutenify-buttons-version-2 gutenify-section-6bb99d70-ae74-11ee-9e7b-4f306f1ed77c\"><\/div>\n<\/div>\n\n\n\n<div class=\"wp-block-gutenify-info-box gutenify-info-box-layout-2 gutenify-info-box-version-2 flex-col-item gutenify-section-6e20f20b-3d06-4604-bcf4-4125470210d0\">\n<div class=\"wp-block-gutenify-icon flex-col-item is-content-justification-center gutenify-icon-version-2 gutenify-section-22b32afe-63d8-4c47-908f-2db0fba5aeaa\"><a class=\"gutenify-icon-wrapper\"><i class=\"fas fa-phone\"><\/i><\/a><\/div>\n\n\n\n<h3 class=\"wp-block-heading has-text-align-left gutenify-admin-info-box-block-title gutenify-section-6bbaaee0-ae74-11ee-9e7b-4f306f1ed77c\" id=\"h-contact\">P\u00f3ngase en contacto con<\/h3>\n\n\n\n<h4 class=\"wp-block-heading has-text-align-left gutenify-admin-info-box-block-subtitle gutenify-section-6bbb2410-ae74-11ee-9e7b-4f306f1ed77c\" id=\"h-whatsapp\"><a href=\"https:\/\/wa.me\/905102221730\">Whatsapp<\/a><\/h4>\n\n\n\n<p class=\"has-text-align-left gutenify-admin-info-box-block-content gutenify-section-6bbb9940-ae74-11ee-9e7b-4f306f1ed77c\">+90510 222 17 30<\/p>\n\n\n\n<div class=\"wp-block-gutenify-buttons is-content-justification-left wp-block-buttons gutenify-buttons-version-2 gutenify-section-6bbc5c90-ae74-11ee-9e7b-4f306f1ed77c\"><\/div>\n<\/div>\n\n\n\n<div class=\"wp-block-gutenify-info-box gutenify-info-box-layout-2 gutenify-info-box-version-2 flex-col-item gutenify-section-b291af32-5d9f-4299-a902-fab3c337007c\">\n<div class=\"wp-block-gutenify-icon flex-col-item is-content-justification-center gutenify-icon-version-2 gutenify-section-009cce0f-fc50-4dba-aca7-6896390ae729\"><a class=\"gutenify-icon-wrapper\"><i class=\"far fa-comments\"><\/i><\/a><\/div>\n\n\n\n<h3 class=\"wp-block-heading has-text-align-left gutenify-admin-info-box-block-title gutenify-section-6bbcf8d0-ae74-11ee-9e7b-4f306f1ed77c\" id=\"h-e-mail\">Correo electr\u00f3nico<\/h3>\n\n\n\n<h4 class=\"wp-block-heading has-text-align-left gutenify-admin-info-box-block-subtitle gutenify-section-6bbd46f0-ae74-11ee-9e7b-4f306f1ed77c\" id=\"h-hello-polatco-com\"><a href=\"mailto:hello@polatco.com\">hello@polatco.com<\/a><\/h4>\n\n\n\n<p class=\"has-text-align-left gutenify-admin-info-box-block-content gutenify-section-6bbdbc20-ae74-11ee-9e7b-4f306f1ed77c\"><\/p>\n\n\n\n<div class=\"wp-block-gutenify-buttons is-content-justification-left wp-block-buttons gutenify-buttons-version-2 gutenify-section-6bbe7f70-ae74-11ee-9e7b-4f306f1ed77c\"><\/div>\n<\/div>\n\n\n\n<div class=\"wp-block-gutenify-info-box gutenify-info-box-layout-2 gutenify-info-box-version-2 flex-col-item gutenify-section-16ffcb35-6398-4228-937b-dca000d94659\">\n<div class=\"wp-block-gutenify-icon flex-col-item is-content-justification-center gutenify-icon-version-2 gutenify-section-1f062eda-2b92-45a8-a2ce-dc35ce5a2357\"><a class=\"gutenify-icon-wrapper\"><i class=\"fas fa-globe\"><\/i><\/a><\/div>\n\n\n\n<h3 class=\"wp-block-heading has-text-align-left gutenify-admin-info-box-block-title gutenify-section-6bbf1bb0-ae74-11ee-9e7b-4f306f1ed77c\" id=\"h-website\">P\u00e1gina web<\/h3>\n\n\n\n<h4 class=\"wp-block-heading has-text-align-left gutenify-admin-info-box-block-subtitle gutenify-section-6bbf90e0-ae74-11ee-9e7b-4f306f1ed77c\" id=\"h-www-polatco-com\">www.polatco.com<\/h4>\n\n\n\n<p class=\"has-text-align-left gutenify-admin-info-box-block-content gutenify-section-6bbfdf00-ae74-11ee-9e7b-4f306f1ed77c\"><\/p>\n\n\n\n<div class=\"wp-block-gutenify-buttons is-content-justification-left wp-block-buttons gutenify-buttons-version-2 gutenify-section-6bc05430-ae74-11ee-9e7b-4f306f1ed77c\"><\/div>\n<\/div>\n<\/div><\/div>\n<\/div>\n\n\n\n<div class=\"wp-block-column is-vertically-aligned-center animated fadeInUp gutenify-section-6bc31350-ae74-11ee-9e7b-4f306f1ed77c is-layout-flow wp-block-column-is-layout-flow\" style=\"padding-top:40px;padding-right:40px;padding-bottom:40px;padding-left:40px\">\n<div class=\"wp-block-group alignwide has-no-hover-shadow-dark gutenify-section-6bc228f0-ae74-11ee-9e7b-4f306f1ed77c is-layout-constrained wp-container-core-group-is-layout-69de643f wp-block-group-is-layout-constrained\" style=\"padding-top:40px;padding-right:40px;padding-bottom:40px;padding-left:40px\">\n<div class=\"wp-block-contact-form-7-contact-form-selector gutenify-section-6bc1b3c0-ae74-11ee-9e7b-4f306f1ed77c\">\n<div class=\"wpcf7 no-js\" id=\"wpcf7-f23-o1\" lang=\"en-US\" dir=\"ltr\" data-wpcf7-id=\"23\">\n<div class=\"screen-reader-response\"><p role=\"status\" aria-live=\"polite\" aria-atomic=\"true\"><\/p> <ul><\/ul><\/div>\n<form action=\"\/es\/wp-json\/wp\/v2\/pages\/34#wpcf7-f23-o1\" method=\"post\" class=\"wpcf7-form init\" aria-label=\"Formulario de contacto\" novalidate=\"novalidate\" data-status=\"init\" data-trp-original-action=\"\/es\/wp-json\/wp\/v2\/pages\/34#wpcf7-f23-o1\">\n<div style=\"display: none;\">\n<input type=\"hidden\" name=\"_wpcf7\" value=\"23\" \/>\n<input type=\"hidden\" name=\"_wpcf7_version\" value=\"6.0.2\" \/>\n<input type=\"hidden\" name=\"_wpcf7_locale\" value=\"en_US\" \/>\n<input type=\"hidden\" name=\"_wpcf7_unit_tag\" value=\"wpcf7-f23-o1\" \/>\n<input type=\"hidden\" name=\"_wpcf7_container_post\" value=\"0\" \/>\n<input type=\"hidden\" name=\"_wpcf7_posted_data_hash\" value=\"\" \/>\n<input type=\"hidden\" name=\"_wpcf7_recaptcha_response\" value=\"\" \/>\n<\/div>\n<p><label> Su nombre<br \/>\n<span class=\"wpcf7-form-control-wrap\" data-name=\"your-name\"><input size=\"40\" maxlength=\"400\" class=\"wpcf7-form-control wpcf7-text wpcf7-validates-as-required\" autocomplete=\"name\" aria-required=\"true\" aria-invalid=\"false\" value=\"\" type=\"text\" name=\"your-name\" \/><\/span> <\/label>\n<\/p>\n<p><label> Tu correo electr\u00f3nico<br \/>\n<span class=\"wpcf7-form-control-wrap\" data-name=\"your-email\"><input size=\"40\" maxlength=\"400\" class=\"wpcf7-form-control wpcf7-email wpcf7-validates-as-required wpcf7-text wpcf7-validates-as-email\" autocomplete=\"email\" aria-required=\"true\" aria-invalid=\"false\" value=\"\" type=\"email\" name=\"your-email\" \/><\/span> <\/label>\n<\/p>\n<p><label> Asunto<br \/>\n<span class=\"wpcf7-form-control-wrap\" data-name=\"your-subject\"><input size=\"40\" maxlength=\"400\" class=\"wpcf7-form-control wpcf7-text wpcf7-validates-as-required\" aria-required=\"true\" aria-invalid=\"false\" value=\"\" type=\"text\" name=\"your-subject\" \/><\/span> <\/label>\n<\/p>\n<p><label> Su mensaje (opcional)<br \/>\n<span class=\"wpcf7-form-control-wrap\" data-name=\"your-message\"><textarea cols=\"40\" rows=\"10\" maxlength=\"2000\" class=\"wpcf7-form-control wpcf7-textarea\" aria-invalid=\"false\" name=\"your-message\"><\/textarea><\/span> <\/label>\n<\/p>\n<p><input class=\"wpcf7-form-control wpcf7-submit has-spinner\" type=\"submit\" value=\"Enviar\" \/>\n<\/p><div class=\"wpcf7-response-output\" aria-hidden=\"true\"><\/div>\n<input type=\"hidden\" name=\"trp-form-language\" value=\"es\"\/><\/form>\n<\/div>\n<\/div>\n<\/div>\n<\/div>\n<\/div>\n<\/div><\/div>\n<\/div>\n\n\n\n<div class=\"wp-block-group alignfull gutenify-section-6bc53630-ae74-11ee-9e7b-4f306f1ed77c is-layout-constrained wp-container-core-group-is-layout-5ee9e528 wp-block-group-is-layout-constrained\" style=\"padding-top:0px;padding-right:20px;padding-bottom:30px;padding-left:20px\">\n<div class=\"wp-block-gutenify-container alignwide gutenify-block-container-wrapper gutenify-container-version-2 gutenify-section-897b0311-9243-4100-9cd5-26a9c2bad5e5\"><div class=\"gutenify-container\">\n<div class=\"wp-block-gutenify-map gutenify-block-map-wrapper gutenify-map-version-2 gutenify-section-44f05c5c-71c1-4cb9-b639-09490134e318\"><iframe title=\"Mapa de Google\" frameborder=\"0\" src=\"https:\/\/www.google.com\/maps?q=Harbiye, \u00c7etin Eme\u00e7 Blv No:27, 06460 \u00c7ankaya\/Ankara&amp;output=embed&amp;hl=en&amp;z=12\" style=\"width:100%;min-height:400px\"><\/iframe><\/div>\n<\/div><\/div>\n<\/div>\n<\/div>","protected":false},"excerpt":{"rendered":"","protected":false},"author":1,"featured_media":0,"parent":0,"menu_order":0,"comment_status":"closed","ping_status":"closed","template":"page-no-title","meta":{"gutenify_custom_css":"","gutenify_custom_css_data":"","footnotes":""},"class_list":["post-34","page","type-page","status-publish","hentry"],"yoast_head":"<!-- This site is optimized with the Yoast SEO Premium plugin v21.7 (Yoast SEO v23.6) - https:\/\/yoast.com\/wordpress\/plugins\/seo\/ -->\n<title>Contact - PolatCo Business Consulting<\/title>\n<meta name=\"robots\" content=\"index, follow, max-snippet:-1, max-image-preview:large, max-video-preview:-1\" \/>\n<link rel=\"canonical\" href=\"https:\/\/www.polatco.com\/es\/pongase-en-contacto-con\/\" \/>\n<meta property=\"og:locale\" content=\"es_ES\" \/>\n<meta property=\"og:type\" content=\"article\" \/>\n<meta property=\"og:title\" content=\"Contact\" \/>\n<meta property=\"og:url\" content=\"https:\/\/www.polatco.com\/es\/pongase-en-contacto-con\/\" \/>\n<meta property=\"og:site_name\" content=\"PolatCo Business Consulting\" \/>\n<meta property=\"article:publisher\" content=\"https:\/\/www.facebook.com\/polatcosocial\" \/>\n<meta property=\"article:modified_time\" content=\"2024-02-24T09:40:33+00:00\" \/>\n<meta property=\"og:image\" content=\"https:\/\/demo.gutenify.com\/gutenify-business\/wp-content\/themes\/gutenify-business\/images\/inner-banner.jpg\" \/>\n<meta name=\"twitter:card\" content=\"summary_large_image\" \/>\n<meta name=\"twitter:site\" content=\"@polatcoofficial\" \/>\n<meta name=\"twitter:label1\" content=\"Tiempo de lectura\" \/>\n\t<meta name=\"twitter:data1\" content=\"1 minuto\" \/>\n<script type=\"application\/ld+json\" class=\"yoast-schema-graph\">{\"@context\":\"https:\/\/schema.org\",\"@graph\":[{\"@type\":\"WebPage\",\"@id\":\"https:\/\/www.polatco.com\/contact\/\",\"url\":\"https:\/\/www.polatco.com\/contact\/\",\"name\":\"Contact - PolatCo Business Consulting\",\"isPartOf\":{\"@id\":\"https:\/\/www.polatco.com\/#website\"},\"primaryImageOfPage\":{\"@id\":\"https:\/\/www.polatco.com\/contact\/#primaryimage\"},\"image\":{\"@id\":\"https:\/\/www.polatco.com\/contact\/#primaryimage\"},\"thumbnailUrl\":\"https:\/\/demo.gutenify.com\/gutenify-business\/wp-content\/themes\/gutenify-business\/images\/inner-banner.jpg\",\"datePublished\":\"2022-04-27T17:11:54+00:00\",\"dateModified\":\"2024-02-24T09:40:33+00:00\",\"breadcrumb\":{\"@id\":\"https:\/\/www.polatco.com\/contact\/#breadcrumb\"},\"inLanguage\":\"es\",\"potentialAction\":[{\"@type\":\"ReadAction\",\"target\":[\"https:\/\/www.polatco.com\/contact\/\"]}]},{\"@type\":\"ImageObject\",\"inLanguage\":\"es\",\"@id\":\"https:\/\/www.polatco.com\/contact\/#primaryimage\",\"url\":\"https:\/\/demo.gutenify.com\/gutenify-business\/wp-content\/themes\/gutenify-business\/images\/inner-banner.jpg\",\"contentUrl\":\"https:\/\/demo.gutenify.com\/gutenify-business\/wp-content\/themes\/gutenify-business\/images\/inner-banner.jpg\"},{\"@type\":\"BreadcrumbList\",\"@id\":\"https:\/\/www.polatco.com\/contact\/#breadcrumb\",\"itemListElement\":[{\"@type\":\"ListItem\",\"position\":1,\"name\":\"Home\",\"item\":\"https:\/\/www.polatco.com\/\"},{\"@type\":\"ListItem\",\"position\":2,\"name\":\"Contact\"}]},{\"@type\":\"WebSite\",\"@id\":\"https:\/\/www.polatco.com\/#website\",\"url\":\"https:\/\/www.polatco.com\/\",\"name\":\"PolatCo Business Consulting\",\"description\":\"Specializing in business consulting, we offer comprehensive solutions in strategic management, financial analysis, and operational excellence. Join us to improve your business and gain a competitive edge\",\"publisher\":{\"@id\":\"https:\/\/www.polatco.com\/#organization\"},\"potentialAction\":[{\"@type\":\"SearchAction\",\"target\":{\"@type\":\"EntryPoint\",\"urlTemplate\":\"https:\/\/www.polatco.com\/?s={search_term_string}\"},\"query-input\":{\"@type\":\"PropertyValueSpecification\",\"valueRequired\":true,\"valueName\":\"search_term_string\"}}],\"inLanguage\":\"es\"},{\"@type\":\"Organization\",\"@id\":\"https:\/\/www.polatco.com\/#organization\",\"name\":\"PolatCo Business Consulting\",\"url\":\"https:\/\/www.polatco.com\/\",\"logo\":{\"@type\":\"ImageObject\",\"inLanguage\":\"es\",\"@id\":\"https:\/\/www.polatco.com\/#\/schema\/logo\/image\/\",\"url\":\"https:\/\/www.polatco.com\/wp-content\/uploads\/2024\/01\/polatco-logo-hd.png\",\"contentUrl\":\"https:\/\/www.polatco.com\/wp-content\/uploads\/2024\/01\/polatco-logo-hd.png\",\"width\":500,\"height\":500,\"caption\":\"PolatCo Business Consulting\"},\"image\":{\"@id\":\"https:\/\/www.polatco.com\/#\/schema\/logo\/image\/\"},\"sameAs\":[\"https:\/\/www.facebook.com\/polatcosocial\",\"https:\/\/x.com\/polatcoofficial\"]}]}<\/script>\n<!-- \/ Yoast SEO Premium plugin. -->","yoast_head_json":{"title":"Contact - PolatCo Business Consulting","robots":{"index":"index","follow":"follow","max-snippet":"max-snippet:-1","max-image-preview":"max-image-preview:large","max-video-preview":"max-video-preview:-1"},"canonical":"https:\/\/www.polatco.com\/es\/pongase-en-contacto-con\/","og_locale":"es_ES","og_type":"article","og_title":"Contact","og_url":"https:\/\/www.polatco.com\/es\/pongase-en-contacto-con\/","og_site_name":"PolatCo Business Consulting","article_publisher":"https:\/\/www.facebook.com\/polatcosocial","article_modified_time":"2024-02-24T09:40:33+00:00","og_image":[{"url":"https:\/\/demo.gutenify.com\/gutenify-business\/wp-content\/themes\/gutenify-business\/images\/inner-banner.jpg"}],"twitter_card":"summary_large_image","twitter_site":"@polatcoofficial","twitter_misc":{"Tiempo de lectura":"1 minuto"},"schema":{"@context":"https:\/\/schema.org","@graph":[{"@type":"WebPage","@id":"https:\/\/www.polatco.com\/contact\/","url":"https:\/\/www.polatco.com\/contact\/","name":"Contact - PolatCo Business Consulting","isPartOf":{"@id":"https:\/\/www.polatco.com\/#website"},"primaryImageOfPage":{"@id":"https:\/\/www.polatco.com\/contact\/#primaryimage"},"image":{"@id":"https:\/\/www.polatco.com\/contact\/#primaryimage"},"thumbnailUrl":"https:\/\/demo.gutenify.com\/gutenify-business\/wp-content\/themes\/gutenify-business\/images\/inner-banner.jpg","datePublished":"2022-04-27T17:11:54+00:00","dateModified":"2024-02-24T09:40:33+00:00","breadcrumb":{"@id":"https:\/\/www.polatco.com\/contact\/#breadcrumb"},"inLanguage":"es","potentialAction":[{"@type":"ReadAction","target":["https:\/\/www.polatco.com\/contact\/"]}]},{"@type":"ImageObject","inLanguage":"es","@id":"https:\/\/www.polatco.com\/contact\/#primaryimage","url":"https:\/\/demo.gutenify.com\/gutenify-business\/wp-content\/themes\/gutenify-business\/images\/inner-banner.jpg","contentUrl":"https:\/\/demo.gutenify.com\/gutenify-business\/wp-content\/themes\/gutenify-business\/images\/inner-banner.jpg"},{"@type":"BreadcrumbList","@id":"https:\/\/www.polatco.com\/contact\/#breadcrumb","itemListElement":[{"@type":"ListItem","position":1,"name":"Home","item":"https:\/\/www.polatco.com\/"},{"@type":"ListItem","position":2,"name":"Contact"}]},{"@type":"WebSite","@id":"https:\/\/www.polatco.com\/#website","url":"https:\/\/www.polatco.com\/","name":"PolatCo Business Consulting","description":"Specializing in business consulting, we offer comprehensive solutions in strategic management, financial analysis, and operational excellence. Join us to improve your business and gain a competitive edge","publisher":{"@id":"https:\/\/www.polatco.com\/#organization"},"potentialAction":[{"@type":"SearchAction","target":{"@type":"EntryPoint","urlTemplate":"https:\/\/www.polatco.com\/?s={search_term_string}"},"query-input":{"@type":"PropertyValueSpecification","valueRequired":true,"valueName":"search_term_string"}}],"inLanguage":"es"},{"@type":"Organization","@id":"https:\/\/www.polatco.com\/#organization","name":"PolatCo Business Consulting","url":"https:\/\/www.polatco.com\/","logo":{"@type":"ImageObject","inLanguage":"es","@id":"https:\/\/www.polatco.com\/#\/schema\/logo\/image\/","url":"https:\/\/www.polatco.com\/wp-content\/uploads\/2024\/01\/polatco-logo-hd.png","contentUrl":"https:\/\/www.polatco.com\/wp-content\/uploads\/2024\/01\/polatco-logo-hd.png","width":500,"height":500,"caption":"PolatCo Business Consulting"},"image":{"@id":"https:\/\/www.polatco.com\/#\/schema\/logo\/image\/"},"sameAs":["https:\/\/www.facebook.com\/polatcosocial","https:\/\/x.com\/polatcoofficial"]}]}},"jetpack_sharing_enabled":true,"_links":{"self":[{"href":"https:\/\/www.polatco.com\/es\/wp-json\/wp\/v2\/pages\/34","targetHints":{"allow":["GET"]}}],"collection":[{"href":"https:\/\/www.polatco.com\/es\/wp-json\/wp\/v2\/pages"}],"about":[{"href":"https:\/\/www.polatco.com\/es\/wp-json\/wp\/v2\/types\/page"}],"author":[{"embeddable":true,"href":"https:\/\/www.polatco.com\/es\/wp-json\/wp\/v2\/users\/1"}],"replies":[{"embeddable":true,"href":"https:\/\/www.polatco.com\/es\/wp-json\/wp\/v2\/comments?post=34"}],"version-history":[{"count":3,"href":"https:\/\/www.polatco.com\/es\/wp-json\/wp\/v2\/pages\/34\/revisions"}],"predecessor-version":[{"id":4471,"href":"https:\/\/www.polatco.com\/es\/wp-json\/wp\/v2\/pages\/34\/revisions\/4471"}],"wp:attachment":[{"href":"https:\/\/www.polatco.com\/es\/wp-json\/wp\/v2\/media?parent=34"}],"curies":[{"name":"wp","href":"https:\/\/api.w.org\/{rel}","templated":true}]}}