{"id":826,"date":"2022-05-06T15:28:48","date_gmt":"2022-05-06T15:28:48","guid":{"rendered":"https:\/\/demo.gutenify.com\/creative-shade\/?page_id=826"},"modified":"2024-01-21T01:08:17","modified_gmt":"2024-01-20T22:08:17","slug":"faq","status":"publish","type":"page","link":"https:\/\/www.polatco.com\/de\/faq\/","title":{"rendered":"Faq"},"content":{"rendered":"<div class=\"wp-block-group alignfull gutenify-section-8bd8d490-b7de-11ee-bb55-27e970ae1ad9 is-layout-constrained wp-container-core-group-is-layout-111b2e00 wp-block-group-is-layout-constrained\">\n<div class=\"wp-block-cover alignfull is-light gutenify-section-8bd15a80-b7de-11ee-bb55-27e970ae1ad9\" style=\"min-height:448px;aspect-ratio:unset;\"><span aria-hidden=\"true\" class=\"wp-block-cover__background has-background-dim wp-block-cover__gradient-background has-background-gradient\" style=\"background:linear-gradient(90deg,rgb(0,0,0) 52%,rgba(150,149,240,0) 96%)\"><\/span><img decoding=\"async\" class=\"wp-block-cover__image-background wp-image-4284\" alt=\"\" src=\"https:\/\/demo.gutenify.com\/gutenify-capital\/wp-content\/uploads\/sites\/97\/2022\/08\/ssw.jpg\" style=\"object-position:48% 43%\" data-object-fit=\"cover\" data-object-position=\"48% 43%\"\/><div class=\"wp-block-cover__inner-container is-layout-flow wp-block-cover-is-layout-flow\">\n<div class=\"wp-block-group alignwide gutenify-section-8bd07020-b7de-11ee-bb55-27e970ae1ad9 is-layout-constrained wp-container-core-group-is-layout-111b2e00 wp-block-group-is-layout-constrained\"><h1 class=\"has-text-align-center alignwide wp-block-post-title has-text-color has-background-color has-extra-large-font-size\">Faq<\/h1><\/div>\n<\/div><\/div>\n\n\n\n<div class=\"wp-block-group alignwide gutenify-section-8bd81140-b7de-11ee-bb55-27e970ae1ad9 is-layout-flow wp-block-group-is-layout-flow\">\n<div class=\"wp-block-gutenify-container alignwide gutenify-block-container-wrapper gutenify-container-version-2 gutenify-section-830ff96c-b1d1-45fb-a6d9-897018c0af49\"><div class=\"gutenify-container\"><div class=\"wp-block-gutenify-section-title gutenify-section-b75ef413-f4af-44e4-84f3-4bbc6d4bc8fc gutenify-section-title-version-2  has-text-align-center\"><div id=\"gutenify-section-b75ef413-f4af-44e4-84f3-4bbc6d4bc8fc\" class=\"gutenify-section-title-section\"><p style=\"color:#ce4318\"class=\"gutenify-section-title-prefix\">FAQ<\/p><h2 style=\"color:#000\"class=\"gutenify-section-title-main\">H\u00e4ufig gestellte Fragen<\/h2><p style=\"color:#777\"class=\"gutenify-section-title-suffix\">Sind Sie neugierig, wie wir arbeiten oder was uns auszeichnet? Dann sind Sie hier richtig! In unseren h\u00e4ufig gestellten Fragen finden Sie schnelle Antworten auf h\u00e4ufig gestellte Fragen. Wenn Sie weitere Informationen ben\u00f6tigen oder eine spezielle Frage haben, ist unser Team nur eine Nachricht entfernt. Lassen Sie uns gemeinsam Ihre Reise zum gesch\u00e4ftlichen Erfolg antreten.<\/p><\/div><\/div>\n\n\n<div class=\"wp-block-gutenify-faqs gutenify-block-faq-wrapper gutenify-block-faq-accordion gutenify-faqs-version-2 gutenify-section-da1cf3bf-9707-4599-b6a0-a1eccd8e67fd\">\n<div class=\"wp-block-gutenify-content-toggle-item gutenify-block-content-toggle-item-wrapper gutenify-content-toggle-item-version-2 gutenify-section-8bd35650-b7de-11ee-bb55-27e970ae1ad9\"><div class=\"gutenify-content-toggle-item-wrapper gutenify-content-toggle-item-closed\"><div class=\"gutenify-content-toggle-item-header\"><h4>Welche Dienstleistungen bietet Ihr Unternehmensberatungsunternehmen an?<\/h4><button class=\"gutenify-content-toggle-item-handle\"><i class=\"fa fa-angle-up gutenify-angle-up\" aria-hidden=\"true\"><\/i><i class=\"fa fa-angle-down gutenify-angle-down\" aria-hidden=\"true\"><\/i><\/button><\/div><div class=\"gutenify-content-toggle-item-content\"> \n<p class=\"gutenify-section-8bd29300-b7de-11ee-bb55-27e970ae1ad9\">Wir bieten eine Reihe von Unternehmensberatungsleistungen an, darunter strategische Planung, Prozessoptimierung, Finanzanalyse und Marktforschung. Unser Ziel ist es, Unternehmen dabei zu helfen, ihre Ziele durch ma\u00dfgeschneiderte L\u00f6sungen zu erreichen.<\/p>\n<\/div><\/div><\/div>\n\n\n\n<div class=\"wp-block-gutenify-content-toggle-item gutenify-block-content-toggle-item-wrapper gutenify-content-toggle-item-version-2 gutenify-section-8bd4dcf0-b7de-11ee-bb55-27e970ae1ad9\"><div class=\"gutenify-content-toggle-item-wrapper gutenify-content-toggle-item-closed\"><div class=\"gutenify-content-toggle-item-header\"><h4>Wie sieht der typische Ablauf bei der Zusammenarbeit mit Ihrem Beratungsunternehmen aus?<\/h4><button class=\"gutenify-content-toggle-item-handle\"><i class=\"fa fa-angle-up gutenify-angle-up\" aria-hidden=\"true\"><\/i><i class=\"fa fa-angle-down gutenify-angle-down\" aria-hidden=\"true\"><\/i><\/button><\/div><div class=\"gutenify-content-toggle-item-content\"> \n<p class=\"gutenify-section-8bd419a0-b7de-11ee-bb55-27e970ae1ad9\">Unser Prozess umfasst in der Regel ein erstes Beratungsgespr\u00e4ch, eine gr\u00fcndliche Analyse Ihrer gesch\u00e4ftlichen Anforderungen, die Entwicklung eines ma\u00dfgeschneiderten Plans und laufende Unterst\u00fctzung. Wir verwenden bew\u00e4hrte Methoden, um eine effektive Umsetzung und nachhaltige Ergebnisse zu gew\u00e4hrleisten.<\/p>\n<\/div><\/div><\/div>\n\n\n\n<div class=\"wp-block-gutenify-content-toggle-item gutenify-block-content-toggle-item-wrapper gutenify-content-toggle-item-version-2 gutenify-section-8bd63c80-b7de-11ee-bb55-27e970ae1ad9\"><div class=\"gutenify-content-toggle-item-wrapper gutenify-content-toggle-item-closed\"><div class=\"gutenify-content-toggle-item-header\"><h4>K\u00f6nnen Sie Beispiele f\u00fcr erfolgreiche Projekte oder Kunden nennen, mit denen Sie zusammengearbeitet haben?<\/h4><button class=\"gutenify-content-toggle-item-handle\"><i class=\"fa fa-angle-up gutenify-angle-up\" aria-hidden=\"true\"><\/i><i class=\"fa fa-angle-down gutenify-angle-down\" aria-hidden=\"true\"><\/i><\/button><\/div><div class=\"gutenify-content-toggle-item-content\"> \n<p class=\"gutenify-section-8bd5a040-b7de-11ee-bb55-27e970ae1ad9\">Unser Team verf\u00fcgt \u00fcber umfassende Erfahrung in der Unternehmensberatung und kann auf eine erfolgreiche Erfolgsbilanz in verschiedenen Branchen verweisen. In unseren Fallstudien finden Sie Beispiele unserer Arbeit und Erfahrungsberichte von Kunden.<\/p>\n<\/div><\/div><\/div>\n\n\n\n<div class=\"wp-block-gutenify-content-toggle-item gutenify-block-content-toggle-item-wrapper gutenify-content-toggle-item-version-2 gutenify-section-18e9c6f6-a4a9-4a05-80c9-a657f4755fcc\"><div class=\"gutenify-content-toggle-item-wrapper gutenify-content-toggle-item-closed\"><div class=\"gutenify-content-toggle-item-header\"><h4>Wie bestimmen Sie die Kosten f\u00fcr Ihre Dienstleistungen?<\/h4><button class=\"gutenify-content-toggle-item-handle\"><i class=\"fa fa-angle-up gutenify-angle-up\" aria-hidden=\"true\"><\/i><i class=\"fa fa-angle-down gutenify-angle-down\" aria-hidden=\"true\"><\/i><\/button><\/div><div class=\"gutenify-content-toggle-item-content\"> \n<p class=\"gutenify-section-8bd6ffd0-b7de-11ee-bb55-27e970ae1ad9\">Unsere Preise richten sich nach der Komplexit\u00e4t und dem Umfang des Projekts. Wir bieten transparente Preismodelle, und unser Team kann Ihnen detaillierte Angebote unterbreiten, nachdem es Ihre spezifischen Anforderungen verstanden hat.<\/p>\n<\/div><\/div><\/div>\n\n\n\n<div class=\"wp-block-gutenify-content-toggle-item gutenify-block-content-toggle-item-wrapper gutenify-content-toggle-item-version-2 gutenify-section-2185f040-b7df-11ee-bb55-27e970ae1ad9\"><div class=\"gutenify-content-toggle-item-wrapper gutenify-content-toggle-item-closed\"><div class=\"gutenify-content-toggle-item-header\"><h4>Wie lange dauert es in der Regel, bis die Ergebnisse Ihrer Beratungsdienste sichtbar werden?<\/h4><button class=\"gutenify-content-toggle-item-handle\"><i class=\"fa fa-angle-up gutenify-angle-up\" aria-hidden=\"true\"><\/i><i class=\"fa fa-angle-down gutenify-angle-down\" aria-hidden=\"true\"><\/i><\/button><\/div><div class=\"gutenify-content-toggle-item-content\"> \n<p class=\"gutenify-section-2181d190-b7df-11ee-bb55-27e970ae1ad9\">Der Zeitrahmen f\u00fcr die Ergebnisse h\u00e4ngt von der Art des Projekts ab. Wir bem\u00fchen uns um Effizienz, ohne Kompromisse bei der Qualit\u00e4t einzugehen, und unsere Kunden sehen oft schon in den ersten Monaten nach der Beauftragung positive Ergebnisse.<\/p>\n<\/div><\/div><\/div>\n\n\n\n<div class=\"wp-block-gutenify-content-toggle-item gutenify-block-content-toggle-item-wrapper gutenify-content-toggle-item-version-2 gutenify-section-47678260-b7df-11ee-bb55-27e970ae1ad9\"><div class=\"gutenify-content-toggle-item-wrapper gutenify-content-toggle-item-closed\"><div class=\"gutenify-content-toggle-item-header\"><h4>Wie arbeiten Sie w\u00e4hrend des gesamten Beratungsprozesses mit den Kunden zusammen?<\/h4><button class=\"gutenify-content-toggle-item-handle\"><i class=\"fa fa-angle-up gutenify-angle-up\" aria-hidden=\"true\"><\/i><i class=\"fa fa-angle-down gutenify-angle-down\" aria-hidden=\"true\"><\/i><\/button><\/div><div class=\"gutenify-content-toggle-item-content\"> \n<p class=\"gutenify-section-47644e10-b7df-11ee-bb55-27e970ae1ad9\">Wir legen Wert auf offene Kommunikation und Zusammenarbeit. W\u00e4hrend des gesamten Beratungsprozesses stehen wir in regelm\u00e4\u00dfigem Kontakt mit unseren Kunden, um sie auf dem Laufenden zu halten, ihre Bedenken anzusprechen und ihr Feedback zu ber\u00fccksichtigen, um den gemeinsamen Erfolg zu gew\u00e4hrleisten.<\/p>\n<\/div><\/div><\/div>\n\n\n\n<div class=\"wp-block-gutenify-content-toggle-item gutenify-block-content-toggle-item-wrapper gutenify-content-toggle-item-version-2 gutenify-section-6851b7c0-b7df-11ee-bb55-27e970ae1ad9\"><div class=\"gutenify-content-toggle-item-wrapper gutenify-content-toggle-item-closed\"><div class=\"gutenify-content-toggle-item-header\"><h4>Haben Sie sich auf bestimmte Branchen spezialisiert oder arbeiten Sie mit Unternehmen aus verschiedenen Sektoren zusammen? Wie passen Sie Ihre Dienstleistungen an die besonderen Bed\u00fcrfnisse der verschiedenen Branchen an?<\/h4><button class=\"gutenify-content-toggle-item-handle\"><i class=\"fa fa-angle-up gutenify-angle-up\" aria-hidden=\"true\"><\/i><i class=\"fa fa-angle-down gutenify-angle-down\" aria-hidden=\"true\"><\/i><\/button><\/div><div class=\"gutenify-content-toggle-item-content\"> \n<p class=\"gutenify-section-684eaa80-b7df-11ee-bb55-27e970ae1ad9\">Wir verf\u00fcgen \u00fcber Erfahrungen in verschiedenen Branchen und unser Ansatz ist an die unterschiedlichen Sektoren anpassbar. Wir nehmen uns die Zeit, die einzigartigen Herausforderungen und Chancen jeder Branche zu verstehen und unsere Dienstleistungen entsprechend anzupassen.<\/p>\n<\/div><\/div><\/div>\n\n\n\n<div class=\"wp-block-gutenify-content-toggle-item gutenify-block-content-toggle-item-wrapper gutenify-content-toggle-item-version-2 gutenify-section-9c936740-b7df-11ee-bb55-27e970ae1ad9\"><div class=\"gutenify-content-toggle-item-wrapper gutenify-content-toggle-item-closed\"><div class=\"gutenify-content-toggle-item-header\"><h4>Wie gehen Sie mit Vertraulichkeit und sensiblen Gesch\u00e4ftsinformationen um?<\/h4><button class=\"gutenify-content-toggle-item-handle\"><i class=\"fa fa-angle-up gutenify-angle-up\" aria-hidden=\"true\"><\/i><i class=\"fa fa-angle-down gutenify-angle-down\" aria-hidden=\"true\"><\/i><\/button><\/div><div class=\"gutenify-content-toggle-item-content\"> \n<p class=\"gutenify-section-9c908110-b7df-11ee-bb55-27e970ae1ad9\">Wir nehmen die Vertraulichkeit unserer Kunden ernst und verf\u00fcgen \u00fcber robuste Ma\u00dfnahmen zum Schutz sensibler Informationen. Unsere Beratungsdienste entsprechen allen relevanten rechtlichen und ethischen Standards.<\/p>\n<\/div><\/div><\/div>\n\n\n\n<div class=\"wp-block-gutenify-content-toggle-item gutenify-block-content-toggle-item-wrapper gutenify-content-toggle-item-version-2 gutenify-section-ba878e20-b7df-11ee-bb55-27e970ae1ad9\"><div class=\"gutenify-content-toggle-item-wrapper gutenify-content-toggle-item-closed\"><div class=\"gutenify-content-toggle-item-header\"><h4>Bieten Sie Garantien oder R\u00fcckerstattungen f\u00fcr Ihre Beratungsdienste an?<\/h4><button class=\"gutenify-content-toggle-item-handle\"><i class=\"fa fa-angle-up gutenify-angle-up\" aria-hidden=\"true\"><\/i><i class=\"fa fa-angle-down gutenify-angle-down\" aria-hidden=\"true\"><\/i><\/button><\/div><div class=\"gutenify-content-toggle-item-content\"> \n<p class=\"gutenify-section-ba8480e0-b7df-11ee-bb55-27e970ae1ad9\">Auch wenn die Ergebnisse unterschiedlich ausfallen k\u00f6nnen, sind wir um die Zufriedenheit unserer Kunden bem\u00fcht. Sollten Sie jemals mit unseren Dienstleistungen unzufrieden sein, wenden Sie sich bitte an uns, um Ihre Bedenken zu besprechen, und wir werden uns um eine L\u00f6sung bem\u00fchen.<\/p>\n<\/div><\/div><\/div>\n\n\n\n<div class=\"wp-block-gutenify-content-toggle-item gutenify-block-content-toggle-item-wrapper gutenify-content-toggle-item-version-2 gutenify-section-fe0a1e10-b7df-11ee-bb55-27e970ae1ad9\"><div class=\"gutenify-content-toggle-item-wrapper gutenify-content-toggle-item-closed\"><div class=\"gutenify-content-toggle-item-header\"><h4>Wie k\u00f6nnen potenzielle Kunden mit Ihrem Beratungsunternehmen in Kontakt treten?<\/h4><button class=\"gutenify-content-toggle-item-handle\"><i class=\"fa fa-angle-up gutenify-angle-up\" aria-hidden=\"true\"><\/i><i class=\"fa fa-angle-down gutenify-angle-down\" aria-hidden=\"true\"><\/i><\/button><\/div><div class=\"gutenify-content-toggle-item-content\"> \n<p class=\"gutenify-section-fe06e9c0-b7df-11ee-bb55-27e970ae1ad9\">F\u00fcr Anfragen k\u00f6nnen Sie uns unter hello@polatco.com kontaktieren. Unser engagiertes Team ist bereit, Ihnen zu helfen und alle weiteren Fragen zu beantworten.<\/p>\n<\/div><\/div><\/div>\n<\/div>\n<\/div><\/div>\n<\/div>\n<\/div>","protected":false},"excerpt":{"rendered":"","protected":false},"author":1,"featured_media":0,"parent":0,"menu_order":0,"comment_status":"closed","ping_status":"closed","template":"page-no-title","meta":{"gutenify_custom_css":"","gutenify_custom_css_data":"","footnotes":""},"class_list":["post-826","page","type-page","status-publish","hentry"],"yoast_head":"<!-- This site is optimized with the Yoast SEO Premium plugin v21.7 (Yoast SEO v23.6) - https:\/\/yoast.com\/wordpress\/plugins\/seo\/ -->\n<title>Faq - PolatCo Business Consulting<\/title>\n<meta name=\"robots\" content=\"index, follow, max-snippet:-1, max-image-preview:large, max-video-preview:-1\" \/>\n<link rel=\"canonical\" href=\"https:\/\/www.polatco.com\/de\/faq\/\" \/>\n<meta property=\"og:locale\" content=\"de_DE\" \/>\n<meta property=\"og:type\" content=\"article\" \/>\n<meta property=\"og:title\" content=\"Faq\" \/>\n<meta property=\"og:url\" content=\"https:\/\/www.polatco.com\/de\/faq\/\" \/>\n<meta property=\"og:site_name\" content=\"PolatCo Business Consulting\" \/>\n<meta property=\"article:publisher\" content=\"https:\/\/www.facebook.com\/polatcosocial\" \/>\n<meta property=\"article:modified_time\" content=\"2024-01-20T22:08:17+00:00\" \/>\n<meta property=\"og:image\" content=\"https:\/\/demo.gutenify.com\/gutenify-capital\/wp-content\/uploads\/sites\/97\/2022\/08\/ssw.jpg\" \/>\n<meta name=\"twitter:card\" content=\"summary_large_image\" \/>\n<meta name=\"twitter:site\" content=\"@polatcoofficial\" \/>\n<meta name=\"twitter:label1\" content=\"Gesch\u00e4tzte Lesezeit\" \/>\n\t<meta name=\"twitter:data1\" content=\"3\u00a0Minuten\" \/>\n<script type=\"application\/ld+json\" class=\"yoast-schema-graph\">{\"@context\":\"https:\/\/schema.org\",\"@graph\":[{\"@type\":\"WebPage\",\"@id\":\"https:\/\/www.polatco.com\/faq\/\",\"url\":\"https:\/\/www.polatco.com\/faq\/\",\"name\":\"Faq - PolatCo Business Consulting\",\"isPartOf\":{\"@id\":\"https:\/\/www.polatco.com\/#website\"},\"primaryImageOfPage\":{\"@id\":\"https:\/\/www.polatco.com\/faq\/#primaryimage\"},\"image\":{\"@id\":\"https:\/\/www.polatco.com\/faq\/#primaryimage\"},\"thumbnailUrl\":\"https:\/\/demo.gutenify.com\/gutenify-capital\/wp-content\/uploads\/sites\/97\/2022\/08\/ssw.jpg\",\"datePublished\":\"2022-05-06T15:28:48+00:00\",\"dateModified\":\"2024-01-20T22:08:17+00:00\",\"breadcrumb\":{\"@id\":\"https:\/\/www.polatco.com\/faq\/#breadcrumb\"},\"inLanguage\":\"de\",\"potentialAction\":[{\"@type\":\"ReadAction\",\"target\":[\"https:\/\/www.polatco.com\/faq\/\"]}]},{\"@type\":\"ImageObject\",\"inLanguage\":\"de\",\"@id\":\"https:\/\/www.polatco.com\/faq\/#primaryimage\",\"url\":\"https:\/\/demo.gutenify.com\/gutenify-capital\/wp-content\/uploads\/sites\/97\/2022\/08\/ssw.jpg\",\"contentUrl\":\"https:\/\/demo.gutenify.com\/gutenify-capital\/wp-content\/uploads\/sites\/97\/2022\/08\/ssw.jpg\"},{\"@type\":\"BreadcrumbList\",\"@id\":\"https:\/\/www.polatco.com\/faq\/#breadcrumb\",\"itemListElement\":[{\"@type\":\"ListItem\",\"position\":1,\"name\":\"Home\",\"item\":\"https:\/\/www.polatco.com\/\"},{\"@type\":\"ListItem\",\"position\":2,\"name\":\"Faq\"}]},{\"@type\":\"WebSite\",\"@id\":\"https:\/\/www.polatco.com\/#website\",\"url\":\"https:\/\/www.polatco.com\/\",\"name\":\"PolatCo Business Consulting\",\"description\":\"Specializing in business consulting, we offer comprehensive solutions in strategic management, financial analysis, and operational excellence. Join us to improve your business and gain a competitive edge\",\"publisher\":{\"@id\":\"https:\/\/www.polatco.com\/#organization\"},\"potentialAction\":[{\"@type\":\"SearchAction\",\"target\":{\"@type\":\"EntryPoint\",\"urlTemplate\":\"https:\/\/www.polatco.com\/?s={search_term_string}\"},\"query-input\":{\"@type\":\"PropertyValueSpecification\",\"valueRequired\":true,\"valueName\":\"search_term_string\"}}],\"inLanguage\":\"de\"},{\"@type\":\"Organization\",\"@id\":\"https:\/\/www.polatco.com\/#organization\",\"name\":\"PolatCo Business Consulting\",\"url\":\"https:\/\/www.polatco.com\/\",\"logo\":{\"@type\":\"ImageObject\",\"inLanguage\":\"de\",\"@id\":\"https:\/\/www.polatco.com\/#\/schema\/logo\/image\/\",\"url\":\"https:\/\/www.polatco.com\/wp-content\/uploads\/2024\/01\/polatco-logo-hd.png\",\"contentUrl\":\"https:\/\/www.polatco.com\/wp-content\/uploads\/2024\/01\/polatco-logo-hd.png\",\"width\":500,\"height\":500,\"caption\":\"PolatCo Business Consulting\"},\"image\":{\"@id\":\"https:\/\/www.polatco.com\/#\/schema\/logo\/image\/\"},\"sameAs\":[\"https:\/\/www.facebook.com\/polatcosocial\",\"https:\/\/x.com\/polatcoofficial\"]}]}<\/script>\n<!-- \/ Yoast SEO Premium plugin. -->","yoast_head_json":{"title":"Faq - PolatCo Business Consulting","robots":{"index":"index","follow":"follow","max-snippet":"max-snippet:-1","max-image-preview":"max-image-preview:large","max-video-preview":"max-video-preview:-1"},"canonical":"https:\/\/www.polatco.com\/de\/faq\/","og_locale":"de_DE","og_type":"article","og_title":"Faq","og_url":"https:\/\/www.polatco.com\/de\/faq\/","og_site_name":"PolatCo Business Consulting","article_publisher":"https:\/\/www.facebook.com\/polatcosocial","article_modified_time":"2024-01-20T22:08:17+00:00","og_image":[{"url":"https:\/\/demo.gutenify.com\/gutenify-capital\/wp-content\/uploads\/sites\/97\/2022\/08\/ssw.jpg"}],"twitter_card":"summary_large_image","twitter_site":"@polatcoofficial","twitter_misc":{"Gesch\u00e4tzte Lesezeit":"3\u00a0Minuten"},"schema":{"@context":"https:\/\/schema.org","@graph":[{"@type":"WebPage","@id":"https:\/\/www.polatco.com\/faq\/","url":"https:\/\/www.polatco.com\/faq\/","name":"Faq - PolatCo Business Consulting","isPartOf":{"@id":"https:\/\/www.polatco.com\/#website"},"primaryImageOfPage":{"@id":"https:\/\/www.polatco.com\/faq\/#primaryimage"},"image":{"@id":"https:\/\/www.polatco.com\/faq\/#primaryimage"},"thumbnailUrl":"https:\/\/demo.gutenify.com\/gutenify-capital\/wp-content\/uploads\/sites\/97\/2022\/08\/ssw.jpg","datePublished":"2022-05-06T15:28:48+00:00","dateModified":"2024-01-20T22:08:17+00:00","breadcrumb":{"@id":"https:\/\/www.polatco.com\/faq\/#breadcrumb"},"inLanguage":"de","potentialAction":[{"@type":"ReadAction","target":["https:\/\/www.polatco.com\/faq\/"]}]},{"@type":"ImageObject","inLanguage":"de","@id":"https:\/\/www.polatco.com\/faq\/#primaryimage","url":"https:\/\/demo.gutenify.com\/gutenify-capital\/wp-content\/uploads\/sites\/97\/2022\/08\/ssw.jpg","contentUrl":"https:\/\/demo.gutenify.com\/gutenify-capital\/wp-content\/uploads\/sites\/97\/2022\/08\/ssw.jpg"},{"@type":"BreadcrumbList","@id":"https:\/\/www.polatco.com\/faq\/#breadcrumb","itemListElement":[{"@type":"ListItem","position":1,"name":"Home","item":"https:\/\/www.polatco.com\/"},{"@type":"ListItem","position":2,"name":"Faq"}]},{"@type":"WebSite","@id":"https:\/\/www.polatco.com\/#website","url":"https:\/\/www.polatco.com\/","name":"PolatCo Business Consulting","description":"Specializing in business consulting, we offer comprehensive solutions in strategic management, financial analysis, and operational excellence. Join us to improve your business and gain a competitive edge","publisher":{"@id":"https:\/\/www.polatco.com\/#organization"},"potentialAction":[{"@type":"SearchAction","target":{"@type":"EntryPoint","urlTemplate":"https:\/\/www.polatco.com\/?s={search_term_string}"},"query-input":{"@type":"PropertyValueSpecification","valueRequired":true,"valueName":"search_term_string"}}],"inLanguage":"de"},{"@type":"Organization","@id":"https:\/\/www.polatco.com\/#organization","name":"PolatCo Business Consulting","url":"https:\/\/www.polatco.com\/","logo":{"@type":"ImageObject","inLanguage":"de","@id":"https:\/\/www.polatco.com\/#\/schema\/logo\/image\/","url":"https:\/\/www.polatco.com\/wp-content\/uploads\/2024\/01\/polatco-logo-hd.png","contentUrl":"https:\/\/www.polatco.com\/wp-content\/uploads\/2024\/01\/polatco-logo-hd.png","width":500,"height":500,"caption":"PolatCo Business Consulting"},"image":{"@id":"https:\/\/www.polatco.com\/#\/schema\/logo\/image\/"},"sameAs":["https:\/\/www.facebook.com\/polatcosocial","https:\/\/x.com\/polatcoofficial"]}]}},"jetpack_sharing_enabled":true,"_links":{"self":[{"href":"https:\/\/www.polatco.com\/de\/wp-json\/wp\/v2\/pages\/826","targetHints":{"allow":["GET"]}}],"collection":[{"href":"https:\/\/www.polatco.com\/de\/wp-json\/wp\/v2\/pages"}],"about":[{"href":"https:\/\/www.polatco.com\/de\/wp-json\/wp\/v2\/types\/page"}],"author":[{"embeddable":true,"href":"https:\/\/www.polatco.com\/de\/wp-json\/wp\/v2\/users\/1"}],"replies":[{"embeddable":true,"href":"https:\/\/www.polatco.com\/de\/wp-json\/wp\/v2\/comments?post=826"}],"version-history":[{"count":2,"href":"https:\/\/www.polatco.com\/de\/wp-json\/wp\/v2\/pages\/826\/revisions"}],"predecessor-version":[{"id":4444,"href":"https:\/\/www.polatco.com\/de\/wp-json\/wp\/v2\/pages\/826\/revisions\/4444"}],"wp:attachment":[{"href":"https:\/\/www.polatco.com\/de\/wp-json\/wp\/v2\/media?parent=826"}],"curies":[{"name":"wp","href":"https:\/\/api.w.org\/{rel}","templated":true}]}}