{"id":4483,"date":"2024-09-13T16:17:26","date_gmt":"2024-09-13T13:17:26","guid":{"rendered":"https:\/\/www.polatco.com\/?page_id=4483"},"modified":"2024-09-14T12:24:37","modified_gmt":"2024-09-14T09:24:37","slug":"market-research-for-business-growth-polatco-consulting","status":"publish","type":"page","link":"https:\/\/www.polatco.com\/de\/marktforschung-fur-unternehmenswachstum-polatco-consulting\/","title":{"rendered":"Marktforschung f\u00fcr Unternehmenswachstum | PolatCo Consulting"},"content":{"rendered":"<div data-elementor-type=\"wp-page\" data-elementor-id=\"4483\" class=\"elementor elementor-4483\" data-elementor-post-type=\"page\">\n\t\t\t\t\t\t<section class=\"elementor-section elementor-top-section elementor-element elementor-element-136f596b elementor-section-full_width elementor-section-height-default elementor-section-height-default\" data-id=\"136f596b\" data-element_type=\"section\">\n\t\t\t\t\t\t<div class=\"elementor-container elementor-column-gap-default\">\n\t\t\t\t\t<div class=\"elementor-column elementor-col-100 elementor-top-column elementor-element elementor-element-3fef4739\" data-id=\"3fef4739\" data-element_type=\"column\">\n\t\t\t<div class=\"elementor-widget-wrap elementor-element-populated\">\n\t\t\t\t\t\t<div class=\"elementor-element elementor-element-6926e13e elementor-widget elementor-widget-text-editor\" data-id=\"6926e13e\" data-element_type=\"widget\" data-widget_type=\"text-editor.default\">\n\t\t\t\t<div class=\"elementor-widget-container\">\n\t\t\t\t\t\t\t<p><!-- wp:heading {\"level\":1,\"blockClientId\":\"447cef80-71c1-11ef-9991-05f033e485f8\"} --><\/p>\n<h1 id=\"h-about-us\" class=\"wp-block-heading gutenify-section-447cef80-71c1-11ef-9991-05f033e485f8\">\u00dcber uns bei Market Research for Business Growth<\/h1>\n<p><!-- \/wp:heading --><!-- wp:paragraph {\"blockClientId\":\"fba42f10-71c2-11ef-9991-05f033e485f8\"} --><\/p>\n<h2 class=\"gutenify-section-fba42f10-71c2-11ef-9991-05f033e485f8\"><strong>Marktforschung f\u00fcr Unternehmenswachstum<\/strong><\/h2>\n<p><!-- \/wp:paragraph --><!-- wp:paragraph {\"blockClientId\":\"b1ac06d0-71c2-11ef-9991-05f033e485f8\"} --><\/p>\n<p class=\"gutenify-section-b1ac06d0-71c2-11ef-9991-05f033e485f8\">Wir von PolatCo Business Consulting helfen Ihnen, kl\u00fcgere Entscheidungen f\u00fcr Ihren Markt zu treffen. Ob Sie nun expandieren wollen, <em><strong>Konkurrenten analysieren<\/strong><\/em>oder in neue Regionen vorsto\u00dfen m\u00f6chten, bieten wir Ihnen die Instrumente und Erkenntnisse, die Sie bei Ihrer Strategie unterst\u00fctzen.<\/p>\n<p><!-- \/wp:paragraph --><!-- wp:paragraph {\"blockClientId\":\"b2d5e0d0-71c2-11ef-9991-05f033e485f8\"} --><\/p>\n<h2><strong>PolatCo Business Consulting - Marktforschung und Strategie<\/strong><\/h2>\n<p><!-- \/wp:paragraph --><!-- wp:paragraph {\"blockClientId\":\"447dd9e0-71c1-11ef-9991-05f033e485f8\"} --><\/p>\n<p class=\"gutenify-section-447dd9e0-71c1-11ef-9991-05f033e485f8\">PolatCo wurde mit dem Ziel gegr\u00fcndet, eine f\u00fchrende Quelle f\u00fcr Marktinformationen in der globalen Arena zu werden. Unsere Vision ist es, Unternehmen durch innovative Marktforschung zu unterst\u00fctzen, Daten zu nutzen, um die h\u00f6chsten Servicestandards zu bieten, und unsere Kunden dabei zu unterst\u00fctzen, dauerhaften Erfolg zu erzielen.<\/p>\n<p><!-- \/wp:paragraph --><!-- wp:paragraph {\"blockClientId\":\"447e4f10-71c1-11ef-9991-05f033e485f8\"} --><\/p>\n<p class=\"gutenify-section-447e4f10-71c1-11ef-9991-05f033e485f8\">Wir helfen Unternehmen, sich einen Wettbewerbsvorteil zu verschaffen, indem wir die neuesten Markttrends und fundiertes Wissen anbieten. Unsere ma\u00dfgeschneiderten Forschungs- und Beratungsdienstleistungen tragen zur strategischen Entwicklung in den Zielm\u00e4rkten bei, w\u00e4hrend unsere Expertise in Business Intelligence und Management den Unternehmen hilft, ihr Potenzial zu maximieren.<\/p>\n<p><!-- \/wp:paragraph --><!-- wp:separator {\"blockClientId\":\"447e9d30-71c1-11ef-9991-05f033e485f8\"} --><\/p>\n<hr class=\"wp-block-separator has-alpha-channel-opacity gutenify-section-447e9d30-71c1-11ef-9991-05f033e485f8\" \/>\n<p><!-- \/wp:separator --><!-- wp:heading {\"level\":3,\"blockClientId\":\"447f1260-71c1-11ef-9991-05f033e485f8\"} --><\/p>\n<h2><span style=\"color: #008000;\"><img fetchpriority=\"high\" decoding=\"async\" class=\"aligncenter wp-image-4491\" src=\"https:\/\/www.polatco.com\/wp-content\/uploads\/2024\/09\/market-research.png\" alt=\"\" width=\"546\" height=\"429\" srcset=\"https:\/\/www.polatco.com\/wp-content\/uploads\/2024\/09\/market-research.png 500w, https:\/\/www.polatco.com\/wp-content\/uploads\/2024\/09\/market-research-300x236.png 300w, https:\/\/www.polatco.com\/wp-content\/uploads\/2024\/09\/market-research-15x12.png 15w\" sizes=\"(max-width: 546px) 100vw, 546px\" \/><\/span><\/h2>\n<h2>Beratungsdienste<\/h2>\n<p><!-- \/wp:heading --><!-- wp:paragraph {\"blockClientId\":\"447f6080-71c1-11ef-9991-05f033e485f8\"} --><\/p>\n<h3><strong>Warum PolatCo Consulting w\u00e4hlen?<\/strong><\/h3>\n<p><!-- \/wp:paragraph --><!-- wp:paragraph {\"blockClientId\":\"447fd5b0-71c1-11ef-9991-05f033e485f8\"} --><\/p>\n<p class=\"gutenify-section-447fd5b0-71c1-11ef-9991-05f033e485f8\">Eine Partnerschaft mit PolatCo bringt zahlreiche Vorteile f\u00fcr Unternehmen mit sich, die im heutigen Wettbewerb die Nase vorn haben wollen. Unser Expertenteam ist darauf spezialisiert, ma\u00dfgeschneiderte L\u00f6sungen anzubieten, die auf Ihre strategischen Ziele abgestimmt sind. So k\u00f6nnen Sie sich schnell an Marktver\u00e4nderungen anpassen und einen Wettbewerbsvorteil erzielen.<\/p>\n<p><!-- \/wp:paragraph --><!-- wp:paragraph {\"blockClientId\":\"448023d0-71c1-11ef-9991-05f033e485f8\"} --><\/p>\n<p class=\"gutenify-section-448023d0-71c1-11ef-9991-05f033e485f8\">Dar\u00fcber hinaus helfen unsere Beratungsdienste Unternehmen bei der Optimierung interner Prozesse und der Steigerung der Gesamteffizienz. Durch den Blick von au\u00dfen bieten wir wertvolle Einblicke, um Gesch\u00e4ftsabl\u00e4ufe zu verbessern und Verbesserungsm\u00f6glichkeiten zu identifizieren. Unsere Berater arbeiten eng mit Ihrem Team zusammen, heben St\u00e4rken hervor und beheben Schw\u00e4chen, um eine Grundlage f\u00fcr nachhaltiges Wachstum zu schaffen.<\/p>\n<p><!-- \/wp:paragraph --><!-- wp:separator {\"blockClientId\":\"44809900-71c1-11ef-9991-05f033e485f8\"} --><\/p>\n<hr class=\"wp-block-separator has-alpha-channel-opacity gutenify-section-44809900-71c1-11ef-9991-05f033e485f8\" \/>\n<p><!-- \/wp:separator --><!-- wp:heading {\"level\":3,\"blockClientId\":\"4480e720-71c1-11ef-9991-05f033e485f8\"} --><\/p>\n<h3 id=\"h-the-importance-of-targeted-market-entry\" class=\"wp-block-heading gutenify-section-4480e720-71c1-11ef-9991-05f033e485f8\">Die Bedeutung eines gezielten Markteintritts<\/h3>\n<p><!-- \/wp:heading --><!-- wp:paragraph {\"blockClientId\":\"44813540-71c1-11ef-9991-05f033e485f8\"} --><\/p>\n<p class=\"gutenify-section-44813540-71c1-11ef-9991-05f033e485f8\">Gezielter Markteintritt ist der Schl\u00fcssel, um Ihre Ressourcen und Energie auf das richtige Produkt oder die richtige Dienstleistung in bestimmten M\u00e4rkten zu lenken. Diese Strategie erm\u00f6glicht es den Unternehmen, Chancen dort zu bewerten, wo sie am besten positioniert sind, um erfolgreich zu sein, und sich auf Bereiche zu konzentrieren, in denen sie die gr\u00f6\u00dften St\u00e4rken haben.<\/p>\n<p><!-- \/wp:paragraph --><!-- wp:paragraph {\"blockClientId\":\"4481aa70-71c1-11ef-9991-05f033e485f8\"} --><\/p>\n<p class=\"gutenify-section-4481aa70-71c1-11ef-9991-05f033e485f8\">Einer der Hauptvorteile ist die Erzielung eines Wettbewerbsvorteils durch die Nutzung Ihres Fachwissens. Dar\u00fcber hinaus erm\u00f6glicht die Konzentration auf einen bestimmten Markt pr\u00e4zisere Marketing- und Vertriebsstrategien, die den Kunden ein klareres und \u00fcberzeugenderes Angebot unterbreiten. Dieser Ansatz gew\u00e4hrleistet auch eine bessere Ausrichtung auf die lokale Nachfrage und die Kundenbed\u00fcrfnisse und erm\u00f6glicht Ihrem Unternehmen einen nachhaltigeren Erfolg auf globaler Ebene.<\/p>\n<p><!-- \/wp:paragraph --><!-- wp:separator {\"blockClientId\":\"44821fa0-71c1-11ef-9991-05f033e485f8\"} --><\/p>\n<hr class=\"wp-block-separator has-alpha-channel-opacity gutenify-section-44821fa0-71c1-11ef-9991-05f033e485f8\" \/>\n<p><!-- \/wp:separator --><!-- wp:heading {\"level\":3,\"blockClientId\":\"448294d0-71c1-11ef-9991-05f033e485f8\"} --><\/p>\n<h3 id=\"h-the-advantages-of-polatco-s-services\" class=\"wp-block-heading gutenify-section-448294d0-71c1-11ef-9991-05f033e485f8\">Die Vorteile von PolatCo's Dienstleistungen<\/h3>\n<p><!-- \/wp:heading --><!-- wp:paragraph {\"blockClientId\":\"44833110-71c1-11ef-9991-05f033e485f8\"} --><\/p>\n<p class=\"gutenify-section-44833110-71c1-11ef-9991-05f033e485f8\">Wir von PolatCo machen den Unterschied auf dem globalen Markt durch die Vorteile, die unsere Dienstleistungen den Unternehmen bringen. Indem wir uns auf die Bed\u00fcrfnisse unserer Kunden konzentrieren, helfen unsere strategische Intelligenz und unser Expertenteam Unternehmen, ihren Wettbewerbsvorteil zu vergr\u00f6\u00dfern und nachhaltigen Erfolg zu erzielen.<\/p>\n<p><!-- \/wp:paragraph --><!-- wp:separator {\"blockClientId\":\"4483cd50-71c1-11ef-9991-05f033e485f8\"} --><\/p>\n<hr class=\"wp-block-separator has-alpha-channel-opacity gutenify-section-4483cd50-71c1-11ef-9991-05f033e485f8\" \/>\n<p><!-- \/wp:separator --><!-- wp:heading {\"level\":3,\"blockClientId\":\"44844280-71c1-11ef-9991-05f033e485f8\"} --><\/p>\n<h2><span style=\"color: #008000;\">Haben Sie Fragen?<\/span><\/h2>\n<p><!-- \/wp:heading --><!-- wp:paragraph {\"blockClientId\":\"4484b7b0-71c1-11ef-9991-05f033e485f8\"} --><\/p>\n<p class=\"gutenify-section-4484b7b0-71c1-11ef-9991-05f033e485f8\">Wir von PolatCo sind daf\u00fcr da, Unsicherheiten zu beseitigen und klare L\u00f6sungen f\u00fcr Ihre gesch\u00e4ftlichen Herausforderungen anzubieten. Unser erfahrenes Team ist bereit, Ihre Fragen zu beantworten und Ihnen zu helfen, Hindernisse zu \u00fcberwinden. Ganz gleich, ob Sie Ihre Gesch\u00e4ftsstrategien verfeinern, Ihren Wettbewerbsvorteil ausbauen oder sich \u00fcber Handelsprozesse beraten lassen m\u00f6chten, PolatCo ist f\u00fcr Sie da.<\/p>\n<p><!-- \/wp:paragraph --><!-- wp:separator {\"blockClientId\":\"4485c920-71c1-11ef-9991-05f033e485f8\"} --><\/p>\n<hr class=\"wp-block-separator has-alpha-channel-opacity gutenify-section-4485c920-71c1-11ef-9991-05f033e485f8\" \/>\n<p><!-- \/wp:separator --><\/p>\t\t\t\t\t\t<\/div>\n\t\t\t\t<\/div>\n\t\t\t\t\t<\/div>\n\t\t<\/div>\n\t\t\t\t\t<\/div>\n\t\t<\/section>\n\t\t\t\t<\/div>","protected":false},"excerpt":{"rendered":"<p>About Us at Market Research for Business Growth Market Research for Business Growth At PolatCo [&hellip;]<\/p>","protected":false},"author":1,"featured_media":0,"parent":0,"menu_order":0,"comment_status":"closed","ping_status":"closed","template":"elementor_theme","meta":{"gutenify_custom_css":"","gutenify_custom_css_data":"","footnotes":""},"class_list":["post-4483","page","type-page","status-publish","hentry"],"yoast_head":"<!-- This site is optimized with the Yoast SEO Premium plugin v21.7 (Yoast SEO v23.6) - https:\/\/yoast.com\/wordpress\/plugins\/seo\/ -->\n<title>Market Research for Business Growth | PolatCo Consulting - PolatCo Business Consulting<\/title>\n<meta name=\"robots\" content=\"index, follow, max-snippet:-1, max-image-preview:large, max-video-preview:-1\" \/>\n<link rel=\"canonical\" href=\"https:\/\/www.polatco.com\/de\/marktforschung-fur-unternehmenswachstum-polatco-consulting\/\" \/>\n<meta property=\"og:locale\" content=\"de_DE\" \/>\n<meta property=\"og:type\" content=\"article\" \/>\n<meta property=\"og:title\" content=\"Market Research for Business Growth | PolatCo Consulting\" \/>\n<meta property=\"og:description\" content=\"About Us at Market Research for Business Growth Market Research for Business Growth At PolatCo [&hellip;]\" \/>\n<meta property=\"og:url\" content=\"https:\/\/www.polatco.com\/de\/marktforschung-fur-unternehmenswachstum-polatco-consulting\/\" \/>\n<meta property=\"og:site_name\" content=\"PolatCo Business Consulting\" \/>\n<meta property=\"article:publisher\" content=\"https:\/\/www.facebook.com\/polatcosocial\" \/>\n<meta property=\"article:modified_time\" content=\"2024-09-14T09:24:37+00:00\" \/>\n<meta property=\"og:image\" content=\"https:\/\/www.polatco.com\/wp-content\/uploads\/2024\/09\/market-research.png\" \/>\n<meta name=\"twitter:card\" content=\"summary_large_image\" \/>\n<meta name=\"twitter:site\" content=\"@polatcoofficial\" \/>\n<meta name=\"twitter:label1\" content=\"Gesch\u00e4tzte Lesezeit\" \/>\n\t<meta name=\"twitter:data1\" content=\"3\u00a0Minuten\" \/>\n<script type=\"application\/ld+json\" class=\"yoast-schema-graph\">{\"@context\":\"https:\/\/schema.org\",\"@graph\":[{\"@type\":\"WebPage\",\"@id\":\"https:\/\/www.polatco.com\/market-research-for-business-growth-polatco-consulting\/\",\"url\":\"https:\/\/www.polatco.com\/market-research-for-business-growth-polatco-consulting\/\",\"name\":\"Market Research for Business Growth | PolatCo Consulting - PolatCo Business Consulting\",\"isPartOf\":{\"@id\":\"https:\/\/www.polatco.com\/#website\"},\"primaryImageOfPage\":{\"@id\":\"https:\/\/www.polatco.com\/market-research-for-business-growth-polatco-consulting\/#primaryimage\"},\"image\":{\"@id\":\"https:\/\/www.polatco.com\/market-research-for-business-growth-polatco-consulting\/#primaryimage\"},\"thumbnailUrl\":\"https:\/\/www.polatco.com\/wp-content\/uploads\/2024\/09\/market-research.png\",\"datePublished\":\"2024-09-13T13:17:26+00:00\",\"dateModified\":\"2024-09-14T09:24:37+00:00\",\"breadcrumb\":{\"@id\":\"https:\/\/www.polatco.com\/market-research-for-business-growth-polatco-consulting\/#breadcrumb\"},\"inLanguage\":\"de\",\"potentialAction\":[{\"@type\":\"ReadAction\",\"target\":[\"https:\/\/www.polatco.com\/market-research-for-business-growth-polatco-consulting\/\"]}]},{\"@type\":\"ImageObject\",\"inLanguage\":\"de\",\"@id\":\"https:\/\/www.polatco.com\/market-research-for-business-growth-polatco-consulting\/#primaryimage\",\"url\":\"https:\/\/www.polatco.com\/wp-content\/uploads\/2024\/09\/market-research.png\",\"contentUrl\":\"https:\/\/www.polatco.com\/wp-content\/uploads\/2024\/09\/market-research.png\"},{\"@type\":\"BreadcrumbList\",\"@id\":\"https:\/\/www.polatco.com\/market-research-for-business-growth-polatco-consulting\/#breadcrumb\",\"itemListElement\":[{\"@type\":\"ListItem\",\"position\":1,\"name\":\"Home\",\"item\":\"https:\/\/www.polatco.com\/\"},{\"@type\":\"ListItem\",\"position\":2,\"name\":\"Market Research for Business Growth | PolatCo Consulting\"}]},{\"@type\":\"WebSite\",\"@id\":\"https:\/\/www.polatco.com\/#website\",\"url\":\"https:\/\/www.polatco.com\/\",\"name\":\"PolatCo Business Consulting\",\"description\":\"Specializing in business consulting, we offer comprehensive solutions in strategic management, financial analysis, and operational excellence. Join us to improve your business and gain a competitive edge\",\"publisher\":{\"@id\":\"https:\/\/www.polatco.com\/#organization\"},\"potentialAction\":[{\"@type\":\"SearchAction\",\"target\":{\"@type\":\"EntryPoint\",\"urlTemplate\":\"https:\/\/www.polatco.com\/?s={search_term_string}\"},\"query-input\":{\"@type\":\"PropertyValueSpecification\",\"valueRequired\":true,\"valueName\":\"search_term_string\"}}],\"inLanguage\":\"de\"},{\"@type\":\"Organization\",\"@id\":\"https:\/\/www.polatco.com\/#organization\",\"name\":\"PolatCo Business Consulting\",\"url\":\"https:\/\/www.polatco.com\/\",\"logo\":{\"@type\":\"ImageObject\",\"inLanguage\":\"de\",\"@id\":\"https:\/\/www.polatco.com\/#\/schema\/logo\/image\/\",\"url\":\"https:\/\/www.polatco.com\/wp-content\/uploads\/2024\/01\/polatco-logo-hd.png\",\"contentUrl\":\"https:\/\/www.polatco.com\/wp-content\/uploads\/2024\/01\/polatco-logo-hd.png\",\"width\":500,\"height\":500,\"caption\":\"PolatCo Business Consulting\"},\"image\":{\"@id\":\"https:\/\/www.polatco.com\/#\/schema\/logo\/image\/\"},\"sameAs\":[\"https:\/\/www.facebook.com\/polatcosocial\",\"https:\/\/x.com\/polatcoofficial\"]}]}<\/script>\n<!-- \/ Yoast SEO Premium plugin. -->","yoast_head_json":{"title":"Market Research for Business Growth | PolatCo Consulting - PolatCo Business Consulting","robots":{"index":"index","follow":"follow","max-snippet":"max-snippet:-1","max-image-preview":"max-image-preview:large","max-video-preview":"max-video-preview:-1"},"canonical":"https:\/\/www.polatco.com\/de\/marktforschung-fur-unternehmenswachstum-polatco-consulting\/","og_locale":"de_DE","og_type":"article","og_title":"Market Research for Business Growth | PolatCo Consulting","og_description":"About Us at Market Research for Business Growth Market Research for Business Growth At PolatCo [&hellip;]","og_url":"https:\/\/www.polatco.com\/de\/marktforschung-fur-unternehmenswachstum-polatco-consulting\/","og_site_name":"PolatCo Business Consulting","article_publisher":"https:\/\/www.facebook.com\/polatcosocial","article_modified_time":"2024-09-14T09:24:37+00:00","og_image":[{"url":"https:\/\/www.polatco.com\/wp-content\/uploads\/2024\/09\/market-research.png"}],"twitter_card":"summary_large_image","twitter_site":"@polatcoofficial","twitter_misc":{"Gesch\u00e4tzte Lesezeit":"3\u00a0Minuten"},"schema":{"@context":"https:\/\/schema.org","@graph":[{"@type":"WebPage","@id":"https:\/\/www.polatco.com\/market-research-for-business-growth-polatco-consulting\/","url":"https:\/\/www.polatco.com\/market-research-for-business-growth-polatco-consulting\/","name":"Market Research for Business Growth | PolatCo Consulting - PolatCo Business Consulting","isPartOf":{"@id":"https:\/\/www.polatco.com\/#website"},"primaryImageOfPage":{"@id":"https:\/\/www.polatco.com\/market-research-for-business-growth-polatco-consulting\/#primaryimage"},"image":{"@id":"https:\/\/www.polatco.com\/market-research-for-business-growth-polatco-consulting\/#primaryimage"},"thumbnailUrl":"https:\/\/www.polatco.com\/wp-content\/uploads\/2024\/09\/market-research.png","datePublished":"2024-09-13T13:17:26+00:00","dateModified":"2024-09-14T09:24:37+00:00","breadcrumb":{"@id":"https:\/\/www.polatco.com\/market-research-for-business-growth-polatco-consulting\/#breadcrumb"},"inLanguage":"de","potentialAction":[{"@type":"ReadAction","target":["https:\/\/www.polatco.com\/market-research-for-business-growth-polatco-consulting\/"]}]},{"@type":"ImageObject","inLanguage":"de","@id":"https:\/\/www.polatco.com\/market-research-for-business-growth-polatco-consulting\/#primaryimage","url":"https:\/\/www.polatco.com\/wp-content\/uploads\/2024\/09\/market-research.png","contentUrl":"https:\/\/www.polatco.com\/wp-content\/uploads\/2024\/09\/market-research.png"},{"@type":"BreadcrumbList","@id":"https:\/\/www.polatco.com\/market-research-for-business-growth-polatco-consulting\/#breadcrumb","itemListElement":[{"@type":"ListItem","position":1,"name":"Home","item":"https:\/\/www.polatco.com\/"},{"@type":"ListItem","position":2,"name":"Market Research for Business Growth | PolatCo Consulting"}]},{"@type":"WebSite","@id":"https:\/\/www.polatco.com\/#website","url":"https:\/\/www.polatco.com\/","name":"PolatCo Business Consulting","description":"Specializing in business consulting, we offer comprehensive solutions in strategic management, financial analysis, and operational excellence. Join us to improve your business and gain a competitive edge","publisher":{"@id":"https:\/\/www.polatco.com\/#organization"},"potentialAction":[{"@type":"SearchAction","target":{"@type":"EntryPoint","urlTemplate":"https:\/\/www.polatco.com\/?s={search_term_string}"},"query-input":{"@type":"PropertyValueSpecification","valueRequired":true,"valueName":"search_term_string"}}],"inLanguage":"de"},{"@type":"Organization","@id":"https:\/\/www.polatco.com\/#organization","name":"PolatCo Business Consulting","url":"https:\/\/www.polatco.com\/","logo":{"@type":"ImageObject","inLanguage":"de","@id":"https:\/\/www.polatco.com\/#\/schema\/logo\/image\/","url":"https:\/\/www.polatco.com\/wp-content\/uploads\/2024\/01\/polatco-logo-hd.png","contentUrl":"https:\/\/www.polatco.com\/wp-content\/uploads\/2024\/01\/polatco-logo-hd.png","width":500,"height":500,"caption":"PolatCo Business Consulting"},"image":{"@id":"https:\/\/www.polatco.com\/#\/schema\/logo\/image\/"},"sameAs":["https:\/\/www.facebook.com\/polatcosocial","https:\/\/x.com\/polatcoofficial"]}]}},"jetpack_sharing_enabled":true,"_links":{"self":[{"href":"https:\/\/www.polatco.com\/de\/wp-json\/wp\/v2\/pages\/4483","targetHints":{"allow":["GET"]}}],"collection":[{"href":"https:\/\/www.polatco.com\/de\/wp-json\/wp\/v2\/pages"}],"about":[{"href":"https:\/\/www.polatco.com\/de\/wp-json\/wp\/v2\/types\/page"}],"author":[{"embeddable":true,"href":"https:\/\/www.polatco.com\/de\/wp-json\/wp\/v2\/users\/1"}],"replies":[{"embeddable":true,"href":"https:\/\/www.polatco.com\/de\/wp-json\/wp\/v2\/comments?post=4483"}],"version-history":[{"count":32,"href":"https:\/\/www.polatco.com\/de\/wp-json\/wp\/v2\/pages\/4483\/revisions"}],"predecessor-version":[{"id":4533,"href":"https:\/\/www.polatco.com\/de\/wp-json\/wp\/v2\/pages\/4483\/revisions\/4533"}],"wp:attachment":[{"href":"https:\/\/www.polatco.com\/de\/wp-json\/wp\/v2\/media?parent=4483"}],"curies":[{"name":"wp","href":"https:\/\/api.w.org\/{rel}","templated":true}]}}